{"id":1019,"date":"2021-06-03T10:24:58","date_gmt":"2021-06-03T10:24:58","guid":{"rendered":"http:\/\/thomas-schleiken.com\/?page_id=1019"},"modified":"2021-08-10T12:15:13","modified_gmt":"2021-08-10T12:15:13","slug":"erfolgreich-scheitern-im-personalgespraech-und-wie-man-es-vermeidet","status":"publish","type":"page","link":"http:\/\/thomas-schleiken.com\/?page_id=1019","title":{"rendered":"ERFOLGREICH SCHEITERN IM PERSONALGESPR\u00c4CH UND WIE MAN ES VERMEIDET"},"content":{"rendered":"\n<figure class=\"wp-block-image size-large\"><img loading=\"lazy\" decoding=\"async\" width=\"984\" height=\"311\" src=\"http:\/\/thomas-schleiken.com\/wp-content\/uploads\/2021\/06\/Erfolgreich-scheitern-Logo-Website.jpg\" alt=\"\" class=\"wp-image-1015\" srcset=\"http:\/\/thomas-schleiken.com\/wp-content\/uploads\/2021\/06\/Erfolgreich-scheitern-Logo-Website.jpg 984w, http:\/\/thomas-schleiken.com\/wp-content\/uploads\/2021\/06\/Erfolgreich-scheitern-Logo-Website-300x95.jpg 300w, http:\/\/thomas-schleiken.com\/wp-content\/uploads\/2021\/06\/Erfolgreich-scheitern-Logo-Website-768x243.jpg 768w\" sizes=\"auto, (max-width: 767px) 89vw, (max-width: 1000px) 54vw, (max-width: 1071px) 543px, 580px\" \/><\/figure>\n\n\n\n<h2 class=\"wp-block-heading\">INTENSIVSEMINAR F\u00dcR F\u00dcHRUNGSKR\u00c4FTE<\/h2>\n\n\n\n<h4 class=\"wp-block-heading\">DEIN NUTZEN<\/h4>\n\n\n\n<p>Wer kennt nicht die schr\u00e4gen Situationen im Personalgespr\u00e4ch? Neben Stress, das belegt eine j\u00fcngere Studie des Verlags f\u00fcr die deutsche Wirtschaft, z\u00e4hlen schwierige Gespr\u00e4chssituationen zu zu den gr\u00f6\u00dften Herausforderungen im F\u00fchrungsalltag. Wenn delegierte Aufgaben nicht erf\u00fcllt werden, die Leistung zu w\u00fcnschen \u00fcbrig l\u00e4sst, Termine oder Budgetrahmen nicht eingehalten werden, wenn in der Folge Beziehungen zu Zulieferern oder gar zu Kunden leiden, dann ist deine ganze F\u00fchrungskunst gefragt.<br>Doch die Fallstricke f\u00fcr das Scheitern in solchen Situationen sind zahlreich. Ergebnisgerichtet zu bleiben und gleichzeitig die Fettn\u00e4pfchen zu erkennen und ihnen erfolgreich auszuweichen, will gelernt sein.<br>Genau das ist das Thema dieses Seminars: Wie du erfolgreich scheiterst in Personalgespr\u00e4chen und vor allem, wie du es verhinderst, das lernst du hier. Hol dir das Wissen und melde dich doch heute an.<\/p>\n\n\n\n<h4 class=\"wp-block-heading\">F\u00dcR WEN?<\/h4>\n\n\n\n<p>Du hast F\u00fchrungsverantwortung und m\u00f6chtest deine Personalgespr\u00e4che noch erfolgreicher f\u00fchren? In diesem Seminar bekommst du alle wichtigen Zutaten f\u00fcr dein Erfolgrsrezept.<\/p>\n\n\n\n<h4 class=\"wp-block-heading\">LEITTHEMEN\/LEITFRAGEN<\/h4>\n\n\n\n<ul class=\"wp-block-list\"><li>Was ist das Erfolgsrezept des Scheiterns?<\/li><li>Kann man sich \u00fcberhaupt angemessen auf das Gespr\u00e4ch vorbereiten? Und wenn ja, wie?<\/li><li>Den Einstieg ins Gespr\u00e4ch vermasseln oder eben auch nicht.<\/li><li>Probleme, Konflikte, Widerstand &#8211; wozu die Unterschiede?<\/li><li>Worauf achte ich bei der Gespr\u00e4chsf\u00fchrung?<\/li><li>Was ist wichtig, wenn ich aus der Distanz f\u00fchre?<\/li><li>Was sind l\u00f6sungsorientierte Gespr\u00e4chstechniken und wie setze ich sie sinnvoll ein?<\/li><li>Wie hilft das systemische Fragenrepertoire?<\/li><li>Was sagt mir die K\u00f6rpersprache?<\/li><li>Sticheleien, verletzte Eitelkeiten, Neid &#8211; Wie gehe ich mit diesen und anderen Gef\u00fchlen am besten um?<\/li><li>Wie erkenne ich eskalierendes Verhalten und was kann ich da am besten tun?<\/li><li>Wie erkenne ich Verstrickungen und Grenzen? Wie gehe ich mit ihnen um?<\/li><li>Wie kann ich meinen Standpunkt angriffsfrei darlegen?<\/li><li>Wie sichere ich meine Akzeptanz als F\u00fchrungskraft?<\/li><li>Einigung erzielen und Ergebnisverbindlichkeit &#8211; wie mache ich das?<\/li><\/ul>\n\n\n\n<h4 class=\"wp-block-heading\">TERMIN\/ORT<\/h4>\n\n\n\n<p>09.09.21, 10.00 Uhr \u2013 09.09.21, 17.00 Uhr<br>Evangelische G\u00e4steh\u00e4user Sandkrug<br>Oldenurger Weg 1<br>26209 Hatten (Niedersachsen)<\/p>\n\n\n\n<h4 class=\"wp-block-heading\">TEILNEHMERZAHL<\/h4>\n\n\n\n<p>max. 12 Personen<\/p>\n\n\n\n<h4 class=\"wp-block-heading\">INVESTITION<\/h4>\n\n\n\n<p>Kursgeb\u00fchr: 650,\u2013 Euro (zuz\u00fcglich 19 % Mehrwertsteuer)<br>Enthalten ist die Tagungspauschale (Tagungsraum,Tagungsgetr\u00e4nke, Mittagessen), die digitale Seminardokumentation sowie die Teilnahmebescheinigung.<\/p>\n\n\n\n<h4 class=\"wp-block-heading\">ANMELDEBEDINGUNGEN<\/h4>\n\n\n\n<p>Die Rechnung f\u00fcr die Teilnahme wird nach dem Seminar zugesandt. Die Anmeldung zum Seminar gilt als verbindlich. Bei R\u00fccktritt bis zwei Wochen vor dem Seminar wird eine Stornogeb\u00fchr von 100,- Euro in Rechnung gestellt. Bei sp\u00e4terem R\u00fccktritt ohne Benennung eines jeweiligen Ersatzteilnehmers wird die gesamte Seminargeb\u00fchr in H\u00f6he von 650,- Euro f\u00e4llig. Die genannten Preise verstehen sich zuz\u00fcglich der gesetzlichen Mehrwertsteuer. Im Falle einer zu geringen Teilnehmerzahl behalte ich mir vor, das Seminar sp\u00e4testens f\u00fcnf Werktage vor Seminarstart abzusagen.<\/p>\n\n\n\n<div class=\"wp-block-buttons is-layout-flex wp-block-buttons-is-layout-flex\"><\/div>\n\n\n\n<div class=\"wp-block-file\"><a href=\"http:\/\/thomas-schleiken.com\/wp-content\/uploads\/2021\/06\/Flyer-Erfolreich-scheitern-im-Personalgespraech-210909.pdf\"><em>Flyer zum kostenlosen Download<\/em><\/a><a href=\"http:\/\/thomas-schleiken.com\/wp-content\/uploads\/2021\/06\/Flyer-Erfolreich-scheitern-im-Personalgespraech-210909.pdf\" class=\"wp-block-file__button\" download>Herunterladen<\/a><\/div>\n\n\n\n<div class=\"wp-block-buttons is-layout-flex wp-block-buttons-is-layout-flex\">\n<div class=\"wp-block-button\"><a class=\"wp-block-button__link\" href=\"mailto:schleikentcc@t-online.de\">Anmeldung per eMail<\/a><\/div>\n<\/div>\n","protected":false},"excerpt":{"rendered":"<p>INTENSIVSEMINAR F\u00dcR F\u00dcHRUNGSKR\u00c4FTE DEIN NUTZEN Wer kennt nicht die schr\u00e4gen Situationen im Personalgespr\u00e4ch? Neben Stress, das belegt eine j\u00fcngere Studie des Verlags f\u00fcr die deutsche Wirtschaft, z\u00e4hlen schwierige Gespr\u00e4chssituationen zu zu den gr\u00f6\u00dften Herausforderungen im F\u00fchrungsalltag. Wenn delegierte Aufgaben nicht erf\u00fcllt werden, die Leistung zu w\u00fcnschen \u00fcbrig l\u00e4sst, Termine oder Budgetrahmen nicht eingehalten werden, wenn &hellip; <\/p>\n<p class=\"link-more\"><a href=\"http:\/\/thomas-schleiken.com\/?page_id=1019\" class=\"more-link\"><span class=\"screen-reader-text\">\u201eERFOLGREICH SCHEITERN IM PERSONALGESPR\u00c4CH UND WIE MAN ES VERMEIDET\u201c<\/span> weiterlesen<\/a><\/p>\n","protected":false},"author":1,"featured_media":0,"parent":0,"menu_order":0,"comment_status":"closed","ping_status":"closed","template":"","meta":{"footnotes":""},"class_list":["post-1019","page","type-page","status-publish","hentry"],"_links":{"self":[{"href":"http:\/\/thomas-schleiken.com\/index.php?rest_route=\/wp\/v2\/pages\/1019","targetHints":{"allow":["GET"]}}],"collection":[{"href":"http:\/\/thomas-schleiken.com\/index.php?rest_route=\/wp\/v2\/pages"}],"about":[{"href":"http:\/\/thomas-schleiken.com\/index.php?rest_route=\/wp\/v2\/types\/page"}],"author":[{"embeddable":true,"href":"http:\/\/thomas-schleiken.com\/index.php?rest_route=\/wp\/v2\/users\/1"}],"replies":[{"embeddable":true,"href":"http:\/\/thomas-schleiken.com\/index.php?rest_route=%2Fwp%2Fv2%2Fcomments&post=1019"}],"version-history":[{"count":3,"href":"http:\/\/thomas-schleiken.com\/index.php?rest_route=\/wp\/v2\/pages\/1019\/revisions"}],"predecessor-version":[{"id":1030,"href":"http:\/\/thomas-schleiken.com\/index.php?rest_route=\/wp\/v2\/pages\/1019\/revisions\/1030"}],"wp:attachment":[{"href":"http:\/\/thomas-schleiken.com\/index.php?rest_route=%2Fwp%2Fv2%2Fmedia&parent=1019"}],"curies":[{"name":"wp","href":"https:\/\/api.w.org\/{rel}","templated":true}]}}