{"id":1083,"date":"2021-08-02T09:46:12","date_gmt":"2021-08-02T09:46:12","guid":{"rendered":"http:\/\/thomas-schleiken.com\/?page_id=1083"},"modified":"2026-04-14T17:49:37","modified_gmt":"2026-04-14T17:49:37","slug":"weiterbildung-systemische-beratung-qualifizierung-zum-coach","status":"publish","type":"page","link":"http:\/\/thomas-schleiken.com\/?page_id=1083","title":{"rendered":"WEITERBILDUNG SYSTEMISCHE BERATUNG &#8211; QUALIFIZIERUNG ZUM COACH"},"content":{"rendered":"\n<p>zertifiziert <em>nach den Standards der DGfC<\/em><\/p>\n\n\n\n<figure class=\"wp-block-image size-large\"><img loading=\"lazy\" decoding=\"async\" width=\"1024\" height=\"471\" src=\"http:\/\/thomas-schleiken.com\/wp-content\/uploads\/2021\/07\/IMG_8276_bearb_gespiegelt_flach_kl-1024x471.jpg\" alt=\"\" class=\"wp-image-1085\" srcset=\"http:\/\/thomas-schleiken.com\/wp-content\/uploads\/2021\/07\/IMG_8276_bearb_gespiegelt_flach_kl-1024x471.jpg 1024w, http:\/\/thomas-schleiken.com\/wp-content\/uploads\/2021\/07\/IMG_8276_bearb_gespiegelt_flach_kl-300x138.jpg 300w, http:\/\/thomas-schleiken.com\/wp-content\/uploads\/2021\/07\/IMG_8276_bearb_gespiegelt_flach_kl-768x354.jpg 768w, http:\/\/thomas-schleiken.com\/wp-content\/uploads\/2021\/07\/IMG_8276_bearb_gespiegelt_flach_kl-1536x707.jpg 1536w, http:\/\/thomas-schleiken.com\/wp-content\/uploads\/2021\/07\/IMG_8276_bearb_gespiegelt_flach_kl-2048x943.jpg 2048w\" sizes=\"auto, (max-width: 767px) 89vw, (max-width: 1000px) 54vw, (max-width: 1071px) 543px, 580px\" \/><\/figure>\n\n\n\n<h2 class=\"wp-block-heading\">WEITERBILDUNG<br><strong>SYSTEMISCHE BERATUNG &#8211; QUALIFIZIERUNG ZUM COACH<\/strong><\/h2>\n\n\n\n<p>DAS ORIGINAL! *<\/p>\n\n\n\n<p> <em>Bitte beachte die Teilnahmevoraussetzungen. Die Weiterbildung ist zertifiziert nach den<br>Standards der Deutschen Gesellschaft f\u00fcr Coaching e.V. (DGfC). F\u00fcr den erfolgreichen<br>Abschluss der Weiterbildung, einschlie\u00dflich der erforderlichen Zusatzleistungen<br>(Kollegiales Coaching, Coachingpraxis, Lehrcoaching, Abschlussarbeit und Kolloquium)<br>erh\u00e4ltst du durch eine Mitgliedschaft in der DGfC die Berechtigung, die Bezeichnung<br>&#8222;Coach DGfC&#8220; zu f\u00fchren.<\/em><\/p>\n\n\n\n<h4 class=\"wp-block-heading\">DEIN NUTZEN<\/h4>\n\n\n\n<p>Die Systemische Beratung ist im Reigen der Beratungsans\u00e4tze heute weitgehend Standard. In dieser Weiterbildung erlernst du die praktischen Fragestellungen der Beratung\/des Coachings auf der Basis systemtheoretischer Konzepte (neu) zu erfassen und zu handhaben. Du gewinnst Klarheit f\u00fcr deine Professionalisierung als systemische\/r Berater\/in\/Coach und festigst dein Selbstverst\u00e4ndnis.<\/p>\n\n\n\n<p>Das systemische Denken und Handeln in der Beratung\/im Coaching vermittelt vielf\u00e4ltige Kompetenzen. Dazu z\u00e4hlen insbesondere Subjektkompetenz, Rollenkompetenz, soziale Kompetenz, Wertekompetenz, Gesellschaftskompetenz, Methodenkompetenz und Ver\u00e4nderungskompetenz. In den Kursen lernst du die wichtigsten Interventionsstrategien kennen und erprobst sie. Impulsvortr\u00e4ge und Diskussionen zu den theoretischen Konzepten liefern das grundlegende R\u00fcstzeug. Du reflektierst konkrete F\u00e4lle aus der Alltagspraxis und erkundest die Methoden praktisch. Das erlebnis- und erfahrungsorientierte Lernen steht dabei stets im Vordergrund.<\/p>\n\n\n\n<h3 class=\"wp-block-heading\"><strong>GRUNDKURS<br>SYSTEMISCHE BERATUNG &#8211; QUALIFIZIERUNG ZUM COACH<\/strong><\/h3>\n\n\n\n<p><em>nach den Standards der DGfC<\/em><\/p>\n\n\n\n<p>Die Grundlage f\u00fcr deine Qualifikation zum systemischen Berater und Coach bildet der Grundkurs. Hier erlernst du systematisch das theoretische R\u00fcstzeug und die grundlegenden Techniken der Beratung und des Coachings. Wir starten bei den Basics der systemischen Theorie und Beratung, bewegen uns \u00fcber die Hypothesenbildung und das Fragenrepertoire hin zu den Interventionen in unterschiedlichen Kontexten. Auch schauen wir auf den Aufbau eines schl\u00fcssigen Beratungs- und Coachingprozesses.<\/p>\n\n\n\n<p>Du bist t\u00e4tig als F\u00fchrungskraft, in der Personal- oder Organisationsentwicklung eines Betriebes, als Fachkraft im therapeutischen oder p\u00e4dagogischen Bereich? Du bist im engeren oder weiteren Sinne in der Beratung t\u00e4tig oder strebst dies an? Du praktizierst bereits Beratung, Coaching, Supervision? Du m\u00f6chtest dazu den systemischen Beratungs- und Coachingansatz detaillierter erkunden und ihn f\u00fcr deine Praxis nutzen? Ob du bereits Erfahrungen gesammelt hast oder die Beratungs- bzw. Coachingpraxis f\u00fcr dich Neuland ist, dies ist die Veranstaltungsreihe f\u00fcr deinen Beratungs-\/Coachingerfolg. Du entwickelst Klarheit zu deinen Fragestellungen, erkennst deine eigenen Kompetenzen und Ressourcen und gelangst so zu einem motivierenden Selbstvertrauen im Umgang mit dem systemischen Beratungs-Know-how. Mit Menschen aus unterschiedlichen Berufs- und Handlungsfeldern blickst du \u00fcber den Tellerrand und profitierst vom Austausch unterschiedlicher Kompetenzen und Perspektiven.<\/p>\n\n\n\n<p>Weiterf\u00fchrende Informationen findest Du zum Download weiter unten unter &#8222;&#8220;Orte (Partnerbetriebe) und Termine&#8220;.<\/p>\n\n\n\n<h3 class=\"wp-block-heading\"><strong>AUFBAUKURS<br>SYSTEMISCHE BERATUNG &#8211; QUALIFIZIERUNG ZUM COACH<\/strong><\/h3>\n\n\n\n<p><em>nach den Standards der DGfC<\/em><\/p>\n\n\n\n<p>Im Aufbaukurs vertiefst und erweiterst du deine Kompetenz in systemischer Beratung. Du betreibst begleitend Coachingpraxis und reflektierst sie im Kursverlauf, im Lehrcoaching sowie in kollegialen Gruppen. Auf diese Weise verdichtet sich der Aufbaukurs in Richtung der eigenen Beratungspraxis. Dabei kn\u00fcpfen wir immer wieder an die im Grundkurs gelegten theoretischen Fundamente an. So festigt sich dein Know-how. Du entwickelst authentische Pr\u00e4senz im Coaching, Klarheit und eine f\u00fcr dich stimmige Ausrichtung.<\/p>\n\n\n\n<p>Inhaltlich starten wir bei den Besonderheiten im Umgang mit Komplexit\u00e4t, weiten den Blick \u00fcber die Vielfalt an Methoden f\u00fcr den Coachingalltag, tauchen ein in Sonderformen des Coachings sowie in die digitale Beratungswelt, bevor du deine Coaching-Kompetenz vollends entfaltest und einen mutigen Blick in die Zukunft wagst.<\/p>\n\n\n\n<p>Weiterf\u00fchrende Informationen findest Du zum Download weiter unten unter &#8222;&#8220;Orte (Partnerbetriebe) und Termine&#8220;.<\/p>\n\n\n\n<h4 class=\"wp-block-heading\">Dein Gastgeber und Seminarleiter<\/h4>\n\n\n\n<p><strong>Thomas Schleiken<\/strong> &#8211; ich bin der Kopf hinter \u201eThomas Schleiken \u2013 Training, Coaching, Consulting\u201c und hinter BLIND LEMON RECORDS. Als Dipl.-Betriebswirt (mit zus\u00e4tzlichen Studienanteilen in Soziologie, Sozialpsychologie und Philosophie) arbeite ich seit 30 Jahren Jahren als systemischer Organisationsberater, Trainer und Coach mit \u00fcberwiegend privatwirtschaftlichen und \u00f6ffentlichen Betrieben zusammen. Auch in der Arbeit mit NPO, sozialen und kirchlichen Tr\u00e4gern verf\u00fcge ich \u00fcber umf\u00e4ngliche Feldkompetenz. Als CEO von BLIND LEMON RECORDS und Musiker resonieren zudem musische und kreative Aspekte in meiner Arbeit. Ich verf\u00fcge \u00fcber unfangreiche Erfahrungen im Vertrieb (Gro\u00df- und Au\u00dfenhandel), Management (Konzern), als K\u00fcnstler und als Unternehmer. Au\u00dferdem bin ich Senior- und Lehrcoach DGfC, certified Coach RTC, Coach DFC und infosyon certified MASTER TRAINER. Mein systemisch fundiertes und praxiserprobtes Know-how gebe ich in meinen Kursen und in einer Vielzahl an Publikationen mit Begeisterung weiter.<\/p>\n\n\n\n<h4 class=\"wp-block-heading\">Zertifizierung<\/h4>\n\n\n\n<p>Nach erfolgreichem Anschluss der Weiterbildung (Grund- und Aufbaukurs) erhalten die Teilnehmerinnen und Teilnehmer durch die Mitgliedschaft in der DGfC die Berechtigung, die Bezeichnung \u201eCoach DGfC\u201c zu f\u00fchren.<\/p>\n\n\n\n<h4 class=\"wp-block-heading\">Orte (Partnerbetriebe) und Termine<\/h4>\n\n\n\n<p><strong>Bremer VHS<\/strong>, Durchf\u00fchrungsort: Bremen<\/p>\n\n\n\n<p><strong><em>Grundkurs<\/em><\/strong><\/p>\n\n\n\n<p>Modul 1: 19.03.2026 &#8211; 21.03.2026<br>Modul 2: 11.06.2026 &#8211; 13.06.2026<br>Modul 3: 13.08.2026 &#8211; 15.08.2026<br>Modul 4: 05.11.2026 &#8211; 07.11.2026<\/p>\n\n\n\n<p><strong><em>Grundkurs<\/em><\/strong><\/p>\n\n\n\n<p>Modul 1: 20.08.2026 &#8211; 22.08.2026<br>Modul 2: 22.10.2026 &#8211; 24.10.2026<br>Modul 3: 07.01.2027 &#8211; 09.01.2027<br>Modul 4: 18.03.2027 &#8211; 20.03.2027<\/p>\n\n\n\n<p><strong><em>Aufbaukurs<\/em><\/strong><\/p>\n\n\n\n<p>Modul 5: 05.03.2026 &#8211; 07.03.2026<br>Modul 6: 04.06.2026 &#8211; 06.06.2026<br>Modul 7: 08.10.2026 &#8211; 10.10.2026<br>Modul 8: 04.03.2027 &#8211; 06.03.2027<\/p>\n\n\n\n<p><strong><em>Aufbaukurs<\/em><\/strong><\/p>\n\n\n\n<p>Modul 5: 22.04.2027 &#8211; 24.04.2027<br>Modul 6: 19.08.2027 &#8211; 21.08.2027<br>Modul 3: 09.12.2027 &#8211; 11.12.2027<br>Modul 4: 27.04.2028 &#8211; 29.04.2028<br><\/p>\n\n\n\n<p><em>Kostenoser digitaler Infoabend (via Zoom):<\/em><br>Do. 05.02.2026, 17:30 Uhr<br>Mo. 09.03.2026, 18:00 Uhr<br>Mi. 08.04,2026, 19:00 Uhr<br>Di. 19.05.2026, 18:00 Uhr<br>Mi. 24.06.2026, 18:00 Uhr<\/p>\n\n\n\n<p><br><em>Anmeldung per eMail an schleikentcc@t-online.de<\/em><br>Du m\u00f6chtest am kostenlosen digitalen Infoabend teilnehmen? Dann sende mir eine eMail unter Angabe des Termins an schleikentcc@t-online.de und du bekommst von mir die Einwahldaten.<\/p>\n\n\n\n<div class=\"wp-block-file\"><a id=\"wp-block-file--media-6c0d5d75-2884-46a5-bc7b-83f2e06d212a\" href=\"http:\/\/thomas-schleiken.com\/wp-content\/uploads\/2024\/11\/24-10-28_Systemisches_Coaching_06_-25_E-Mail.pdf\"><em>Systemische Beratung &#8211; Qualifizierung zum Coach &#8211; Bremer VHS<\/em><br><em>Brosch\u00fcre email<\/em>l<\/a><a href=\"http:\/\/thomas-schleiken.com\/wp-content\/uploads\/2024\/11\/24-10-28_Systemisches_Coaching_06_-25_E-Mail.pdf\" class=\"wp-block-file__button wp-element-button\" download aria-describedby=\"wp-block-file--media-6c0d5d75-2884-46a5-bc7b-83f2e06d212a\">Herunterladen<\/a><\/div>\n\n\n\n<div class=\"wp-block-file\"><a id=\"wp-block-file--media-bba14cbc-f7c8-48b2-a9e5-53b54e8217c2\" href=\"http:\/\/thomas-schleiken.com\/wp-content\/uploads\/2024\/11\/24-10-28_Systemisches_Coaching_06_-25_Druck.pdf\"><em>Systemische Beratung &#8211; Qualifizierung zum Coach &#8211; Bremer VHS<br>Brosch\u00fcre Druck<\/em><\/a><a href=\"http:\/\/thomas-schleiken.com\/wp-content\/uploads\/2024\/11\/24-10-28_Systemisches_Coaching_06_-25_Druck.pdf\" class=\"wp-block-file__button wp-element-button\" download aria-describedby=\"wp-block-file--media-bba14cbc-f7c8-48b2-a9e5-53b54e8217c2\">Herunterladen<\/a><\/div>\n\n\n\n<div class=\"wp-block-file\"><a id=\"wp-block-file--media-509c6b1e-8106-4a7c-a732-66cc974508fb\" href=\"http:\/\/thomas-schleiken.com\/wp-content\/uploads\/2024\/05\/Coaching-Qualifizierung-Bremer-VHS.pdf\"><em>Systemische Beratung &#8211; Qualifizierung zum Coach &#8211; Bremer VHS<br>Detailinformationen und Anmeldeformula<\/em>r<\/a><a href=\"http:\/\/thomas-schleiken.com\/wp-content\/uploads\/2024\/05\/Coaching-Qualifizierung-Bremer-VHS.pdf\" class=\"wp-block-file__button wp-element-button\" download aria-describedby=\"wp-block-file--media-509c6b1e-8106-4a7c-a732-66cc974508fb\">Herunterladen<\/a><\/div>\n\n\n\n<div class=\"wp-block-file\"><a id=\"wp-block-file--media-242549ee-ccc6-42b3-8aa7-704ced6ecf8e\" href=\"http:\/\/thomas-schleiken.com\/wp-content\/uploads\/2024\/05\/23-04-26_Aufbaukurs_Anmeldeformular-Syst.-Beratung_Maerz_26.pdf\"><em>Systemische Beratung &#8211; Qualifizierung zum Coach &#8211; Bremer VHS<br>Anmeldeformular Aufbaukurs Start M\u00e4rz 2026<\/em><\/a><a href=\"http:\/\/thomas-schleiken.com\/wp-content\/uploads\/2024\/05\/23-04-26_Aufbaukurs_Anmeldeformular-Syst.-Beratung_Maerz_26.pdf\" class=\"wp-block-file__button wp-element-button\" download aria-describedby=\"wp-block-file--media-242549ee-ccc6-42b3-8aa7-704ced6ecf8e\">Herunterladen<\/a><\/div>\n\n\n\n<div class=\"wp-block-file\"><a id=\"wp-block-file--media-d8a33a36-92d4-47de-9d3b-38ee8ffe54c7\" href=\"http:\/\/thomas-schleiken.com\/wp-content\/uploads\/2024\/11\/24-10-24_Erklaerung-zur-Anmeldung-Systemische-Beratung-2025.pdf\"><em>Systemische Beratung &#8211; Qualifizierung zum Coach &#8211; Bremer VHS<br>Erkl\u00e4rung zur Anmmeldung<\/em><\/a><a href=\"http:\/\/thomas-schleiken.com\/wp-content\/uploads\/2024\/11\/24-10-24_Erklaerung-zur-Anmeldung-Systemische-Beratung-2025.pdf\" class=\"wp-block-file__button wp-element-button\" download aria-describedby=\"wp-block-file--media-d8a33a36-92d4-47de-9d3b-38ee8ffe54c7\">Herunterladen<\/a><\/div>\n\n\n\n<p><\/p>\n\n\n\n<hr class=\"wp-block-separator has-alpha-channel-opacity\"\/>\n\n\n\n<p><strong>KVHS Ammerland<\/strong>, Durchf\u00fchrungsort: Westerstede (Landkreis Ammerland)<\/p>\n\n\n\n<p><em><strong>Grundkurs<\/strong><\/em><\/p>\n\n\n\n<p>Modul 1: 24.09.2026 &#8211; 26.09.2026<br>Modul 2: 19.11.2026 &#8211; 21.11.2026<br>Modul 3: 14.01.2027 &#8211; 16.012027<br>Modul 4: 20.05.2027 &#8211; 22.05.2027<\/p>\n\n\n\n<p><strong><em>Aufbaukurs<\/em><\/strong><\/p>\n\n\n\n<p>Modul 5: 16.09.2027 &#8211; 18.09.2027<br>Modul 6: 24.02.2028 &#8211; 26.02.2028<br>Modul 7: 08.06.2028 &#8211; 10.06.2028<br>Modul 8: 21.09.2028 &#8211; 23.09.2029<\/p>\n\n\n\n<p><em>Kostenloser digitaler Infoabend (via Zoom):<\/em><br>04.05.2026, jeweils 18 Uhr<br><em>Anmeldung per eMail an schleikentcc@t-online.de. Bitte das Datum des Wunschtermins angeben.<\/em><\/p>\n\n\n\n<p><em>Kostenlose Infoabende in Pr\u00e4senz (KVHS Ammerland, Westerstede):<\/em><br>10.03.2026, 18.08.2026, jeweils 18 Uhr<\/p>\n\n\n\n<p>Du m\u00f6chtest an einem der kostenlosen Infoabende teilnehmen? Dann sende mir eine eMail unter Angabe des Termins an schleikentcc@t-online.de und du bekommst von mir die Einwahldaten. Oder wende Dich an die KVHS Ammerland, Siliva Meyerj\u00fcrgens unter 04488-565130 oder s.meyerjuergens@kvhs-ammerland.de<\/p>\n\n\n\n<div class=\"wp-block-file\"><a id=\"wp-block-file--media-4dcc31cf-d6b9-42fb-88ac-f26d8b5c3d5e\" href=\"http:\/\/thomas-schleiken.com\/wp-content\/uploads\/2026\/01\/Systemische-Beratung-Qualifizierung-zum-Coach-KVHS-Ammerland-ab-2026.pdf\"><em>Flyer &#8211; Qualifizierung zum Coach &#8211; KVHS Ammerland &#8211; ab 2026<\/em><\/a><a href=\"http:\/\/thomas-schleiken.com\/wp-content\/uploads\/2026\/01\/Systemische-Beratung-Qualifizierung-zum-Coach-KVHS-Ammerland-ab-2026.pdf\" class=\"wp-block-file__button wp-element-button\" download aria-describedby=\"wp-block-file--media-4dcc31cf-d6b9-42fb-88ac-f26d8b5c3d5e\">Herunterladen<\/a><\/div>\n\n\n\n<div class=\"wp-block-file\"><a id=\"wp-block-file--media-1a5d8425-e25d-4956-9af0-fe7229e92831\" href=\"http:\/\/thomas-schleiken.com\/wp-content\/uploads\/2026\/01\/Anmeldung-Systemische-Beratung.-Coach-2026_kvhs-Ammerland-NEU-inklusive-Stornobedingungen-etc.pdf\"><em>Anmeldung &#8211; Qualifizierung zum Coach 2026 &#8211; KVHS  Ammerland &#8211; ab 2026<\/em><\/a><a href=\"http:\/\/thomas-schleiken.com\/wp-content\/uploads\/2026\/01\/Anmeldung-Systemische-Beratung.-Coach-2026_kvhs-Ammerland-NEU-inklusive-Stornobedingungen-etc.pdf\" class=\"wp-block-file__button wp-element-button\" download aria-describedby=\"wp-block-file--media-1a5d8425-e25d-4956-9af0-fe7229e92831\">Herunterladen<\/a><\/div>\n\n\n\n<hr class=\"wp-block-separator has-alpha-channel-opacity\"\/>\n\n\n\n<p><strong>VHS des Landkreises Diepholz<\/strong>, Durchf\u00fchrungsort: Bassum<br>(Zertifizierung in Vorbereitung)<\/p>\n\n\n\n<p><strong>Grundkurs<\/strong><\/p>\n\n\n\n<p>Modul 1: 10.12.2026 &#8211; 12.12.2026<br>Modul 2: 28.01,2027 &#8211; 30.01.2027<br>Modul 3: 01.04.2027 &#8211; 03.04.2027<br>Modul 4: 10.06.1017 &#8211; 12.06.2027<\/p>\n\n\n\n<p><strong>Aufbaukurs:<\/strong><\/p>\n\n\n\n<p>Modul 1: 02.03.2028 &#8211; 04,03.2028<br>Modul 2: 01.06,2028 &#8211; 03.01.2028<br>Modul 3: 05.10.2028 &#8211; 07.10.2028<br>Modul 4: 01.03.2029 &#8211; 03.03.2029<\/p>\n\n\n\n<p><em>Kostenloser digitaler Infoabend (via Zoom):<\/em><br>Mi. 10.06.2026, 18:00 Uhr<br><em>Anmeldung per eMail an schleikentcc@t-online.de.<\/em><\/p>\n\n\n\n<hr class=\"wp-block-separator has-alpha-channel-opacity\"\/>\n\n\n\n<p><em>* Das hier gezeigte Curriculum einschlie\u00dflich aller hinterlegten Detailinformationen im PDF-Format ist urheberrechtlich gesch\u00fctzt. Alle Rechte liegen bei Thomas Schleiken<\/em><\/p>\n\n\n\n<p class=\"has-small-font-size\">Achtung: Im Netz kursieren Angebote anderer Anbieter mit anderen Bildungsst\u00e4tten, jedoch unter demselben Titel und mit gleichlautenden bzw. beinahe gleichlautenden Inhalten des Curriculums. Diese sind nicht seri\u00f6s.<\/p>\n\n\n\n<hr class=\"wp-block-separator has-alpha-channel-opacity\"\/>\n\n\n\n<div class=\"wp-block-buttons is-layout-flex wp-block-buttons-is-layout-flex\">\n<div class=\"wp-block-button is-style-outline is-style-outline--1\"><a class=\"wp-block-button__link has-black-color has-light-green-cyan-background-color has-text-color has-background wp-element-button\" href=\"http:\/\/thomas-schleiken.com\/?page_id=1046\"><strong>LEHRCOACHING<\/strong><\/a><\/div>\n<\/div>\n\n\n\n<p><\/p>\n\n\n\n<div class=\"wp-block-columns is-layout-flex wp-container-core-columns-is-layout-9d6595d7 wp-block-columns-is-layout-flex\">\n<div class=\"wp-block-column is-layout-flow wp-block-column-is-layout-flow\">\n<figure class=\"wp-block-image size-large is-resized\"><img loading=\"lazy\" decoding=\"async\" width=\"392\" height=\"120\" src=\"http:\/\/thomas-schleiken.com\/wp-content\/uploads\/2020\/06\/DGfC-1920w.png\" alt=\"\" class=\"wp-image-155\" style=\"width:236px;height:72px\" srcset=\"http:\/\/thomas-schleiken.com\/wp-content\/uploads\/2020\/06\/DGfC-1920w.png 392w, http:\/\/thomas-schleiken.com\/wp-content\/uploads\/2020\/06\/DGfC-1920w-300x92.png 300w\" sizes=\"auto, (max-width: 392px) 100vw, 392px\" \/><figcaption class=\"wp-element-caption\">zertifizierter Seniorcoach und Lehrcoach DGfC<\/figcaption><\/figure>\n<\/div>\n\n\n\n<div class=\"wp-block-column is-layout-flow wp-block-column-is-layout-flow\">\n<figure class=\"wp-block-image size-full\"><img loading=\"lazy\" decoding=\"async\" width=\"657\" height=\"673\" src=\"http:\/\/thomas-schleiken.com\/wp-content\/uploads\/2025\/02\/MasterTrainer-engl.-150dpi.png\" alt=\"\" class=\"wp-image-1864\" srcset=\"http:\/\/thomas-schleiken.com\/wp-content\/uploads\/2025\/02\/MasterTrainer-engl.-150dpi.png 657w, http:\/\/thomas-schleiken.com\/wp-content\/uploads\/2025\/02\/MasterTrainer-engl.-150dpi-293x300.png 293w\" sizes=\"auto, (max-width: 657px) 100vw, 657px\" \/><\/figure>\n<\/div>\n\n\n\n<div class=\"wp-block-column is-layout-flow wp-block-column-is-layout-flow\">\n<figure class=\"wp-block-image size-large\"><img loading=\"lazy\" decoding=\"async\" width=\"1024\" height=\"410\" src=\"http:\/\/thomas-schleiken.com\/wp-content\/uploads\/2020\/06\/1-DFC-Logo-2016-TRANSPARENT-big-1024x410.png\" alt=\"\" class=\"wp-image-154\" srcset=\"http:\/\/thomas-schleiken.com\/wp-content\/uploads\/2020\/06\/1-DFC-Logo-2016-TRANSPARENT-big-1024x410.png 1024w, http:\/\/thomas-schleiken.com\/wp-content\/uploads\/2020\/06\/1-DFC-Logo-2016-TRANSPARENT-big-300x120.png 300w, http:\/\/thomas-schleiken.com\/wp-content\/uploads\/2020\/06\/1-DFC-Logo-2016-TRANSPARENT-big-768x307.png 768w, http:\/\/thomas-schleiken.com\/wp-content\/uploads\/2020\/06\/1-DFC-Logo-2016-TRANSPARENT-big-1536x615.png 1536w, http:\/\/thomas-schleiken.com\/wp-content\/uploads\/2020\/06\/1-DFC-Logo-2016-TRANSPARENT-big-2048x820.png 2048w\" sizes=\"auto, (max-width: 767px) 89vw, (max-width: 1000px) 54vw, (max-width: 1071px) 543px, 580px\" \/><figcaption class=\"wp-element-caption\">Coach DFC<\/figcaption><\/figure>\n<\/div>\n\n\n\n<div class=\"wp-block-column is-layout-flow wp-block-column-is-layout-flow\">\n<figure class=\"wp-block-image size-full\"><img loading=\"lazy\" decoding=\"async\" width=\"500\" height=\"266\" src=\"http:\/\/thomas-schleiken.com\/wp-content\/uploads\/2023\/10\/Certified-Coach-RGB-0500.jpg\" alt=\"\" class=\"wp-image-1578\" srcset=\"http:\/\/thomas-schleiken.com\/wp-content\/uploads\/2023\/10\/Certified-Coach-RGB-0500.jpg 500w, http:\/\/thomas-schleiken.com\/wp-content\/uploads\/2023\/10\/Certified-Coach-RGB-0500-300x160.jpg 300w\" sizes=\"auto, (max-width: 500px) 100vw, 500px\" \/><figcaption class=\"wp-element-caption\">Certified Coach RTC<\/figcaption><\/figure>\n<\/div>\n\n\n\n<div class=\"wp-block-column is-layout-flow wp-block-column-is-layout-flow\">\n<figure class=\"wp-block-image size-large is-resized\"><img loading=\"lazy\" decoding=\"async\" width=\"1017\" height=\"1024\" src=\"http:\/\/thomas-schleiken.com\/wp-content\/uploads\/2020\/06\/FWW_Siegel_1c_100mm-1017x1024.png\" alt=\"\" class=\"wp-image-156\" style=\"width:130px;height:130px\" srcset=\"http:\/\/thomas-schleiken.com\/wp-content\/uploads\/2020\/06\/FWW_Siegel_1c_100mm-1017x1024.png 1017w, http:\/\/thomas-schleiken.com\/wp-content\/uploads\/2020\/06\/FWW_Siegel_1c_100mm-298x300.png 298w, http:\/\/thomas-schleiken.com\/wp-content\/uploads\/2020\/06\/FWW_Siegel_1c_100mm-150x150.png 150w, http:\/\/thomas-schleiken.com\/wp-content\/uploads\/2020\/06\/FWW_Siegel_1c_100mm-768x773.png 768w, http:\/\/thomas-schleiken.com\/wp-content\/uploads\/2020\/06\/FWW_Siegel_1c_100mm-100x100.png 100w, http:\/\/thomas-schleiken.com\/wp-content\/uploads\/2020\/06\/FWW_Siegel_1c_100mm.png 1192w\" sizes=\"auto, (max-width: 767px) 89vw, (max-width: 1000px) 54vw, (max-width: 1071px) 543px, 580px\" \/><figcaption class=\"wp-element-caption\">Zertifiziert: Nach diesen Ethikrichtlinien arbeite ich<\/figcaption><\/figure>\n<\/div>\n<\/div>\n","protected":false},"excerpt":{"rendered":"<p>zertifiziert nach den Standards der DGfC WEITERBILDUNGSYSTEMISCHE BERATUNG &#8211; QUALIFIZIERUNG ZUM COACH DAS ORIGINAL! * Bitte beachte die Teilnahmevoraussetzungen. Die Weiterbildung ist zertifiziert nach denStandards der Deutschen Gesellschaft f\u00fcr Coaching e.V. (DGfC). F\u00fcr den erfolgreichenAbschluss der Weiterbildung, einschlie\u00dflich der erforderlichen Zusatzleistungen(Kollegiales Coaching, Coachingpraxis, Lehrcoaching, Abschlussarbeit und Kolloquium)erh\u00e4ltst du durch eine Mitgliedschaft in der DGfC die &hellip; <\/p>\n<p class=\"link-more\"><a href=\"http:\/\/thomas-schleiken.com\/?page_id=1083\" class=\"more-link\"><span class=\"screen-reader-text\">\u201eWEITERBILDUNG SYSTEMISCHE BERATUNG &#8211; QUALIFIZIERUNG ZUM COACH\u201c<\/span> weiterlesen<\/a><\/p>\n","protected":false},"author":1,"featured_media":0,"parent":0,"menu_order":0,"comment_status":"closed","ping_status":"closed","template":"","meta":{"footnotes":""},"class_list":["post-1083","page","type-page","status-publish","hentry"],"_links":{"self":[{"href":"http:\/\/thomas-schleiken.com\/index.php?rest_route=\/wp\/v2\/pages\/1083","targetHints":{"allow":["GET"]}}],"collection":[{"href":"http:\/\/thomas-schleiken.com\/index.php?rest_route=\/wp\/v2\/pages"}],"about":[{"href":"http:\/\/thomas-schleiken.com\/index.php?rest_route=\/wp\/v2\/types\/page"}],"author":[{"embeddable":true,"href":"http:\/\/thomas-schleiken.com\/index.php?rest_route=\/wp\/v2\/users\/1"}],"replies":[{"embeddable":true,"href":"http:\/\/thomas-schleiken.com\/index.php?rest_route=%2Fwp%2Fv2%2Fcomments&post=1083"}],"version-history":[{"count":77,"href":"http:\/\/thomas-schleiken.com\/index.php?rest_route=\/wp\/v2\/pages\/1083\/revisions"}],"predecessor-version":[{"id":2028,"href":"http:\/\/thomas-schleiken.com\/index.php?rest_route=\/wp\/v2\/pages\/1083\/revisions\/2028"}],"wp:attachment":[{"href":"http:\/\/thomas-schleiken.com\/index.php?rest_route=%2Fwp%2Fv2%2Fmedia&parent=1083"}],"curies":[{"name":"wp","href":"https:\/\/api.w.org\/{rel}","templated":true}]}}