{"id":120,"date":"2020-06-23T12:01:54","date_gmt":"2020-06-23T12:01:54","guid":{"rendered":"http:\/\/thomas-schleiken.com\/?page_id=120"},"modified":"2025-02-21T18:11:34","modified_gmt":"2025-02-21T18:11:34","slug":"coaching","status":"publish","type":"page","link":"http:\/\/thomas-schleiken.com\/?page_id=120","title":{"rendered":"COACHING"},"content":{"rendered":"\n<figure class=\"wp-block-image size-large\"><img loading=\"lazy\" decoding=\"async\" width=\"984\" height=\"311\" src=\"http:\/\/thomas-schleiken.com\/wp-content\/uploads\/2021\/08\/Symbolbild-Coaching.jpg\" alt=\"\" class=\"wp-image-1162\" srcset=\"http:\/\/thomas-schleiken.com\/wp-content\/uploads\/2021\/08\/Symbolbild-Coaching.jpg 984w, http:\/\/thomas-schleiken.com\/wp-content\/uploads\/2021\/08\/Symbolbild-Coaching-300x95.jpg 300w, http:\/\/thomas-schleiken.com\/wp-content\/uploads\/2021\/08\/Symbolbild-Coaching-768x243.jpg 768w\" sizes=\"auto, (max-width: 767px) 89vw, (max-width: 1000px) 54vw, (max-width: 1071px) 543px, 580px\" \/><\/figure>\n\n\n\n<h4 class=\"wp-block-heading has-light-green-cyan-color has-text-color\">WAS IST COACHING?<\/h4>\n\n\n\n<p>Mit meinem Coaching steht dir eine professionelle Form der individuellen Begleitung und Beratung in beruflichen Kontexten zur Verf\u00fcgung. Das Coaching dient nicht der Fachberatung. Vielmehr ist Coaching eine individuelle Beratung und Begleitung f\u00fcr dich, mit der du dein pers\u00f6nliches Wachstum und deinen pers\u00f6nlichen Erfolg unterst\u00fctzen kannst. Erfolgreiche Menschen nutzen Coaching f\u00fcr sich konsequent.<\/p>\n\n\n\n<h4 class=\"wp-block-heading has-light-green-cyan-color has-text-color\">F\u00dcR WEN IST COACHING?<\/h4>\n\n\n\n<p>Wenn du Unternehmer bist, Entscheider, F\u00fchrungskraft (disziplinarisch oder lateral), F\u00fchrungsnachwuchskraft oder im Projektmanagement t\u00e4tig, dann ist Coaching f\u00fcr dich die passende Form f\u00fcr nachhaltige Entwicklung.<\/p>\n\n\n\n<h4 class=\"wp-block-heading has-light-green-cyan-color has-text-color\">WANN IST COACHING SINNVOLL?<\/h4>\n\n\n\n<p>Besonders n\u00fctzt dir Coaching, wenn du&#8230;<\/p>\n\n\n\n<ul class=\"wp-block-list\">\n<li>deine Berufs- oder Karrierestrategie ganzheitlich angehen willst,<\/li>\n\n\n\n<li>dein pers\u00f6nliches St\u00e4rken- und Chancenprofil unter professioneller Begleitung entwickeln willst,<\/li>\n\n\n\n<li>deine pers\u00f6nlichen Berufs- oder Karriereziele basierend auf deinen individuellen Werthaltungen \u00fcberpr\u00fcfen und\/oder entwickeln willst,<\/li>\n\n\n\n<li>deine Berufsrolle wechselst,<\/li>\n\n\n\n<li>eine neue zus\u00e4tzliche Berufsrolle annimmst,<\/li>\n\n\n\n<li>deine Berufsrolle(n) weiterentwickeln m\u00f6chtest,<\/li>\n\n\n\n<li>eine neue Funktion oder Aufgabe \u00fcbernimmst,<\/li>\n\n\n\n<li>dein pers\u00f6nliches Selbst- und Zeitmanagement \u00fcberpr\u00fcfen und \/ oder neu ausrichten willst,<\/li>\n\n\n\n<li>du dich in einer schwierigen Entscheidungssituation befindest,<\/li>\n\n\n\n<li>deine individuelle Kommunikationsf\u00e4higkeit \u00fcberpr\u00fcfen und \/ oder ver\u00e4ndern willst,<\/li>\n\n\n\n<li>deine beruflichen Interaktionsbeziehungen \u00fcberpr\u00fcfen und \/ oder \u00e4ndern willst,<\/li>\n\n\n\n<li>schwierige Konfliktsituationen managen willst,<\/li>\n\n\n\n<li>Burn-outs, Mobbing und Stress-Situationen \u00fcberwinden willst.<\/li>\n<\/ul>\n\n\n\n<h4 class=\"wp-block-heading has-light-green-cyan-color has-text-color\">WAS HAST DU VOM COACHING?<\/h4>\n\n\n\n<p>Der Sinn von Coaching ist immer die L\u00f6sung. Du kannst mit Coaching&#8230;<\/p>\n\n\n\n<ul class=\"wp-block-list\">\n<li>dich ausrichten und fokussieren auf das, was f\u00fcr dich Erfolg ist, was dir Freude macht, dich st\u00e4rkt,<\/li>\n\n\n\n<li>zur inneren Ruhe (zur\u00fcck-)finden und zur Gelassenheit,<\/li>\n\n\n\n<li>dein F\u00fchrungsverhalten \u00fcberpr\u00fcfen und weiterentwickeln,<\/li>\n\n\n\n<li>neue Handlungsperspektiven erkennen und dein individuelles Verhalten erproben,<\/li>\n\n\n\n<li>in schwierigen Situationen handlungsf\u00e4hig bleiben,<\/li>\n\n\n\n<li>deine Probleml\u00f6sekompetenz \u00fcberpr\u00fcfen, verbessern und deine L\u00f6sungsstile entwickeln,<\/li>\n\n\n\n<li>dich deiner Rolle (n) im Berufsalltag klarer werden, sie bewusster machen und damit auch bewusster gestalten,<\/li>\n\n\n\n<li>dich in belastenden Situationen hilfreich entlasten,<\/li>\n\n\n\n<li>die Gestaltung deines Berufs- und Karrierelebens ganzheitlich ausrichten.<\/li>\n<\/ul>\n\n\n\n<h4 class=\"wp-block-heading has-light-green-cyan-color has-text-color\">WIE GEHT COACHING?<\/h4>\n\n\n\n<p>Ein Coaching mit Thomas Schleiken basiert auf klaren Zielvereinbarungen, die du in einem ersten Meeting mit mir, deinem Coach vereinbarst. Im Coaching arbeite ich ressourcen- und l\u00f6sungsorientiert. In einem oder mehreren Meetings werden deine Themen individuell bearbeitet. In der Praxis hat sich f\u00fcr ein erstes Meeting eine Zeit von 2 Stunden bis zu 1 Arbeitstag und f\u00fcr weitere Sitzungen die Dauer von \u00bd Arbeitstag (Vor- oder wahlweise Nachmittag) bew\u00e4hrt.<\/p>\n\n\n\n<p>In meinen Coachingprozessen profitierst du aus einer F\u00fclle verschiedener Instrumente der systemischen Beratung. Hierzu z\u00e4hlen systemische Interviewtechniken genauso, wie das Arbeiten mit der systemischen Aufstellungmethodik (Constellation Management). Zudem flie\u00dfen Aspekte der themenzentrierten Interaktion (TZI), der Transaktionsanalyse (TA) und des neurolinguistischen Programmierens (NLP) mit ein. Last but not least stelle ich dir mein gesamtes Wissen, das aus der \u201eSchule des Lebens\u201c der Menschheitsgeschichte sch\u00f6pft, sowie meine eigenen Lebenserfahrungen zur Verf\u00fcgung.<\/p>\n\n\n\n<p>Am Ende eines Meetings erfolgt immer eine Standortbestimmung im Sinne der \u00dcberpr\u00fcfung der Zielerreichung. Im Bedarfsfall kannst du dann weitere Sitzungen mit neuen Zielen vereinbaren. Ein Coaching ist auch medial gest\u00fctzt m\u00f6glich (z. B. via Skype oder Zoom). Mit meiner umf\u00e4nglichen Qualifizierung und meinen Erfahrungen stehe ich, Thomas Schleiken, dir gern als dein pers\u00f6nlicher Coach zur Seite.<\/p>\n\n\n\n<h4 class=\"wp-block-heading has-light-green-cyan-color has-text-color\">WAS BRAUCHT COACHING<\/h4>\n\n\n\n<p>Damit du von deinem Coachingprozess vollen Nutzen sch\u00f6pfst, ist Vertrauen zwischen dir als Coachee und mir als Coach unabdingbare Voraussetzung. Du hast zudem grunds\u00e4tzlich die Bereitschaft zu lernen, dich zu \u00fcberpr\u00fcfen, Dinge infrage zu stellen und auszuprobieren. Ich bringe meine Kompetenz in der Handhabung der Coachingmethoden ein.<\/p>\n\n\n\n<p>Du m\u00f6chtest ein Coaching mit Thomas Schleiken f\u00fcr dich nutzen? Dann kontaktiere mich gern:<\/p>\n\n\n\n<div class=\"wp-block-buttons is-layout-flex wp-block-buttons-is-layout-flex\">\n<div class=\"wp-block-button\"><a class=\"wp-block-button__link wp-element-button\" href=\"mailto:schleikentcc@t-online.de\">Coachinganfrage per eMail<\/a><\/div>\n<\/div>\n\n\n\n<p>Telefon: 04223-925934<\/p>\n\n\n\n<div style=\"height:87px\" aria-hidden=\"true\" class=\"wp-block-spacer\"><\/div>\n\n\n\n<div class=\"wp-block-columns is-layout-flex wp-container-core-columns-is-layout-9d6595d7 wp-block-columns-is-layout-flex\">\n<div class=\"wp-block-column is-layout-flow wp-block-column-is-layout-flow\">\n<figure class=\"wp-block-image size-large\"><a href=\"https:\/\/www.coaching-dgfc.de\/\" target=\"_blank\" rel=\"noopener noreferrer\"><img loading=\"lazy\" decoding=\"async\" width=\"392\" height=\"120\" src=\"http:\/\/thomas-schleiken.com\/wp-content\/uploads\/2020\/06\/DGfC-1920w.png\" alt=\"\" class=\"wp-image-155\" srcset=\"http:\/\/thomas-schleiken.com\/wp-content\/uploads\/2020\/06\/DGfC-1920w.png 392w, http:\/\/thomas-schleiken.com\/wp-content\/uploads\/2020\/06\/DGfC-1920w-300x92.png 300w\" sizes=\"auto, (max-width: 392px) 100vw, 392px\" \/><\/a><figcaption class=\"wp-element-caption\">Zertifizierter Seniorcoach u. Lehrcoach DGfC<\/figcaption><\/figure>\n<\/div>\n\n\n\n<div class=\"wp-block-column is-layout-flow wp-block-column-is-layout-flow\">\n<figure class=\"wp-block-image size-large\"><a href=\"https:\/\/www.fachverband-coaching.de\/\" target=\"_blank\" rel=\"noopener noreferrer\"><img loading=\"lazy\" decoding=\"async\" width=\"1024\" height=\"410\" src=\"http:\/\/thomas-schleiken.com\/wp-content\/uploads\/2020\/06\/1-DFC-Logo-2016-TRANSPARENT-big-1024x410.png\" alt=\"\" class=\"wp-image-154\" srcset=\"http:\/\/thomas-schleiken.com\/wp-content\/uploads\/2020\/06\/1-DFC-Logo-2016-TRANSPARENT-big-1024x410.png 1024w, http:\/\/thomas-schleiken.com\/wp-content\/uploads\/2020\/06\/1-DFC-Logo-2016-TRANSPARENT-big-300x120.png 300w, http:\/\/thomas-schleiken.com\/wp-content\/uploads\/2020\/06\/1-DFC-Logo-2016-TRANSPARENT-big-768x307.png 768w, http:\/\/thomas-schleiken.com\/wp-content\/uploads\/2020\/06\/1-DFC-Logo-2016-TRANSPARENT-big-1536x615.png 1536w, http:\/\/thomas-schleiken.com\/wp-content\/uploads\/2020\/06\/1-DFC-Logo-2016-TRANSPARENT-big-2048x820.png 2048w\" sizes=\"auto, (max-width: 767px) 89vw, (max-width: 1000px) 54vw, (max-width: 1071px) 543px, 580px\" \/><\/a><figcaption class=\"wp-element-caption\">Coach DFC<\/figcaption><\/figure>\n<\/div>\n\n\n\n<div class=\"wp-block-column is-layout-flow wp-block-column-is-layout-flow\">\n<figure class=\"wp-block-image size-full\"><img loading=\"lazy\" decoding=\"async\" width=\"657\" height=\"673\" src=\"http:\/\/thomas-schleiken.com\/wp-content\/uploads\/2025\/02\/MasterTrainer-engl.-150dpi.png\" alt=\"\" class=\"wp-image-1864\" srcset=\"http:\/\/thomas-schleiken.com\/wp-content\/uploads\/2025\/02\/MasterTrainer-engl.-150dpi.png 657w, http:\/\/thomas-schleiken.com\/wp-content\/uploads\/2025\/02\/MasterTrainer-engl.-150dpi-293x300.png 293w\" sizes=\"auto, (max-width: 657px) 100vw, 657px\" \/><\/figure>\n<\/div>\n\n\n\n<div class=\"wp-block-column is-layout-flow wp-block-column-is-layout-flow\">\n<figure class=\"wp-block-image size-full\"><img loading=\"lazy\" decoding=\"async\" width=\"500\" height=\"266\" src=\"http:\/\/thomas-schleiken.com\/wp-content\/uploads\/2023\/10\/Certified-Coach-RGB-0500.jpg\" alt=\"\" class=\"wp-image-1578\" srcset=\"http:\/\/thomas-schleiken.com\/wp-content\/uploads\/2023\/10\/Certified-Coach-RGB-0500.jpg 500w, http:\/\/thomas-schleiken.com\/wp-content\/uploads\/2023\/10\/Certified-Coach-RGB-0500-300x160.jpg 300w\" sizes=\"auto, (max-width: 500px) 100vw, 500px\" \/><figcaption class=\"wp-element-caption\">Certified Coach RTC<\/figcaption><\/figure>\n<\/div>\n\n\n\n<div class=\"wp-block-column is-layout-flow wp-block-column-is-layout-flow\">\n<figure class=\"wp-block-image size-large is-resized\"><a href=\"https:\/\/forumwerteorientierung.de\/\" target=\"_blank\" rel=\"noopener noreferrer\"><img loading=\"lazy\" decoding=\"async\" width=\"1017\" height=\"1024\" src=\"http:\/\/thomas-schleiken.com\/wp-content\/uploads\/2020\/06\/FWW_Siegel_1c_100mm-1017x1024.png\" alt=\"\" class=\"wp-image-156\" style=\"width:143px;height:144px\" srcset=\"http:\/\/thomas-schleiken.com\/wp-content\/uploads\/2020\/06\/FWW_Siegel_1c_100mm-1017x1024.png 1017w, http:\/\/thomas-schleiken.com\/wp-content\/uploads\/2020\/06\/FWW_Siegel_1c_100mm-298x300.png 298w, http:\/\/thomas-schleiken.com\/wp-content\/uploads\/2020\/06\/FWW_Siegel_1c_100mm-150x150.png 150w, http:\/\/thomas-schleiken.com\/wp-content\/uploads\/2020\/06\/FWW_Siegel_1c_100mm-768x773.png 768w, http:\/\/thomas-schleiken.com\/wp-content\/uploads\/2020\/06\/FWW_Siegel_1c_100mm-100x100.png 100w, http:\/\/thomas-schleiken.com\/wp-content\/uploads\/2020\/06\/FWW_Siegel_1c_100mm.png 1192w\" sizes=\"auto, (max-width: 767px) 89vw, (max-width: 1000px) 54vw, (max-width: 1071px) 543px, 580px\" \/><\/a><figcaption class=\"wp-element-caption\">Zertifiziert: An diesen Ethikrichtlinien orientiert sich meine Arbeit<\/figcaption><\/figure>\n<\/div>\n<\/div>\n\n\n\n<div class=\"wp-block-group\"><div class=\"wp-block-group__inner-container is-layout-flow wp-block-group-is-layout-flow\"><\/div><\/div>\n\n\n\n<p><\/p>\n","protected":false},"excerpt":{"rendered":"<p>WAS IST COACHING? Mit meinem Coaching steht dir eine professionelle Form der individuellen Begleitung und Beratung in beruflichen Kontexten zur Verf\u00fcgung. Das Coaching dient nicht der Fachberatung. Vielmehr ist Coaching eine individuelle Beratung und Begleitung f\u00fcr dich, mit der du dein pers\u00f6nliches Wachstum und deinen pers\u00f6nlichen Erfolg unterst\u00fctzen kannst. Erfolgreiche Menschen nutzen Coaching f\u00fcr sich &hellip; <\/p>\n<p class=\"link-more\"><a href=\"http:\/\/thomas-schleiken.com\/?page_id=120\" class=\"more-link\"><span class=\"screen-reader-text\">\u201eCOACHING\u201c<\/span> weiterlesen<\/a><\/p>\n","protected":false},"author":1,"featured_media":0,"parent":0,"menu_order":0,"comment_status":"closed","ping_status":"closed","template":"","meta":{"footnotes":""},"class_list":["post-120","page","type-page","status-publish","hentry"],"_links":{"self":[{"href":"http:\/\/thomas-schleiken.com\/index.php?rest_route=\/wp\/v2\/pages\/120","targetHints":{"allow":["GET"]}}],"collection":[{"href":"http:\/\/thomas-schleiken.com\/index.php?rest_route=\/wp\/v2\/pages"}],"about":[{"href":"http:\/\/thomas-schleiken.com\/index.php?rest_route=\/wp\/v2\/types\/page"}],"author":[{"embeddable":true,"href":"http:\/\/thomas-schleiken.com\/index.php?rest_route=\/wp\/v2\/users\/1"}],"replies":[{"embeddable":true,"href":"http:\/\/thomas-schleiken.com\/index.php?rest_route=%2Fwp%2Fv2%2Fcomments&post=120"}],"version-history":[{"count":20,"href":"http:\/\/thomas-schleiken.com\/index.php?rest_route=\/wp\/v2\/pages\/120\/revisions"}],"predecessor-version":[{"id":1867,"href":"http:\/\/thomas-schleiken.com\/index.php?rest_route=\/wp\/v2\/pages\/120\/revisions\/1867"}],"wp:attachment":[{"href":"http:\/\/thomas-schleiken.com\/index.php?rest_route=%2Fwp%2Fv2%2Fmedia&parent=120"}],"curies":[{"name":"wp","href":"https:\/\/api.w.org\/{rel}","templated":true}]}}