{"id":1220,"date":"2021-08-10T12:14:00","date_gmt":"2021-08-10T12:14:00","guid":{"rendered":"http:\/\/thomas-schleiken.com\/?page_id=1220"},"modified":"2023-03-04T13:31:26","modified_gmt":"2023-03-04T13:31:26","slug":"fuehren-in-zeiten-der-transformation","status":"publish","type":"page","link":"http:\/\/thomas-schleiken.com\/?page_id=1220","title":{"rendered":"F\u00dcHREN IN ZEITEN DER TRANSFORMATION"},"content":{"rendered":"\n<figure class=\"wp-block-image size-large\"><img loading=\"lazy\" decoding=\"async\" width=\"984\" height=\"311\" src=\"http:\/\/thomas-schleiken.com\/wp-content\/uploads\/2021\/08\/Fuehren-Transformation-Website.jpg\" alt=\"\" class=\"wp-image-1219\" srcset=\"http:\/\/thomas-schleiken.com\/wp-content\/uploads\/2021\/08\/Fuehren-Transformation-Website.jpg 984w, http:\/\/thomas-schleiken.com\/wp-content\/uploads\/2021\/08\/Fuehren-Transformation-Website-300x95.jpg 300w, http:\/\/thomas-schleiken.com\/wp-content\/uploads\/2021\/08\/Fuehren-Transformation-Website-768x243.jpg 768w\" sizes=\"auto, (max-width: 767px) 89vw, (max-width: 1000px) 54vw, (max-width: 1071px) 543px, 580px\" \/><\/figure>\n\n\n\n<h2 class=\"wp-block-heading\">INTENSIV-WERKSTATTSEMINAR F\u00dcR F\u00dcHRUNGSKR\u00c4FTE<\/h2>\n\n\n\n<h4 class=\"wp-block-heading\">DEIN NUTZEN<\/h4>\n\n\n\n<p>Organisationen, ganze Branchen, ja die Gesellschaft befindet sich in einem umfassenden Transformationsproze\u00df. Ein wesentlicher Aspekt dieses Prozesses ist der Weg in die Digitalisierung. Die Transformation hat bereits zu tiefgreifenden Ver\u00e4nderungen gef\u00fchrt, sie tut es noch und sie wird es auch noch in die weite Zukunft hinein tun. Eine auf den Prozess ausgerichtete F\u00fchrung erweist sich dabei als Voraussetzung f\u00fcr eine gelungenen Transformation.<br>In diesem Intensiv-Werkstattseminar wenden wir uns den elementaren Fragen dieser F\u00fchrung zu. Du lernst mit der hohen Komplexit\u00e4t von Transformationsprozessen umzugehen. Du erkundest was die Pers\u00f6nlichkeit der F\u00fchrung f\u00fcr die Transformation auszeichnet. Du erlernst die Schl\u00fcsselkompetenzen f\u00fcr einen nachhaltigen Erfolg im Transformationsproze\u00df.<\/p>\n\n\n\n<h4 class=\"wp-block-heading\">F\u00dcR WEN?<\/h4>\n\n\n\n<p>Du bist Inhaber, Gesch\u00e4ftsf\u00fchrer, t\u00e4tig in der F\u00fchrung, der Personal- oder Organisationsentwicklung? Du m\u00f6chtest den Transformationsproze\u00df deines Teams oder deiner Organisation erfolgreich f\u00fchren? Dann ist dies das passende Seminar f\u00fcr dich.<\/p>\n\n\n\n<h4 class=\"wp-block-heading\">LEITTHEMEN\/LEITFRAGEN<\/h4>\n\n\n\n<ul class=\"wp-block-list\">\n<li>Was unterscheidet die Transformation von einer &#8218;klassischen&#8216; Ver\u00e4nderung?<\/li>\n\n\n\n<li>Was unterscheidet Transformation von Transformation und was hat das mit F\u00fchrung zu tun?<\/li>\n\n\n\n<li>Wo stehen wir heute?<\/li>\n\n\n\n<li>Wie begegnen wir der VUCA-Welt?<\/li>\n\n\n\n<li>Welche Anforderungen ergeben sich mit Blick auf die Transformation f\u00fcr die F\u00fchrung?<\/li>\n\n\n\n<li>F\u00fchren und Leiten &#8211; die erste wichtige Leitunterscheidung<\/li>\n\n\n\n<li>Anregungen f\u00fcr die F\u00fchrung im Transformationsproze\u00df aus der Oxygen-Studie<\/li>\n\n\n\n<li>F\u00fchren versus Coachen: Gemeinsamkeiten, Unterschiede, Lernfelder, Chancen und Grenzen<\/li>\n\n\n\n<li>F\u00fchren hei\u00dft nicht erziehen! &#8211; Klare No-Go&#8217;s f\u00fcr die F\u00fchrung<\/li>\n\n\n\n<li>Wodurch zeichnet sich die Pers\u00f6nlichkeit einer F\u00fchrungskraft in der Transformation aus?<\/li>\n\n\n\n<li>Was ist eine f\u00fcr den Transformationsprozess gem\u00e4\u00dfe F\u00fchrungshaltung?<\/li>\n\n\n\n<li>Welche Schl\u00fcsselkompetenzen zeichnet eine gute F\u00fchrung in der Transformation aus?<\/li>\n\n\n\n<li>Was genau tut eine F\u00fchrungskraft im Transformationsproze\u00df, was sind ihre Aufgaben?<\/li>\n\n\n\n<li>Wie umgehen mit Fehlern und Scheitern?<\/li>\n\n\n\n<li>Sand im Getriebe<\/li>\n\n\n\n<li>Was sind n\u00fctzliche Orientierungen f\u00fcr den Alltag?<\/li>\n<\/ul>\n\n\n\n<h4 class=\"wp-block-heading\">TERMIN\/ORT<\/h4>\n\n\n\n<p>11.10.2023, 10.00 Uhr \u2013 17.00 Uhr<br>Evangelische G\u00e4steh\u00e4user Sandkrug<br>Oldenburger Weg 1<br>26209 Hatten (Niedersachsen)<\/p>\n\n\n\n<h4 class=\"wp-block-heading\">TEILNEHMERZAHL<\/h4>\n\n\n\n<p>maximal 12 Personen<\/p>\n\n\n\n<h4 class=\"wp-block-heading\">INVESTITION<\/h4>\n\n\n\n<p>Kursgeb\u00fchr: 1.200,\u2013 Euro (zuz\u00fcglich 19 % Mehrwertsteuer)<br>Enthalten ist die Tagungspauschale (Tagungsraum,Tagungsgetr\u00e4nke, Mittagessen), die digitale Seminardokumentation sowie die Teilnahmebescheinigung.<\/p>\n\n\n\n<h4 class=\"wp-block-heading\">ANMELDEBEDINGUNGEN<\/h4>\n\n\n\n<p>Die Rechnung f\u00fcr die Teilnahme wird nach dem Seminar zugesandt. Die Anmeldung zum Seminar gilt als verbindlich. Bei R\u00fccktritt bis zwei Wochen vor dem Seminar wird eine Stornogeb\u00fchr von 100,- Euro in Rechnung gestellt. Bei sp\u00e4terem R\u00fccktritt wird die gesamte Seminargeb\u00fchr in H\u00f6he von 1.200,- Euro f\u00e4llig. Die genannten Preise verstehen sich zuz\u00fcglich der gesetzlichen Mehrwertsteuer. Im Falle einer zu geringen Teilnehmerzahl behalte ich mir vor, das Seminar sp\u00e4testens f\u00fcnf Werktage vor Seminarstart abzusagen.<\/p>\n\n\n\n<div class=\"wp-block-file\"><a id=\"wp-block-file--media-252abb35-e22b-4838-9fd5-b6cf10ea2768\" href=\"http:\/\/thomas-schleiken.com\/wp-content\/uploads\/2023\/03\/Flyer-Fuehren-Transformation-231011.pdf\">Flyer &#8211; F\u00fchren Transformation 231011<\/a><a href=\"http:\/\/thomas-schleiken.com\/wp-content\/uploads\/2023\/03\/Flyer-Fuehren-Transformation-231011.pdf\" class=\"wp-block-file__button wp-element-button\" download aria-describedby=\"wp-block-file--media-252abb35-e22b-4838-9fd5-b6cf10ea2768\">Herunterladen<\/a><\/div>\n\n\n\n<div class=\"wp-block-buttons is-layout-flex wp-block-buttons-is-layout-flex\">\n<div class=\"wp-block-button\"><a class=\"wp-block-button__link wp-element-button\" href=\"mailto:schleikentcc@t-online.de\"><strong>ANMELDUNG PER EMAIL<\/strong><\/a><\/div>\n<\/div>\n","protected":false},"excerpt":{"rendered":"<p>INTENSIV-WERKSTATTSEMINAR F\u00dcR F\u00dcHRUNGSKR\u00c4FTE DEIN NUTZEN Organisationen, ganze Branchen, ja die Gesellschaft befindet sich in einem umfassenden Transformationsproze\u00df. Ein wesentlicher Aspekt dieses Prozesses ist der Weg in die Digitalisierung. Die Transformation hat bereits zu tiefgreifenden Ver\u00e4nderungen gef\u00fchrt, sie tut es noch und sie wird es auch noch in die weite Zukunft hinein tun. Eine auf den &hellip; <\/p>\n<p class=\"link-more\"><a href=\"http:\/\/thomas-schleiken.com\/?page_id=1220\" class=\"more-link\"><span class=\"screen-reader-text\">\u201eF\u00dcHREN IN ZEITEN DER TRANSFORMATION\u201c<\/span> weiterlesen<\/a><\/p>\n","protected":false},"author":1,"featured_media":0,"parent":0,"menu_order":0,"comment_status":"closed","ping_status":"closed","template":"","meta":{"footnotes":""},"class_list":["post-1220","page","type-page","status-publish","hentry"],"_links":{"self":[{"href":"http:\/\/thomas-schleiken.com\/index.php?rest_route=\/wp\/v2\/pages\/1220","targetHints":{"allow":["GET"]}}],"collection":[{"href":"http:\/\/thomas-schleiken.com\/index.php?rest_route=\/wp\/v2\/pages"}],"about":[{"href":"http:\/\/thomas-schleiken.com\/index.php?rest_route=\/wp\/v2\/types\/page"}],"author":[{"embeddable":true,"href":"http:\/\/thomas-schleiken.com\/index.php?rest_route=\/wp\/v2\/users\/1"}],"replies":[{"embeddable":true,"href":"http:\/\/thomas-schleiken.com\/index.php?rest_route=%2Fwp%2Fv2%2Fcomments&post=1220"}],"version-history":[{"count":7,"href":"http:\/\/thomas-schleiken.com\/index.php?rest_route=\/wp\/v2\/pages\/1220\/revisions"}],"predecessor-version":[{"id":1564,"href":"http:\/\/thomas-schleiken.com\/index.php?rest_route=\/wp\/v2\/pages\/1220\/revisions\/1564"}],"wp:attachment":[{"href":"http:\/\/thomas-schleiken.com\/index.php?rest_route=%2Fwp%2Fv2%2Fmedia&parent=1220"}],"curies":[{"name":"wp","href":"https:\/\/api.w.org\/{rel}","templated":true}]}}