{"id":1405,"date":"2022-05-30T10:30:11","date_gmt":"2022-05-30T10:30:11","guid":{"rendered":"http:\/\/thomas-schleiken.com\/?page_id=1405"},"modified":"2022-05-30T10:49:56","modified_gmt":"2022-05-30T10:49:56","slug":"das-1x1-der-teamfuehrung","status":"publish","type":"page","link":"http:\/\/thomas-schleiken.com\/?page_id=1405","title":{"rendered":"DAS 1&#215;1 DER TEAMF\u00dcHRUNG"},"content":{"rendered":"\n<figure class=\"wp-block-image size-large\"><img loading=\"lazy\" decoding=\"async\" width=\"984\" height=\"311\" src=\"http:\/\/thomas-schleiken.com\/wp-content\/uploads\/2022\/05\/Das-1x1-der-Teamfuehrung-Logo-Website.jpg\" alt=\"\" class=\"wp-image-1407\" srcset=\"http:\/\/thomas-schleiken.com\/wp-content\/uploads\/2022\/05\/Das-1x1-der-Teamfuehrung-Logo-Website.jpg 984w, http:\/\/thomas-schleiken.com\/wp-content\/uploads\/2022\/05\/Das-1x1-der-Teamfuehrung-Logo-Website-300x95.jpg 300w, http:\/\/thomas-schleiken.com\/wp-content\/uploads\/2022\/05\/Das-1x1-der-Teamfuehrung-Logo-Website-768x243.jpg 768w\" sizes=\"auto, (max-width: 767px) 89vw, (max-width: 1000px) 54vw, (max-width: 1071px) 543px, 580px\" \/><\/figure>\n\n\n\n<h2 class=\"wp-block-heading\">INTENSIVSEMINAR<br>F\u00dcR F\u00dcHRUNGSKR\u00c4FTE UND PROJEKTLEITENDE<\/h2>\n\n\n\n<h4 class=\"wp-block-heading\">DEIN NUTZEN<\/h4>\n\n\n\n<p>Teams werden eingesetzt, um komplexe Aufgaben effektiv und effizient zu bew\u00e4ltigen.  Gute F\u00fchrungsarbeit ist hier besonders gefordert. Erkunde die Erfolgsfaktoren f\u00fcr ein effektives Teammanagement und eine leistungswirksame Teamarbeit. Lerne die Anforderungen kennen, die Projekt- und Linienteams an die Teamf\u00fchrung stellen. Entwickle deine F\u00e4higkeiten, Konflikte im Team konstruktiv zu managen. Lerne mit inneren und \u00e4u\u00dferen Hindernissen der Teamarbeit konstruktiv umzugehen. Trainiere deine Teamskills. Arbeite in diesem Seminar an deinen Leadershipqualit\u00e4ten f\u00fcr die  Teamarbeit.<\/p>\n\n\n\n<h4 class=\"wp-block-heading\">F\u00dcR WEN?<\/h4>\n\n\n\n<p>Du leitest einen Fachdienst, ein Leitungsteam, ein Projektteam oder ein agiles Team? Du m\u00f6chtest deine F\u00fchrungsleistung reflektieren, methodisch gut aufgestellt sein, eine Leistung gut ausrichten? Dann ist dies dein Seminar.<\/p>\n\n\n\n<h4 class=\"wp-block-heading\">LEITTHEMEN\/LEITFRAGEN<\/h4>\n\n\n\n<ul class=\"wp-block-list\"><li>Entdecke die Erfolgsfaktoren von Teams <\/li><li>Lerne den Prozess teamorientierter Probleml\u00f6sung zu managen <\/li><li>Lerne deine F\u00fchrungsaufgaben im Team zu entfalten <\/li><li>Bedeutet Teamarbeit das Ende der Hierarchie? <\/li><li>Vorsicht Falle: Was du beim Teambuilding ber\u00fccksichtigen solltest<\/li><li>Teamplayer und Playing Team &#8211; Spielend erfolgreich im Team, wie geht das? <\/li><li>Die eigene Position im Team effektiv ausrichten <\/li><li>Standortdiagnose und Qualit\u00e4tsmanagement im Team <\/li><li>Die Basics einer nachhaltigen Teamkultur <\/li><li>Verschiedene Rollen im Team wirksam managen <\/li><li>Von der Idee zur kreativen L\u00f6sung im Team &#8211; wirksames Prozesscontrolling <\/li><li>Aufgaben, die jedes Teammitglied zu bew\u00e4ltigen hat<\/li><li>In-Team-it\u00e4ten oder: Orientierungshilfen zur Bew\u00e4ltigung von St\u00f6rungen und Konflikten <\/li><li>Kooperation und Konkurrenz im Team effektiv managen <\/li><li>u. a. m.<\/li><\/ul>\n\n\n\n<h4 class=\"wp-block-heading\">TERMIN\/ORT<\/h4>\n\n\n\n<p>2 Tage<br>28.11.22, 10 Uhr &#8211; 29.11.22, 16 Uhr<br>Evangelische G\u00e4steh\u00e4user Sandkrug<br>Oldenburger Weg 1<br>26209 Hatten (Niedersachsen)<\/p>\n\n\n\n<h4 class=\"wp-block-heading\">INVESTITION<\/h4>\n\n\n\n<p>Seminargeb\u00fchr 780,- Euro + 19 % Mehrwertsteuer<\/p>\n\n\n\n<p>Enthalten ist die Tagungspauschale (Tagungsraum,Tagungsgetr\u00e4nke, Mittagessen), das Buch \u201eKommunikation\u201c von Thomas Schleiken, die digitale Seminardokumentation sowie die Teilnahmebescheinigung.<\/p>\n\n\n\n<h4 class=\"wp-block-heading\">ANMLDEBEDINGUNGEN<\/h4>\n\n\n\n<p>Die Rechnung f\u00fcr die Teilnahme wird nach dem Seminar zugesandt. Die Anmeldung zum Seminar gilt als verbindlich. Bei R\u00fccktritt bis zwei Wochen vor dem Seminar wird eine Stornogeb\u00fchr von 100,- Euro in Rechnung gestellt. Bei sp\u00e4terem R\u00fccktritt wird die gesamte Seminargeb\u00fchr in H\u00f6he von 780,- Euro f\u00e4llig. Die genannten Preise verstehen sich zuz\u00fcglich der gesetzlichen Mehrwertsteuer. Im Falle einer zu geringen Teilnehmerzahl behalte ich mir vor, das Seminar sp\u00e4testens f\u00fcnf Werktage vor Seminarstart abzusagen.<\/p>\n\n\n\n<div class=\"wp-block-buttons is-layout-flex wp-block-buttons-is-layout-flex\"><\/div>\n\n\n\n<div class=\"wp-block-file\"><a href=\"http:\/\/thomas-schleiken.com\/wp-content\/uploads\/2022\/05\/Flyer-Das-1x1-der-Teamfuehrung-2022.pdf\"><em>Flyer zum kostenlosen Download<\/em><\/a><a href=\"http:\/\/thomas-schleiken.com\/wp-content\/uploads\/2022\/05\/Flyer-Das-1x1-der-Teamfuehrung-2022.pdf\" class=\"wp-block-file__button\" download>Herunterladen<\/a><\/div>\n\n\n\n<div class=\"wp-block-buttons is-layout-flex wp-block-buttons-is-layout-flex\">\n<div class=\"wp-block-button\"><a class=\"wp-block-button__link\" href=\"mailto:schleikentcc@t-online.de\">Anmeldung per eMail<\/a><\/div>\n<\/div>\n\n\n\n<p><\/p>\n","protected":false},"excerpt":{"rendered":"<p>INTENSIVSEMINARF\u00dcR F\u00dcHRUNGSKR\u00c4FTE UND PROJEKTLEITENDE DEIN NUTZEN Teams werden eingesetzt, um komplexe Aufgaben effektiv und effizient zu bew\u00e4ltigen. Gute F\u00fchrungsarbeit ist hier besonders gefordert. Erkunde die Erfolgsfaktoren f\u00fcr ein effektives Teammanagement und eine leistungswirksame Teamarbeit. Lerne die Anforderungen kennen, die Projekt- und Linienteams an die Teamf\u00fchrung stellen. Entwickle deine F\u00e4higkeiten, Konflikte im Team konstruktiv zu managen. &hellip; <\/p>\n<p class=\"link-more\"><a href=\"http:\/\/thomas-schleiken.com\/?page_id=1405\" class=\"more-link\"><span class=\"screen-reader-text\">\u201eDAS 1&#215;1 DER TEAMF\u00dcHRUNG\u201c<\/span> weiterlesen<\/a><\/p>\n","protected":false},"author":1,"featured_media":0,"parent":0,"menu_order":0,"comment_status":"closed","ping_status":"closed","template":"","meta":{"footnotes":""},"class_list":["post-1405","page","type-page","status-publish","hentry"],"_links":{"self":[{"href":"http:\/\/thomas-schleiken.com\/index.php?rest_route=\/wp\/v2\/pages\/1405","targetHints":{"allow":["GET"]}}],"collection":[{"href":"http:\/\/thomas-schleiken.com\/index.php?rest_route=\/wp\/v2\/pages"}],"about":[{"href":"http:\/\/thomas-schleiken.com\/index.php?rest_route=\/wp\/v2\/types\/page"}],"author":[{"embeddable":true,"href":"http:\/\/thomas-schleiken.com\/index.php?rest_route=\/wp\/v2\/users\/1"}],"replies":[{"embeddable":true,"href":"http:\/\/thomas-schleiken.com\/index.php?rest_route=%2Fwp%2Fv2%2Fcomments&post=1405"}],"version-history":[{"count":6,"href":"http:\/\/thomas-schleiken.com\/index.php?rest_route=\/wp\/v2\/pages\/1405\/revisions"}],"predecessor-version":[{"id":1417,"href":"http:\/\/thomas-schleiken.com\/index.php?rest_route=\/wp\/v2\/pages\/1405\/revisions\/1417"}],"wp:attachment":[{"href":"http:\/\/thomas-schleiken.com\/index.php?rest_route=%2Fwp%2Fv2%2Fmedia&parent=1405"}],"curies":[{"name":"wp","href":"https:\/\/api.w.org\/{rel}","templated":true}]}}