{"id":1636,"date":"2024-03-31T11:29:35","date_gmt":"2024-03-31T11:29:35","guid":{"rendered":"http:\/\/thomas-schleiken.com\/?page_id=1636"},"modified":"2025-09-30T10:49:14","modified_gmt":"2025-09-30T10:49:14","slug":"entscheidungsmanagement","status":"publish","type":"page","link":"http:\/\/thomas-schleiken.com\/?page_id=1636","title":{"rendered":"ENTSCHEIDUNGSMANAGEMENT"},"content":{"rendered":"\n<h2 class=\"wp-block-heading\"><strong>ENTSCHEIDUNGSMANAGEMENT F\u00dcR F\u00dcHRUNGSKR\u00c4FTE<\/strong><\/h2>\n\n\n\n<figure class=\"wp-block-image size-full\"><img loading=\"lazy\" decoding=\"async\" width=\"984\" height=\"311\" src=\"http:\/\/thomas-schleiken.com\/wp-content\/uploads\/2024\/03\/Symbolbild-Entscheidungsmanagement-mit-Schrift.jpg\" alt=\"\" class=\"wp-image-1634\" srcset=\"http:\/\/thomas-schleiken.com\/wp-content\/uploads\/2024\/03\/Symbolbild-Entscheidungsmanagement-mit-Schrift.jpg 984w, http:\/\/thomas-schleiken.com\/wp-content\/uploads\/2024\/03\/Symbolbild-Entscheidungsmanagement-mit-Schrift-300x95.jpg 300w, http:\/\/thomas-schleiken.com\/wp-content\/uploads\/2024\/03\/Symbolbild-Entscheidungsmanagement-mit-Schrift-768x243.jpg 768w\" sizes=\"auto, (max-width: 767px) 89vw, (max-width: 1000px) 54vw, (max-width: 1071px) 543px, 580px\" \/><\/figure>\n\n\n\n<p>Ein Werkstattseminar zum wirksamen Umgang mit Entscheidungen<\/p>\n\n\n\n<h4 class=\"wp-block-heading\">WAS DU VON DIESEM SEMINAR HAST<\/h4>\n\n\n\n<p>S\u00e4mtliche F\u00fchrungsaufgaben entwachsen aus Entscheidungen. S\u00e4mtliche F\u00fchrungsaufgaben m\u00fcnden in Entscheidungen. Entscheidungen sind der Dreh\u2013 und Angelpunkt im Management.<\/p>\n\n\n\n<p>Der Organisationsalltag ist komplex. Ebenso m\u00f6chte das Personal in Entscheidungen angemessen einbezogen werden. Nicht zuletzt konnte bislang (zum Gl\u00fcck) noch nie ein Mensch die Zukunft vorhersehen. Angesichts solcher Unsicherheitsfaktoren kann man in der Tat von einer hohen Kunst sprechen, wenn es darum geht, gute Entscheidung zu treffen und Ma\u00dfnahmen zieldienlich in die Wege zu leiten. Ja, es ist sogar in G\u00e4nze zu fragen, inwieweit F\u00fchrungskr\u00e4fte \u00fcberhaupt entscheiden k\u00f6nnen.<\/p>\n\n\n\n<p>In diesem Intensiv-Werkstatt-Seminar erkundest das Entscheidungsmanagement aus systemischer Sicht. Schritt f\u00fcr Schritt entsteht so Sicherheit im Umgang mit der Unsicherheit des Entscheidens.<\/p>\n\n\n\n<h4 class=\"wp-block-heading\">F\u00dcR WEN ES IST<\/h4>\n\n\n\n<p>Du bist Inhaber, gesch\u00e4ftsf\u00fchrend t\u00e4tig, arbeitest als disziplinarische F\u00fchrungskraft oder lateral, zum Beispiel im agilen Umfeld oder im Projekt? Du m\u00f6chtest den Spielraum deiner M\u00f6glichkeiten erweitern durch ein systemisch fundiertes Entscheidungsmanagement? Dann bist du mit diesem Seminar angesprochen.<\/p>\n\n\n\n<h4 class=\"wp-block-heading\">WAS UNS IM SEMINAR LEITET<\/h4>\n\n\n\n<ul class=\"wp-block-list\">\n<li>Die Bedeutung von Entscheidungen im F\u00fchrungsalltag<\/li>\n\n\n\n<li>Entscheidung und Akzeptanz \u2013 zwei Seiten einer Medaille<\/li>\n\n\n\n<li>Faktoren f\u00fcr den Erfolg von Entscheidungen<\/li>\n\n\n\n<li>Entscheidungspr\u00e4missen \u2013 ein n\u00fctzliches Konzept zur Gestaltung und Ver\u00e4nderung von Organisationen<\/li>\n\n\n\n<li>Die Paradoxien von Entscheidungen aus systemischer Sicht<\/li>\n\n\n\n<li>Einbindung von Personal in den Entscheidungsprozess<\/li>\n\n\n\n<li>N\u00fctzliche Tools zum Entscheidungsmanagement<\/li>\n\n\n\n<li>Heroisches und postheroisches Entscheidungsmanagement<\/li>\n\n\n\n<li>Tetralemma und SySt-Wertequadrat als Werkzeuge im Umgang mit Paradoxien<\/li>\n\n\n\n<li>Entscheidungsmanagement und Netzwerkmanagement \u2013 Zusammenh\u00e4nge<\/li>\n\n\n\n<li>Popul\u00e4re und unpopul\u00e4re Entscheidungen treffen und angemessen kommunizieren<\/li>\n\n\n\n<li>Authentizit\u00e4t von F\u00fchrung \u2013 wein passendes Konzept?<\/li>\n<\/ul>\n\n\n\n<h4 class=\"wp-block-heading\">TERMIN\/ORT<\/h4>\n\n\n\n<p>Mo. 18.11.2024 &#8211; Di. 19.11.2024<br>Kunze-Hof, Seefeld, Jadebusen (Landkreis Wesermarsch)<\/p>\n\n\n\n<figure class=\"wp-block-image size-large\"><img loading=\"lazy\" decoding=\"async\" width=\"1024\" height=\"546\" src=\"http:\/\/thomas-schleiken.com\/wp-content\/uploads\/2024\/05\/210823-Kunze-Hof-Website-2-1024x546.jpg\" alt=\"\" class=\"wp-image-1660\" srcset=\"http:\/\/thomas-schleiken.com\/wp-content\/uploads\/2024\/05\/210823-Kunze-Hof-Website-2-1024x546.jpg 1024w, http:\/\/thomas-schleiken.com\/wp-content\/uploads\/2024\/05\/210823-Kunze-Hof-Website-2-300x160.jpg 300w, http:\/\/thomas-schleiken.com\/wp-content\/uploads\/2024\/05\/210823-Kunze-Hof-Website-2-768x409.jpg 768w, http:\/\/thomas-schleiken.com\/wp-content\/uploads\/2024\/05\/210823-Kunze-Hof-Website-2-1536x819.jpg 1536w, http:\/\/thomas-schleiken.com\/wp-content\/uploads\/2024\/05\/210823-Kunze-Hof-Website-2-2048x1092.jpg 2048w\" sizes=\"auto, (max-width: 767px) 89vw, (max-width: 1000px) 54vw, (max-width: 1071px) 543px, 580px\" \/><\/figure>\n\n\n\n<h4 class=\"wp-block-heading\">INVESTITION<\/h4>\n\n\n\n<p>Seminargeb\u00fchr 850,- Euro pro Person zzgl. MwSt.<br>zzgl. \u00dcbernachtungs- -und Tagungspauschale des Hotels (obligatorisch)<\/p>\n\n\n\n<p>Die Teilnehmerzahl ist begrenzt auf 12 Personen<\/p>\n\n\n\n<div class=\"wp-block-file\"><a id=\"wp-block-file--media-1a742336-a497-484b-9e43-47cbba3c17d7\" href=\"http:\/\/thomas-schleiken.com\/wp-content\/uploads\/2024\/03\/Flyer-Entscheidungsmanagement-2024.pdf\">Flyer &#8211; Entscheidungsmanagement 2024<\/a><a href=\"http:\/\/thomas-schleiken.com\/wp-content\/uploads\/2024\/03\/Flyer-Entscheidungsmanagement-2024.pdf\" class=\"wp-block-file__button wp-element-button\" download aria-describedby=\"wp-block-file--media-1a742336-a497-484b-9e43-47cbba3c17d7\">Herunterladen<\/a><\/div>\n\n\n\n<div class=\"wp-block-buttons is-layout-flex wp-block-buttons-is-layout-flex\">\n<div class=\"wp-block-button\"><a class=\"wp-block-button__link wp-element-button\" href=\"mailto:schleikentcc@t-online.de\">Anmeldung per eMail<\/a><\/div>\n<\/div>\n","protected":false},"excerpt":{"rendered":"<p>ENTSCHEIDUNGSMANAGEMENT F\u00dcR F\u00dcHRUNGSKR\u00c4FTE Ein Werkstattseminar zum wirksamen Umgang mit Entscheidungen WAS DU VON DIESEM SEMINAR HAST S\u00e4mtliche F\u00fchrungsaufgaben entwachsen aus Entscheidungen. S\u00e4mtliche F\u00fchrungsaufgaben m\u00fcnden in Entscheidungen. Entscheidungen sind der Dreh\u2013 und Angelpunkt im Management. Der Organisationsalltag ist komplex. Ebenso m\u00f6chte das Personal in Entscheidungen angemessen einbezogen werden. Nicht zuletzt konnte bislang (zum Gl\u00fcck) noch nie &hellip; <\/p>\n<p class=\"link-more\"><a href=\"http:\/\/thomas-schleiken.com\/?page_id=1636\" class=\"more-link\"><span class=\"screen-reader-text\">\u201eENTSCHEIDUNGSMANAGEMENT\u201c<\/span> weiterlesen<\/a><\/p>\n","protected":false},"author":1,"featured_media":0,"parent":0,"menu_order":0,"comment_status":"closed","ping_status":"closed","template":"","meta":{"footnotes":""},"class_list":["post-1636","page","type-page","status-publish","hentry"],"_links":{"self":[{"href":"http:\/\/thomas-schleiken.com\/index.php?rest_route=\/wp\/v2\/pages\/1636","targetHints":{"allow":["GET"]}}],"collection":[{"href":"http:\/\/thomas-schleiken.com\/index.php?rest_route=\/wp\/v2\/pages"}],"about":[{"href":"http:\/\/thomas-schleiken.com\/index.php?rest_route=\/wp\/v2\/types\/page"}],"author":[{"embeddable":true,"href":"http:\/\/thomas-schleiken.com\/index.php?rest_route=\/wp\/v2\/users\/1"}],"replies":[{"embeddable":true,"href":"http:\/\/thomas-schleiken.com\/index.php?rest_route=%2Fwp%2Fv2%2Fcomments&post=1636"}],"version-history":[{"count":7,"href":"http:\/\/thomas-schleiken.com\/index.php?rest_route=\/wp\/v2\/pages\/1636\/revisions"}],"predecessor-version":[{"id":1921,"href":"http:\/\/thomas-schleiken.com\/index.php?rest_route=\/wp\/v2\/pages\/1636\/revisions\/1921"}],"wp:attachment":[{"href":"http:\/\/thomas-schleiken.com\/index.php?rest_route=%2Fwp%2Fv2%2Fmedia&parent=1636"}],"curies":[{"name":"wp","href":"https:\/\/api.w.org\/{rel}","templated":true}]}}