{"id":165,"date":"2020-06-23T13:27:28","date_gmt":"2020-06-23T13:27:28","guid":{"rendered":"http:\/\/thomas-schleiken.com\/?page_id=165"},"modified":"2026-03-25T11:16:58","modified_gmt":"2026-03-25T11:16:58","slug":"training","status":"publish","type":"page","link":"http:\/\/thomas-schleiken.com\/?page_id=165","title":{"rendered":"FORTBILDUNGEN \/ WEITERBILDUNGEN"},"content":{"rendered":"\n<p>Im Fokus der Trainings, die ich f\u00fcr dich entwickelt habe, steht dein erfolgreiches und leistungswirksames Verhalten im Zusammenspiel mit den Akteuren vor Ort. Du bist Inhaber, Entscheider, F\u00fchrungskraft, F\u00fchrungsnachwuchskraft oder Projektmanager? Dann profitierst du nachhaltig von meinen Trainings.<\/p>\n\n\n\n<div class=\"wp-block-buttons is-layout-flex wp-block-buttons-is-layout-flex\">\n<div class=\"wp-block-button is-style-outline is-style-outline--1\"><a class=\"wp-block-button__link has-very-dark-gray-color has-light-green-cyan-background-color has-text-color has-background wp-element-button\" href=\"http:\/\/thomas-schleiken.com\/?page_id=195\"><strong>F\u00dcHRUNGSTRAININGS<\/strong><\/a><\/div>\n<\/div>\n\n\n\n<ul class=\"wp-block-list\">\n<li>Achtsamkeit im F\u00fchrungsalltag<\/li>\n\n\n\n<li>Agiles F\u00fchren<\/li>\n\n\n\n<li>Empowerment &#8211; Strukturen und Spiele der Macht<\/li>\n\n\n\n<li>Entfaltung der F\u00fchrungspers\u00f6nlichkeit<\/li>\n\n\n\n<li>F\u00fchren mit Emotionaler Intelligenz<\/li>\n\n\n\n<li>F\u00fchren in st\u00fcrmischen Zeiten &#8211; Erfolgreich durch die Krise<\/li>\n\n\n\n<li>L\u00f6sungsorientierte Kommunikation und Menschenf\u00fchrung<\/li>\n\n\n\n<li>Navigieren beim Driften &#8211; Intervallseminar f\u00fcr F\u00fchrungskr\u00e4fte<\/li>\n\n\n\n<li>Praxisraum Konfliktmanagement<\/li>\n\n\n\n<li>Selbstf\u00fchrung<\/li>\n\n\n\n<li>Teams spielend managen<\/li>\n\n\n\n<li>Unl\u00f6sbare F\u00fchrungsarufgaben erfolgreich meistern<\/li>\n<\/ul>\n\n\n\n<div class=\"wp-block-buttons is-layout-flex wp-block-buttons-is-layout-flex\">\n<div class=\"wp-block-button is-style-outline is-style-outline--2\"><a class=\"wp-block-button__link has-very-dark-gray-color has-light-green-cyan-background-color has-text-color has-background wp-element-button\" href=\"http:\/\/thomas-schleiken.com\/?page_id=208\"><strong>TRAININGS F\u00dcR F\u00dcHRUNGSKR\u00c4FTE IM \u00d6FFENTLICHEN DIENST<\/strong><\/a><\/div>\n<\/div>\n\n\n\n<ul class=\"wp-block-list\">\n<li>F\u00fchrungsverantwortung in der \u00f6ffentlichen Verwaltung &#8211; Intervallseminar<\/li>\n\n\n\n<li>Damit der Changeprozess gelingt<\/li>\n\n\n\n<li>Effektives Konfliktmanagement in der Verwaltung<\/li>\n\n\n\n<li>Macht entschl\u00fcsseln &#8211; Machtspielen begegnen<\/li>\n\n\n\n<li>Mitarbeitergespr\u00e4che in der Verwaltung erfolgreich f\u00fchren<\/li>\n\n\n\n<li>Projektmanagement in der Verwaltung weiterdenken &#8211; Intervallseminar<\/li>\n<\/ul>\n\n\n\n<div class=\"wp-block-buttons is-layout-flex wp-block-buttons-is-layout-flex\">\n<div class=\"wp-block-button is-style-outline is-style-outline--3\"><a class=\"wp-block-button__link has-very-dark-gray-color has-light-green-cyan-background-color has-text-color has-background wp-element-button\" href=\"http:\/\/thomas-schleiken.com\/?page_id=315\">T<strong>RAININGS F\u00dcR DAS UMFELD VON PROJEKTMANAGEMENT<\/strong><\/a><\/div>\n<\/div>\n\n\n\n<ul class=\"wp-block-list\">\n<li>Konfliktroadmap f\u00fcr den Projektalltag<\/li>\n\n\n\n<li>Projektmanagement in der Verwaltung weiterdenken &#8211; Intervallseminar<\/li>\n\n\n\n<li>Projektmanagement mit Emotionaler Intelligenz<\/li>\n\n\n\n<li>Projektmanagement-Simulationstraining<\/li>\n\n\n\n<li>Projektmanagement &#8211; Verhalten, Haltung, L\u00f6sungsans\u00e4tz<\/li>\n\n\n\n<li>Teams spielend managen<\/li>\n<\/ul>\n\n\n\n<div class=\"wp-block-buttons is-layout-flex wp-block-buttons-is-layout-flex\">\n<div class=\"wp-block-button is-style-outline is-style-outline--4\"><a class=\"wp-block-button__link has-black-color has-light-green-cyan-background-color has-text-color has-background wp-element-button\" href=\"http:\/\/thomas-schleiken.com\/?page_id=1083\"><strong>WEITERBILDUNG SYSTEMSICHE BERATUNG &#8211; QUALIFIZIERUNG ZUM COACH<\/strong><\/a><\/div>\n<\/div>\n\n\n\n<ul class=\"wp-block-list\">\n<li>Grundkurs Systemische Beratung &#8211; Qualifizierung zum Coach<\/li>\n\n\n\n<li>Aufbaukurs Systemische Beratung &#8211; Qualifizierung zum Coach<\/li>\n<\/ul>\n\n\n\n<div class=\"wp-block-buttons is-layout-flex wp-block-buttons-is-layout-flex\">\n<div class=\"wp-block-button is-style-outline is-style-outline--5\"><a class=\"wp-block-button__link has-black-color has-light-green-cyan-background-color has-text-color has-background has-link-color wp-element-button\" href=\"http:\/\/thomas-schleiken.com\/?page_id=1667\"><strong>WEITERBILDUNG SYSTEMISCHE BERATUNG &#8211; QUALIFIZIERUNG ZUM MASTER-\/SENIORCOACH<\/strong><\/a><\/div>\n\n\n\n<div class=\"wp-block-button is-style-outline is-style-outline--6\"><a class=\"wp-block-button__link has-black-color has-light-green-cyan-background-color has-text-color has-background has-link-color wp-element-button\" href=\"http:\/\/thomas-schleiken.com\/?page_id=1986\"><strong>SYSTEMAUFSTELLUNGEN IM ORGANISATIONALEN KONTEXT<\/strong><\/a><\/div>\n<\/div>\n\n\n\n<div class=\"wp-block-buttons is-layout-flex wp-block-buttons-is-layout-flex\">\n<div class=\"wp-block-button is-style-outline is-style-outline--7\"><a class=\"wp-block-button__link has-black-color has-light-green-cyan-background-color has-text-color has-background wp-element-button\" href=\"http:\/\/thomas-schleiken.com\/?page_id=822\"><strong>F\u00dcR ENTSCHEIDER<\/strong><\/a><\/div>\n<\/div>\n\n\n\n<div class=\"wp-block-buttons is-layout-flex wp-block-buttons-is-layout-flex\"><\/div>\n\n\n\n<div class=\"wp-block-columns is-layout-flex wp-container-core-columns-is-layout-9d6595d7 wp-block-columns-is-layout-flex\">\n<div class=\"wp-block-column is-layout-flow wp-block-column-is-layout-flow\">\n<figure class=\"wp-block-image size-large\"><img loading=\"lazy\" decoding=\"async\" width=\"265\" height=\"420\" src=\"http:\/\/thomas-schleiken.com\/wp-content\/uploads\/2020\/07\/Kommunikation_Verwaltung.jpg\" alt=\"\" class=\"wp-image-512\" srcset=\"http:\/\/thomas-schleiken.com\/wp-content\/uploads\/2020\/07\/Kommunikation_Verwaltung.jpg 265w, http:\/\/thomas-schleiken.com\/wp-content\/uploads\/2020\/07\/Kommunikation_Verwaltung-189x300.jpg 189w\" sizes=\"auto, (max-width: 265px) 100vw, 265px\" \/><figcaption class=\"wp-element-caption\">Thomas Schleiken: Kommunikation in der \u00f6ffentlichen Verwaltung.<br>ERH\u00c4LTLICH IM BUCHHANDEL!<\/figcaption><\/figure>\n<\/div>\n\n\n\n<div class=\"wp-block-column is-layout-flow wp-block-column-is-layout-flow\">\n<figure class=\"wp-block-image size-large is-resized\"><img loading=\"lazy\" decoding=\"async\" width=\"480\" height=\"761\" src=\"http:\/\/thomas-schleiken.com\/wp-content\/uploads\/2020\/07\/Konfliktmanagement.jpg\" alt=\"\" class=\"wp-image-513\" style=\"width:259px;height:auto\" srcset=\"http:\/\/thomas-schleiken.com\/wp-content\/uploads\/2020\/07\/Konfliktmanagement.jpg 480w, http:\/\/thomas-schleiken.com\/wp-content\/uploads\/2020\/07\/Konfliktmanagement-189x300.jpg 189w\" sizes=\"auto, (max-width: 480px) 100vw, 480px\" \/><figcaption class=\"wp-element-caption\">Thomas Schleiken: Konfliktmanagement.<br>ERH\u00c4LTLICH IM BUCHHANDEL!<\/figcaption><\/figure>\n<\/div>\n<\/div>\n\n\n\n<div style=\"height:91px\" aria-hidden=\"true\" class=\"wp-block-spacer\"><\/div>\n\n\n\n<div class=\"wp-block-columns is-layout-flex wp-container-core-columns-is-layout-9d6595d7 wp-block-columns-is-layout-flex\">\n<div class=\"wp-block-column is-layout-flow wp-block-column-is-layout-flow\">\n<figure class=\"wp-block-image size-large\"><a href=\"https:\/\/www.coaching-dgfc.de\/\" target=\"_blank\" rel=\"noopener noreferrer\"><img loading=\"lazy\" decoding=\"async\" width=\"392\" height=\"120\" src=\"http:\/\/thomas-schleiken.com\/wp-content\/uploads\/2020\/06\/DGfC-1920w.png\" alt=\"\" class=\"wp-image-155\" srcset=\"http:\/\/thomas-schleiken.com\/wp-content\/uploads\/2020\/06\/DGfC-1920w.png 392w, http:\/\/thomas-schleiken.com\/wp-content\/uploads\/2020\/06\/DGfC-1920w-300x92.png 300w\" sizes=\"auto, (max-width: 392px) 100vw, 392px\" \/><\/a><figcaption class=\"wp-element-caption\">Zertifizierter Seniorcoach DGfC<\/figcaption><\/figure>\n<\/div>\n\n\n\n<div class=\"wp-block-column is-layout-flow wp-block-column-is-layout-flow\">\n<figure class=\"wp-block-image size-large\"><a href=\"https:\/\/www.fachverband-coaching.de\/\" target=\"_blank\" rel=\"noopener noreferrer\"><img loading=\"lazy\" decoding=\"async\" width=\"1024\" height=\"410\" src=\"http:\/\/thomas-schleiken.com\/wp-content\/uploads\/2020\/06\/1-DFC-Logo-2016-TRANSPARENT-big-1024x410.png\" alt=\"\" class=\"wp-image-154\" srcset=\"http:\/\/thomas-schleiken.com\/wp-content\/uploads\/2020\/06\/1-DFC-Logo-2016-TRANSPARENT-big-1024x410.png 1024w, http:\/\/thomas-schleiken.com\/wp-content\/uploads\/2020\/06\/1-DFC-Logo-2016-TRANSPARENT-big-300x120.png 300w, http:\/\/thomas-schleiken.com\/wp-content\/uploads\/2020\/06\/1-DFC-Logo-2016-TRANSPARENT-big-768x307.png 768w, http:\/\/thomas-schleiken.com\/wp-content\/uploads\/2020\/06\/1-DFC-Logo-2016-TRANSPARENT-big-1536x615.png 1536w, http:\/\/thomas-schleiken.com\/wp-content\/uploads\/2020\/06\/1-DFC-Logo-2016-TRANSPARENT-big-2048x820.png 2048w\" sizes=\"auto, (max-width: 767px) 89vw, (max-width: 1000px) 54vw, (max-width: 1071px) 543px, 580px\" \/><\/a><figcaption class=\"wp-element-caption\">Coach DFC<\/figcaption><\/figure>\n<\/div>\n\n\n\n<div class=\"wp-block-column is-layout-flow wp-block-column-is-layout-flow\">\n<figure class=\"wp-block-image size-large is-resized\"><a href=\"https:\/\/forumwerteorientierung.de\/\" target=\"_blank\" rel=\"noopener noreferrer\"><img loading=\"lazy\" decoding=\"async\" width=\"1017\" height=\"1024\" src=\"http:\/\/thomas-schleiken.com\/wp-content\/uploads\/2020\/06\/FWW_Siegel_1c_100mm-1017x1024.png\" alt=\"\" class=\"wp-image-156\" style=\"width:136px;height:auto\" srcset=\"http:\/\/thomas-schleiken.com\/wp-content\/uploads\/2020\/06\/FWW_Siegel_1c_100mm-1017x1024.png 1017w, http:\/\/thomas-schleiken.com\/wp-content\/uploads\/2020\/06\/FWW_Siegel_1c_100mm-298x300.png 298w, http:\/\/thomas-schleiken.com\/wp-content\/uploads\/2020\/06\/FWW_Siegel_1c_100mm-150x150.png 150w, http:\/\/thomas-schleiken.com\/wp-content\/uploads\/2020\/06\/FWW_Siegel_1c_100mm-768x773.png 768w, http:\/\/thomas-schleiken.com\/wp-content\/uploads\/2020\/06\/FWW_Siegel_1c_100mm-100x100.png 100w, http:\/\/thomas-schleiken.com\/wp-content\/uploads\/2020\/06\/FWW_Siegel_1c_100mm.png 1192w\" sizes=\"auto, (max-width: 767px) 89vw, (max-width: 1000px) 54vw, (max-width: 1071px) 543px, 580px\" \/><\/a><figcaption class=\"wp-element-caption\">Zertifiziert: An diesen Ethikrichtlinien orientiert sich meine Arbeit<\/figcaption><\/figure>\n<\/div>\n<\/div>\n","protected":false},"excerpt":{"rendered":"<p>Im Fokus der Trainings, die ich f\u00fcr dich entwickelt habe, steht dein erfolgreiches und leistungswirksames Verhalten im Zusammenspiel mit den Akteuren vor Ort. Du bist Inhaber, Entscheider, F\u00fchrungskraft, F\u00fchrungsnachwuchskraft oder Projektmanager? Dann profitierst du nachhaltig von meinen Trainings.<\/p>\n","protected":false},"author":1,"featured_media":0,"parent":0,"menu_order":0,"comment_status":"closed","ping_status":"closed","template":"","meta":{"footnotes":""},"class_list":["post-165","page","type-page","status-publish","hentry"],"_links":{"self":[{"href":"http:\/\/thomas-schleiken.com\/index.php?rest_route=\/wp\/v2\/pages\/165","targetHints":{"allow":["GET"]}}],"collection":[{"href":"http:\/\/thomas-schleiken.com\/index.php?rest_route=\/wp\/v2\/pages"}],"about":[{"href":"http:\/\/thomas-schleiken.com\/index.php?rest_route=\/wp\/v2\/types\/page"}],"author":[{"embeddable":true,"href":"http:\/\/thomas-schleiken.com\/index.php?rest_route=\/wp\/v2\/users\/1"}],"replies":[{"embeddable":true,"href":"http:\/\/thomas-schleiken.com\/index.php?rest_route=%2Fwp%2Fv2%2Fcomments&post=165"}],"version-history":[{"count":29,"href":"http:\/\/thomas-schleiken.com\/index.php?rest_route=\/wp\/v2\/pages\/165\/revisions"}],"predecessor-version":[{"id":2021,"href":"http:\/\/thomas-schleiken.com\/index.php?rest_route=\/wp\/v2\/pages\/165\/revisions\/2021"}],"wp:attachment":[{"href":"http:\/\/thomas-schleiken.com\/index.php?rest_route=%2Fwp%2Fv2%2Fmedia&parent=165"}],"curies":[{"name":"wp","href":"https:\/\/api.w.org\/{rel}","templated":true}]}}