{"id":1667,"date":"2024-05-15T12:19:36","date_gmt":"2024-05-15T12:19:36","guid":{"rendered":"http:\/\/thomas-schleiken.com\/?page_id=1667"},"modified":"2026-01-12T16:01:43","modified_gmt":"2026-01-12T16:01:43","slug":"weiterbildung-systemische-beratung-qualifizierung-zum-master-seniorcoach","status":"publish","type":"page","link":"http:\/\/thomas-schleiken.com\/?page_id=1667","title":{"rendered":"WEITERBILDUNG SYSTEMISCHE BERATUNG &#8211; QUALIFIZIERUNG ZUM MASTER-\/SENIORCOACH"},"content":{"rendered":"\n<p><em>zertifiziert nach den Standards der DGfC<\/em><\/p>\n\n\n\n<figure class=\"wp-block-image size-large\"><img loading=\"lazy\" decoding=\"async\" width=\"1024\" height=\"456\" src=\"http:\/\/thomas-schleiken.com\/wp-content\/uploads\/2024\/05\/IMG_2698_bearb_PS_flach_kl-1024x456.jpg\" alt=\"\" class=\"wp-image-1669\" srcset=\"http:\/\/thomas-schleiken.com\/wp-content\/uploads\/2024\/05\/IMG_2698_bearb_PS_flach_kl-1024x456.jpg 1024w, http:\/\/thomas-schleiken.com\/wp-content\/uploads\/2024\/05\/IMG_2698_bearb_PS_flach_kl-300x133.jpg 300w, http:\/\/thomas-schleiken.com\/wp-content\/uploads\/2024\/05\/IMG_2698_bearb_PS_flach_kl-768x342.jpg 768w, http:\/\/thomas-schleiken.com\/wp-content\/uploads\/2024\/05\/IMG_2698_bearb_PS_flach_kl-1536x684.jpg 1536w, http:\/\/thomas-schleiken.com\/wp-content\/uploads\/2024\/05\/IMG_2698_bearb_PS_flach_kl-2048x911.jpg 2048w\" sizes=\"auto, (max-width: 767px) 89vw, (max-width: 1000px) 54vw, (max-width: 1071px) 543px, 580px\" \/><\/figure>\n\n\n\n<h2 class=\"wp-block-heading\">WEITERBILDUNG<br><strong>SYSTEMISCHE BERATUNG &#8211; QUALIFIZIERUNG ZUM MASTER-\/SENIORCOACH<\/strong>*<\/h2>\n\n\n\n<h4 class=\"wp-block-heading\">SYSTEMISCHE BERATUNG &#8211; COACHING &#8211; MASTERCOACHING<\/h4>\n\n\n\n<p>In der sich wandelnden Gesellschaft ver\u00e4ndern sich ebenfalls die Anforderungen an Coaches, damit sie Menschen und Organisationen in ihren Ver\u00e4nderungsprozessen angemessen und wirksam begleiten k\u00f6nnen. Mastercoaches sehen sich in diesem Zusammenhang mit neuen Rollen, Erwartungen und Verantwortungen konfrontiert. Auch sind sie aufgefordert, sich stetig selbst weiter zu entwickeln und zu lernen. Und sie werden zum Gestalter, Wegbereiter und Vision\u00e4r gegen\u00fcber dem herrschenden Mainstream in einer sich transformierenden Welt.<\/p>\n\n\n\n<p>Die systemische Beratung ist im Reigen der Beratungsans\u00e4tze heute weitgehend Standard. Diese Weiterbildung zum Mastercoach\/Seniorcoach DGfC orientiert sich als Aufbauqualifizierung an der Vertiefung und Spezifizierung von Handlungskompetenzen. Das systemische Denken und Handeln ist dabei die wesentliche Leitmatrix. Gleichsam vermittelt es die damit einhergehenden vielf\u00e4ltigen Kompetenzen f\u00fcr die Beratung\/f\u00fcr das Coaching.<\/p>\n\n\n\n<p>Zu diesen Kompetenzen z\u00e4hlen insbesondere auch die Kompetenzfelder, Sozialkompetenz (Selbstkompetenz, Interaktionskompetenz, Profilentwicklung) sowie Fachkompetenz (Theoriekompetenz und Interventionskompetenz).<\/p>\n\n\n\n<p>In dieser Weiterbildung zum\/zur Mastercoach\/Seniorcoach erarbeitest du dir die F\u00e4higkeit, gr\u00f6\u00dfere Organisationszusammenh\u00e4nge zu verstehen, dich darin zu orientieren und komplexe soziale Systeme (Leitungsrollen, Projekte, Organisationen) sinnvoll zu begleiten. Auch erarbeitest du dir ein tieferes Verst\u00e4ndnis des Menschseins, der systemischen Kopplung zwischen Menschen und Organisationen sowie ihren untergeordneten Einheiten. Ziel ist die Entwicklung von Coaching-Strategien f\u00fcr die Einzel-, Team-, Gruppen- und Organisationsberatung sowie die Bef\u00e4higung zum Lehrcoaching. Ein besonderes Qualit\u00e4tsmerkmal dieser Weiterbildung ist die Erstellung eines individuellen Meisterst\u00fccks. Bei der Vermittlung der Methoden geht es dabei im Kern um deine kontinuierliche Selbstreflexion und Pers\u00f6nlichkeitsentwicklung als Coach.<\/p>\n\n\n\n<p>Impulsvortr\u00e4ge und Diskussionen zu den theoretischen Konzepten liefern das grundlegende R\u00fcstzeug. Du reflektierst konkrete F\u00e4lle aus der Alltagspraxis und erkundest die Methoden praktisch. Das erlebnis- und erfahrungsorientierte Lernen steht dabei stets im Vordergrund.<\/p>\n\n\n\n<h4 class=\"wp-block-heading\">INHALT DER WEITERBILDUNG<\/h4>\n\n\n\n<p>Diese Weiterbildung basiert auf drei zentralen Aspekten: Vertiefung, Erweiterung und Bef\u00e4higung zum Lehrcoaching.<\/p>\n\n\n\n<h4 class=\"wp-block-heading\"><em>Vertiefung<\/em><\/h4>\n\n\n\n<p>Hier findet eine Vertiefung der Perspektiven und Kompetenzen statt in den folgenden Bereichen<\/p>\n\n\n\n<ul class=\"wp-block-list\">\n<li>Rolle und Funktion als Master-\/Seniorcoach<\/li>\n\n\n\n<li>vertiefende Aspekte des systemischen Managements und der systemischen Beratung<\/li>\n\n\n\n<li>erg\u00e4nzende Perspektiven systemischer Strukturaufstellungen<\/li>\n\n\n\n<li>Konzeption und Gestaltung von Lehr-\/Lernsettings aus systemisch-konstruktivistischer Perspektive<\/li>\n\n\n\n<li>Erweitern des Handlungsspielraums durch das Erkunden weiterf\u00fchrender Interventionstechniken und methodischer Zug\u00e4nge<\/li>\n<\/ul>\n\n\n\n<h4 class=\"wp-block-heading\"><em>Erweiterung<\/em><\/h4>\n\n\n\n<p>Hier findet eine Erweiterung der Perspektiven und Kompetenzen statt in den folgenden Bereichen<\/p>\n\n\n\n<ul class=\"wp-block-list\">\n<li>Mehrpesonensettings, d. h. Settings in komplexeren sozialen Systemen<\/li>\n\n\n\n<li>Entwicklung der F\u00e4higkeit zur Gestaltung unterschiedlicher Coachingsettings und Lehr-\/Lernsettings mit verschiedenen Fokuspunkten<\/li>\n\n\n\n<li>Entwicklung der F\u00e4higkeit im Umgang mit verschiedenen Auspr\u00e4gungen von Organisationen<\/li>\n\n\n\n<li>Changeprozesse und deren Begleitung<\/li>\n\n\n\n<li>Entwicklung der Rolle(n) und der Bef\u00e4higung zum Lehrcoaching sowie Lehrcoaching als Beobachtung dritter Ordnung<\/li>\n\n\n\n<li>Ethik in Beratung\/Coaching sowie im Management<\/li>\n<\/ul>\n\n\n\n<h4 class=\"wp-block-heading\"><em><strong>Bef\u00e4higung <\/strong><\/em><em><strong>Lehrcoaching<\/strong><\/em><\/h4>\n\n\n\n<p>Diese Weiterbildung bef\u00e4higt und berechtigt dich, als Lehrcoach und\/oder als Weiterbilderin\/Weiterbildner gem\u00e4\u00df den Standards der DGfC t\u00e4tig zu werden. Die im Kurs erworbene Bef\u00e4higung zum Lehrcoaching dient der Erweiterung von Handlungskompetenzen u. a.:<\/p>\n\n\n\n<ul class=\"wp-block-list\">\n<li>in der Begleitung der zuk\u00fcnftigen Coaches hin zur Definition einer neuen Profession und damit einhergehend neuer Handlungskompetenzen<\/li>\n\n\n\n<li>im Lehren der Profession<\/li>\n\n\n\n<li>in der Unterst\u00fctzung, Expertise im Coaching praktisch umzusetzen und fruchtbar zu machen<\/li>\n\n\n\n<li>in der Begleitung der zuk\u00fcnftigen Coaches bei der Positionierung auf dem Beratungsmarkt<\/li>\n<\/ul>\n\n\n\n<h4 class=\"wp-block-heading\"><em><strong>Meisterst\u00fcck<\/strong><\/em><\/h4>\n\n\n\n<p>Das \u201eMeisterst\u00fcck\u201c ist ein individuelles Vorhaben, mit dem du dein Selbstverst\u00e4ndnis als Master-\/Seniorcoach darstellst. Du zeigst damit auch deine besondere F\u00e4higkeit in der Prozessgestaltung (vom Erstgespr\u00e4ch bis zur Evaluation) sowie im professionellen Reflektieren von Coachingprozessen. Im Kolloquium am Ende der Weiterbildung erfolgt damit einhergehend die Pr\u00e4sentation und der Fachaustausch zu einem Coachingschwerpunkt mit Kompetenzfeedback durch Kursleitung und die Gruppenmitglieder.<\/p>\n\n\n\n<h4 class=\"wp-block-heading\">SEMINARORT<\/h4>\n\n\n\n<p>Seminarhotel Kunze-Hof, Deichstra\u00dfe 16-18, 26937 Stadland-Seefeld<\/p>\n\n\n\n<figure class=\"wp-block-image size-large\"><img loading=\"lazy\" decoding=\"async\" width=\"1024\" height=\"557\" src=\"http:\/\/thomas-schleiken.com\/wp-content\/uploads\/2024\/05\/210823-Kunze-Hof-Website-1-1024x557.jpg\" alt=\"\" class=\"wp-image-1659\" srcset=\"http:\/\/thomas-schleiken.com\/wp-content\/uploads\/2024\/05\/210823-Kunze-Hof-Website-1-1024x557.jpg 1024w, http:\/\/thomas-schleiken.com\/wp-content\/uploads\/2024\/05\/210823-Kunze-Hof-Website-1-300x163.jpg 300w, http:\/\/thomas-schleiken.com\/wp-content\/uploads\/2024\/05\/210823-Kunze-Hof-Website-1-768x417.jpg 768w, http:\/\/thomas-schleiken.com\/wp-content\/uploads\/2024\/05\/210823-Kunze-Hof-Website-1-1536x835.jpg 1536w, http:\/\/thomas-schleiken.com\/wp-content\/uploads\/2024\/05\/210823-Kunze-Hof-Website-1-2048x1113.jpg 2048w\" sizes=\"auto, (max-width: 767px) 89vw, (max-width: 1000px) 54vw, (max-width: 1071px) 543px, 580px\" \/><\/figure>\n\n\n\n<p>Der Kunze-Hof liegt inmitten des Weltnaturerbes Wattenmeer. Am s\u00fcdwestlichen Jadebusen gelegen verspr\u00fcht er den Charme eines vom Inhaber mit Herzblut gef\u00fchrten Betriebes. Die lichtdurchstr\u00f6mten und freundlich eingerichteten Tagungsr\u00e4ume bieten alles, was eine gute Lernatmosph\u00e4re braucht.<\/p>\n\n\n\n<p>Der Blick geht ins Weite. Der alte Baumbestand verl\u00e4uft in die gro\u00dffl\u00e4chige Wiesenlandschaft der K\u00fcste. Die Weite der Natur, verbunden mit dem Komfort in n\u00e4chster N\u00e4he &#8211; das ist Lernen und Wohnen im Kunze-Hof. Als Gast f\u00fchlst du dich unweigerlich eingeladen zu verweilen und den Geist streifen zu lassen. Die Seele holt Luft. In der Bar ist Entspannen angesagt. Hier kannst du dich unterhalten oder einfach abschalten in kultivierter Atmosph\u00e4re.<\/p>\n\n\n\n<figure class=\"wp-block-image size-large\"><img loading=\"lazy\" decoding=\"async\" width=\"1024\" height=\"683\" src=\"http:\/\/thomas-schleiken.com\/wp-content\/uploads\/2024\/05\/210823-Kunze-Hof-Website-3-1024x683.jpg\" alt=\"\" class=\"wp-image-1661\" srcset=\"http:\/\/thomas-schleiken.com\/wp-content\/uploads\/2024\/05\/210823-Kunze-Hof-Website-3-1024x683.jpg 1024w, http:\/\/thomas-schleiken.com\/wp-content\/uploads\/2024\/05\/210823-Kunze-Hof-Website-3-300x200.jpg 300w, http:\/\/thomas-schleiken.com\/wp-content\/uploads\/2024\/05\/210823-Kunze-Hof-Website-3-768x512.jpg 768w, http:\/\/thomas-schleiken.com\/wp-content\/uploads\/2024\/05\/210823-Kunze-Hof-Website-3-1536x1024.jpg 1536w, http:\/\/thomas-schleiken.com\/wp-content\/uploads\/2024\/05\/210823-Kunze-Hof-Website-3-2048x1365.jpg 2048w\" sizes=\"auto, (max-width: 767px) 89vw, (max-width: 1000px) 54vw, (max-width: 1071px) 543px, 580px\" \/><\/figure>\n\n\n\n<p>Kleine Ausfl\u00fcge in die n\u00e4here Umgebung des Wattenmeeres erm\u00f6glichen dir inspirierende Eindr\u00fccke zu dieser au\u00dfergew\u00f6hnlichen Landschaft. Sei es die M\u00fchle in Seefeld, das einzig noch erhaltende schwimmende Au\u00dfenmoor, Strandabschnitte, Deichlandschaften, K\u00fcste und Weite sind besondere Lernbegleiter. Auf Wunsch stehen Fahrr\u00e4der zur Verf\u00fcgung.<\/p>\n\n\n\n<p>Die Anreise mit dem Zug ist m\u00f6glich, mit dem Auto empfehlenswert.<\/p>\n\n\n\n<h4 class=\"wp-block-heading\">DEIN GASTGEBER UND LEITER DER WEITERBILDUNG<\/h4>\n\n\n\n<p><strong>Thomas Schleiken<\/strong> &#8211; ich bin der Kopf hinter \u201eThomas Schleiken \u2013 Training, Coaching, Consulting\u201c und hinter BLIND LEMON RECORDS. Als Dipl.-Betriebswirt (mit zus\u00e4tzlichen Studienanteilen in Soziologie, Sozialpsychologie und Philosophie) arbeite ich seit fast 30 Jahren Jahren als systemischer Organisationsberater, Trainer und Coach mit \u00fcberwiegend privatwirtschaftlichen und \u00f6ffentlichen Betrieben zusammen. Auch in der Arbeit mit NPO, sozialen und kirchlichen Tr\u00e4gern verf\u00fcge ich \u00fcber umf\u00e4ngliche Feldkompetenz. Als CEO von BLIND LEMON RECORDS und Musiker resonieren zudem musische und kreative Aspekte in meiner Arbeit. Ich verf\u00fcge \u00fcber unfangreiche Erfahrungen im Vertrieb (Gro\u00df- und Au\u00dfenhandel), Management (Konzern), als K\u00fcnstler und als Unternehmer.  Au\u00dferdem bin ich Senior- und Lehrcoach DGfC, certified Coach RTC und Coach DFC. Mein praxiserprobtes und systemisch fundiertes Know-how gebe ich in meinen Kursen und in einer Vielzahl an Publikationen mit Begeisterung weiter.<\/p>\n\n\n\n<h4 class=\"wp-block-heading\">DER FAHRPLAN DURCH DAS CURRICULUM<\/h4>\n\n\n\n<p><strong>Modul 1<\/strong> &#8211; 07.05.2026 -09.05.2026<br>Besser coachen mit Systemtheorie<br>Anfangssituationen in Gruppenprozessen<br>Big Five For Life und mein Overarching Purpose<br>Ausblick auf Curriculum, Lehrcoaching, Peergroups etc.<\/p>\n\n\n\n<p><strong>Modul 2<\/strong>&#8211; 27.08.2026 &#8211; 29.08.2026<br>Systemische Aufstellungspraxis im Kontext von Organisationen (1)<br>Arbeiten mit Werten und Prinzipien zur Selbstf\u00fchrung und im Coaching<br>Die Fokussierung f\u00fcr den Alltag operationalisieren<br>Lehrcoaching &#8211; inwieweit betreiben wir Lehre, inwieweit Coaching?<\/p>\n\n\n\n<p><strong>Modul 3<\/strong> -03.12.2026 &#8211; 05.12.2026<br>\u00dcberg\u00e4nge in Gruppenprozessen zwischen Willkommen und Abschied<br>Systemische Aufstellungspraxis im Kontext von Organistionen (2)<br>F\u00fchren und beraten\/coachen in verschiedenen Organistaionsformen<br>Verschiedene Zug\u00e4nge zur Erf\u00fcllung im Leben<br>Reflexion der Arbeit an den Entwicklungsprojekten<\/p>\n\n\n\n<p><strong>Modul 4<\/strong> &#8211; 25.02.2027 &#8211; 27.02.2027<br>Changeprozesse und deren Begleitung<br>Systemische Aufsstellungspraxis &#8211; typische Anliegen im Beratungskontext<br>Metanoia (1)<br>Reflexion der Arbeit an den Entwicklungsprojekten<\/p>\n\n\n\n<p><strong>Modul 5<\/strong> -27.05.2027 &#8211; 29.05.2027<br>Systemisches Konfliktmanagement<br>(Lehr-)Coaching: Briefe als Werkzeug (nicht nur) zum Transfer<br>Abschlussvorbereitungen Curriculum<br>Reflexion der Arbeit an den Entwicklungsprojekten<\/p>\n\n\n\n<p><strong>Modul 6<\/strong> &#8211; 02.09.2027 &#8211; 04.09.2027<br>Abschl\u00fcsse und Transfer in Gruppenprozessen<br>Meine Haltung als Lehrcoach<br>Lehrcoaching als Bestandteil der Qualit\u00e4tsentwicklung in der DGfC<br>Metanoia (2)<br>Mein und unser Abschluss &#8211; \u00dcbergang und \u00dcberg\u00e4nge &#8211; (Neu-)Anf\u00e4nge<br>Reflexion der Arbeit an den Entwicklungsprojekten<\/p>\n\n\n\n<p><strong>Modul 7<\/strong> &#8211; 02.12.2027 &#8211; 04.12.2027<br>Evaluation<br>Kolloquium<\/p>\n\n\n\n<p>Weitere Details zu den Inhalten  und zu den Seminarzeiten findest Du in der Brosch\u00fcre (unten als PDF-Datei zum kostenlosen Download)<\/p>\n\n\n\n<p><em>Kostenose digitale Infoabende (via Zoom), Start jeweils 18 Uhr:<\/em><br>n\u00e4chste Termine: Mo.30.06.2025, Mo. 15.09.2025<br><em>Anmeldung per eMail an schleikentcc@t-online.de. Bitte das Datum des Wunschtermins angeben.<\/em><\/p>\n\n\n\n<h4 class=\"wp-block-heading\">TEILNAHMEVORAUSSETZUNGEN<\/h4>\n\n\n\n<p>F\u00fcr die Teilnahme an dieser Weiterbildung gelten die folgenden, mit der Anmeldung nachzuweisenden Voraussetzungen:<\/p>\n\n\n\n<ul class=\"wp-block-list\">\n<li>abgeschlossenes Studium oder abgeschlossene Ausbildung entsprechend DQR (Deutsche Qualit\u00e4tsrichtlinien)<\/li>\n\n\n\n<li>mindestens 5-j\u00e4hrige Berufserfahrung in den Feldern Beratung, Leitung und\/oder Bildung; der Umfang dieser T\u00e4tigkeit muss mindestens dem einer Viertelstelle entsprechen; langj\u00e4hrige Erfahrung mit geringerem Stellenanteil im gleichen Gesamtumfang kann anerkannt werden<\/li>\n\n\n\n<li>soziale Kompetenz und die Bereitschaft zur Selbstreflexion<\/li>\n\n\n\n<li>Mindestalter: 32 Jahre<\/li>\n\n\n\n<li>Erfahrungen als Coachee im Umfang von mindestens 20 Einheiten \u00e0 90 Minuten<\/li>\n\n\n\n<li>100 selbst erteilte Coachingeinheiten \u00e0 90 Min in unterschiedlichen Settings (Einzel-, Team-, Gruppencoaching) in den vergangenen 5 Jahren. Die Lerneinheiten aus der Coachingqualifizierung k\u00f6nnen angerechnet werden<\/li>\n\n\n\n<li>vollumf\u00e4nglicher Abschluss der Qualifizierung zum Coach nach den Standards der DGfC oder Nachweis einer mindestens gleichwertigen Qualifizierung<\/li>\n\n\n\n<li>Die Teilnahme an einer Mastercoach\/Seniorcoachqualifizierung ist zwei Jahre nach Abschluss der Grundqualifizierung \u201eCoach DGfC\u201c m\u00f6glich; diese \u201ePraxiszeit\u201c kann bei Vorliegen langj\u00e4hriger Praxiserfahrung verk\u00fcrzt werden<\/li>\n\n\n\n<li><em>\u00dcber m\u00f6gliche Ausnahmen befindet der Zertifizierungsausschuss der DGfC.<\/em><\/li>\n<\/ul>\n\n\n\n<p>Die Weiterbildung ist zertifiziert nach den <strong>Standards der Deutschen Gesellschaft f\u00fcr Coaching (DGfC) <\/strong>zur Qualifizierung von Mastercoaches \/ Seniorcoaches und berechtigt die Teilnehmerinnen und Teilnehmer nach erfolgreichem Abschluss und in Verbindung mit der Mitgliedschaft in der DGfC den Titel <strong>\u201eMastercoach \/ Seniorcoach (DGfC)\u201c <\/strong>zu f\u00fchren. Diese Weiterbildung entspricht ebenfalls den Standards der Deutschen Gesellschaft f\u00fcr Beratung (DGfB).<\/p>\n\n\n\n<h4 class=\"wp-block-heading\">ANFORDERUNGEN AN DIE WEITERBILDUNG<\/h4>\n\n\n\n<ul class=\"wp-block-list\">\n<li>150 UE Kurszeiten, 48 UE Kollegiale Lerngruppe an mind. 6. Tagen au\u00dferhalb der Weiterbildungsmodule, 100 UE Einzelarbeit f\u00fcr Praxisaufgaben sowie f\u00fcr die Erstellung der Abschlusspr\u00e4sentation und der Abschlussarbeit<\/li>\n\n\n\n<li>30 Einheiten zu je 90 Minuten selbst erteiltes Coaching<\/li>\n\n\n\n<li>25 Einheiten zu je 90 Minuten Lehrcoaching, davon mindestens 10 Sitzungen im Einzelsetting<\/li>\n\n\n\n<li>100 UE Einzelarbeit f\u00fcr Praxisaufgaben, Lekt\u00fcre sowie Erstellung der Abschlusspr\u00e4sentation u. der Abschlussarbeit<\/li>\n\n\n\n<li>\u201eMeisterst\u00fcck\u201c (schriftliche Abschlussarbeit)<\/li>\n\n\n\n<li>Kolloquium : Pr\u00e4sentation u. Fachaustausch zu einem Coachingschwerpunkt mit Kompetenzfeedback durch Kursleitung und Gruppenmitglieder<\/li>\n<\/ul>\n\n\n\n<p>Eigene Coachingpraxis, Lehrcoaching sowie Kollegiale Gruppensitzungen begleiten die Weiterbildung zeitlich.<\/p>\n\n\n\n<p><em>Fehlzeiten im Umfang von 10% <\/em><em>werden ausschlie\u00dflich <\/em><em>bei den Kurstagen und bei der Kollegialen Coachinggruppe toleriert.<\/em><\/p>\n\n\n\n<h3 class=\"wp-block-heading\"><strong>KURSGEB\u00dcHR<\/strong><\/h3>\n\n\n\n<p>Die Kursgeb\u00fchr betr\u00e4gt 3.570,- Euro inkl. Mehrwertsteuer. Im Preis enthalten sind die Kursunterlagen sowie digitalisierte Photoprotokolle der einzelnen Module. Die Kosten f\u00fcr die Unterbringung und Verpflegung im Kunze-Hof fallen zus\u00e4tzlich an und sind obligatorisch (320,- Euro je Modul inkl. MwSt.). Ebenfalls hinzu kommen die Kosten f\u00fcr das Lehrcoaching, die direkt mit den Lehrcoaches abgerechnet werden.<\/p>\n\n\n\n<h4 class=\"wp-block-heading\">ANMELDUNG<\/h4>\n\n\n\n<p>Die Anmeldung erfolgt \u00fcber den gesonderten Bogen \u201eVerbindliche Anmeldung zur Weiterbildung\u201c. Diesen findest du unten zum Download.<\/p>\n\n\n\n<p><\/p>\n\n\n\n<div class=\"wp-block-file\"><a id=\"wp-block-file--media-397a20e6-61a0-4706-8be7-194fc6d47a04\" href=\"http:\/\/thomas-schleiken.com\/wp-content\/uploads\/2026\/01\/Mastercoach-Seniorcoach-Weiterbildung-Informationen-und-Teilnahmebedingungen-und-Module-ab-26.pdf\">Infos u. Teilnahmebedingungen &#8211;  <em>Mastercoach-Seniorcoach Weiterbildung ab 2026<\/em><\/a><a href=\"http:\/\/thomas-schleiken.com\/wp-content\/uploads\/2026\/01\/Mastercoach-Seniorcoach-Weiterbildung-Informationen-und-Teilnahmebedingungen-und-Module-ab-26.pdf\" class=\"wp-block-file__button wp-element-button\" download aria-describedby=\"wp-block-file--media-397a20e6-61a0-4706-8be7-194fc6d47a04\">Herunterladen<\/a><\/div>\n\n\n\n<div class=\"wp-block-file\"><a id=\"wp-block-file--media-892bc199-eded-40f2-b718-4c5cc0873e91\" href=\"http:\/\/thomas-schleiken.com\/wp-content\/uploads\/2025\/04\/Anmeldung-zur-Weiterbildung-SYSTEMISCHE-BERATUNG-QUALIFIZIERUNG-ZUM-MASTERCOACH.pdf\"><em>Weiterbildung Seniorcoach &#8211; Anmeldung zur Weiterbildung<\/em><\/a><a href=\"http:\/\/thomas-schleiken.com\/wp-content\/uploads\/2025\/04\/Anmeldung-zur-Weiterbildung-SYSTEMISCHE-BERATUNG-QUALIFIZIERUNG-ZUM-MASTERCOACH.pdf\" class=\"wp-block-file__button wp-element-button\" download aria-describedby=\"wp-block-file--media-892bc199-eded-40f2-b718-4c5cc0873e91\">Herunterladen<\/a><\/div>\n\n\n\n<div class=\"wp-block-file\"><a id=\"wp-block-file--media-6f8494bb-e998-4d04-8918-64b58b74386e\" href=\"http:\/\/thomas-schleiken.com\/wp-content\/uploads\/2024\/05\/Mastercoach-Seniorcoach_DGfC_2017_-_5_Anmeldeformular_Erklaerung-zur-Anmeldung.pdf\"> <em>Weiterbildung Seniorcoach &#8211; Erkl\u00e4rung zur Anmeldung (zwingend erforderlich)<\/em><\/a><a href=\"http:\/\/thomas-schleiken.com\/wp-content\/uploads\/2024\/05\/Mastercoach-Seniorcoach_DGfC_2017_-_5_Anmeldeformular_Erklaerung-zur-Anmeldung.pdf\" class=\"wp-block-file__button wp-element-button\" download aria-describedby=\"wp-block-file--media-6f8494bb-e998-4d04-8918-64b58b74386e\">Herunterladen<\/a><\/div>\n\n\n\n<hr class=\"wp-block-separator has-alpha-channel-opacity\"\/>\n\n\n\n<p><em> * Das hier gezeigte Curriculum einschlie\u00dflich aller hinterlegten Detailinformationen im PDF-Format ist urheberrechtlich gesch\u00fctzt. Alle Rechte liegen bei Thomas Schleiken<\/em><\/p>\n\n\n\n<div class=\"wp-block-columns is-layout-flex wp-container-core-columns-is-layout-9d6595d7 wp-block-columns-is-layout-flex\">\n<div class=\"wp-block-column is-layout-flow wp-block-column-is-layout-flow\">\n<figure class=\"wp-block-image size-full is-resized\"><img loading=\"lazy\" decoding=\"async\" width=\"392\" height=\"120\" src=\"http:\/\/thomas-schleiken.com\/wp-content\/uploads\/2020\/06\/DGfC-1920w.png\" alt=\"\" class=\"wp-image-155\" style=\"width:271px;height:auto\" srcset=\"http:\/\/thomas-schleiken.com\/wp-content\/uploads\/2020\/06\/DGfC-1920w.png 392w, http:\/\/thomas-schleiken.com\/wp-content\/uploads\/2020\/06\/DGfC-1920w-300x92.png 300w\" sizes=\"auto, (max-width: 392px) 100vw, 392px\" \/><\/figure>\n<\/div>\n\n\n\n<div class=\"wp-block-column is-layout-flow wp-block-column-is-layout-flow\">\n<figure class=\"wp-block-image size-full is-resized\"><img loading=\"lazy\" decoding=\"async\" width=\"657\" height=\"673\" src=\"http:\/\/thomas-schleiken.com\/wp-content\/uploads\/2025\/02\/MasterTrainer-engl.-150dpi.png\" alt=\"\" class=\"wp-image-1864\" style=\"width:93px;height:auto\" srcset=\"http:\/\/thomas-schleiken.com\/wp-content\/uploads\/2025\/02\/MasterTrainer-engl.-150dpi.png 657w, http:\/\/thomas-schleiken.com\/wp-content\/uploads\/2025\/02\/MasterTrainer-engl.-150dpi-293x300.png 293w\" sizes=\"auto, (max-width: 657px) 100vw, 657px\" \/><\/figure>\n<\/div>\n\n\n\n<div class=\"wp-block-column is-layout-flow wp-block-column-is-layout-flow\">\n<figure class=\"wp-block-image size-large is-resized\"><img loading=\"lazy\" decoding=\"async\" width=\"1024\" height=\"410\" src=\"http:\/\/thomas-schleiken.com\/wp-content\/uploads\/2020\/06\/1-DFC-Logo-2016-TRANSPARENT-big-1024x410.png\" alt=\"\" class=\"wp-image-154\" style=\"width:262px;height:auto\" srcset=\"http:\/\/thomas-schleiken.com\/wp-content\/uploads\/2020\/06\/1-DFC-Logo-2016-TRANSPARENT-big-1024x410.png 1024w, http:\/\/thomas-schleiken.com\/wp-content\/uploads\/2020\/06\/1-DFC-Logo-2016-TRANSPARENT-big-300x120.png 300w, http:\/\/thomas-schleiken.com\/wp-content\/uploads\/2020\/06\/1-DFC-Logo-2016-TRANSPARENT-big-768x307.png 768w, http:\/\/thomas-schleiken.com\/wp-content\/uploads\/2020\/06\/1-DFC-Logo-2016-TRANSPARENT-big-1536x615.png 1536w, http:\/\/thomas-schleiken.com\/wp-content\/uploads\/2020\/06\/1-DFC-Logo-2016-TRANSPARENT-big-2048x820.png 2048w\" sizes=\"auto, (max-width: 767px) 89vw, (max-width: 1000px) 54vw, (max-width: 1071px) 543px, 580px\" \/><\/figure>\n<\/div>\n\n\n\n<div class=\"wp-block-column is-layout-flow wp-block-column-is-layout-flow\">\n<figure class=\"wp-block-image size-full is-resized\"><img loading=\"lazy\" decoding=\"async\" width=\"500\" height=\"266\" src=\"http:\/\/thomas-schleiken.com\/wp-content\/uploads\/2023\/10\/Certified-Coach-RGB-0500.jpg\" alt=\"\" class=\"wp-image-1578\" style=\"width:126px;height:auto\" srcset=\"http:\/\/thomas-schleiken.com\/wp-content\/uploads\/2023\/10\/Certified-Coach-RGB-0500.jpg 500w, http:\/\/thomas-schleiken.com\/wp-content\/uploads\/2023\/10\/Certified-Coach-RGB-0500-300x160.jpg 300w\" sizes=\"auto, (max-width: 500px) 100vw, 500px\" \/><\/figure>\n<\/div>\n\n\n\n<div class=\"wp-block-column is-layout-flow wp-block-column-is-layout-flow\">\n<figure class=\"wp-block-image size-large is-resized\"><img loading=\"lazy\" decoding=\"async\" width=\"1017\" height=\"1024\" src=\"http:\/\/thomas-schleiken.com\/wp-content\/uploads\/2020\/06\/FWW_Siegel_1c_100mm-1017x1024.png\" alt=\"\" class=\"wp-image-156\" style=\"width:94px;height:auto\" srcset=\"http:\/\/thomas-schleiken.com\/wp-content\/uploads\/2020\/06\/FWW_Siegel_1c_100mm-1017x1024.png 1017w, http:\/\/thomas-schleiken.com\/wp-content\/uploads\/2020\/06\/FWW_Siegel_1c_100mm-298x300.png 298w, http:\/\/thomas-schleiken.com\/wp-content\/uploads\/2020\/06\/FWW_Siegel_1c_100mm-150x150.png 150w, http:\/\/thomas-schleiken.com\/wp-content\/uploads\/2020\/06\/FWW_Siegel_1c_100mm-768x773.png 768w, http:\/\/thomas-schleiken.com\/wp-content\/uploads\/2020\/06\/FWW_Siegel_1c_100mm-100x100.png 100w, http:\/\/thomas-schleiken.com\/wp-content\/uploads\/2020\/06\/FWW_Siegel_1c_100mm.png 1192w\" sizes=\"auto, (max-width: 767px) 89vw, (max-width: 1000px) 54vw, (max-width: 1071px) 543px, 580px\" \/><\/figure>\n<\/div>\n\n\n\n<div class=\"wp-block-column is-layout-flow wp-block-column-is-layout-flow\"><\/div>\n\n\n\n<div class=\"wp-block-column is-layout-flow wp-block-column-is-layout-flow\"><\/div>\n<\/div>\n","protected":false},"excerpt":{"rendered":"<p>zertifiziert nach den Standards der DGfC WEITERBILDUNGSYSTEMISCHE BERATUNG &#8211; QUALIFIZIERUNG ZUM MASTER-\/SENIORCOACH* SYSTEMISCHE BERATUNG &#8211; COACHING &#8211; MASTERCOACHING In der sich wandelnden Gesellschaft ver\u00e4ndern sich ebenfalls die Anforderungen an Coaches, damit sie Menschen und Organisationen in ihren Ver\u00e4nderungsprozessen angemessen und wirksam begleiten k\u00f6nnen. Mastercoaches sehen sich in diesem Zusammenhang mit neuen Rollen, Erwartungen und Verantwortungen &hellip; <\/p>\n<p class=\"link-more\"><a href=\"http:\/\/thomas-schleiken.com\/?page_id=1667\" class=\"more-link\"><span class=\"screen-reader-text\">\u201eWEITERBILDUNG SYSTEMISCHE BERATUNG &#8211; QUALIFIZIERUNG ZUM MASTER-\/SENIORCOACH\u201c<\/span> weiterlesen<\/a><\/p>\n","protected":false},"author":1,"featured_media":0,"parent":0,"menu_order":0,"comment_status":"closed","ping_status":"closed","template":"","meta":{"footnotes":""},"class_list":["post-1667","page","type-page","status-publish","hentry"],"_links":{"self":[{"href":"http:\/\/thomas-schleiken.com\/index.php?rest_route=\/wp\/v2\/pages\/1667","targetHints":{"allow":["GET"]}}],"collection":[{"href":"http:\/\/thomas-schleiken.com\/index.php?rest_route=\/wp\/v2\/pages"}],"about":[{"href":"http:\/\/thomas-schleiken.com\/index.php?rest_route=\/wp\/v2\/types\/page"}],"author":[{"embeddable":true,"href":"http:\/\/thomas-schleiken.com\/index.php?rest_route=\/wp\/v2\/users\/1"}],"replies":[{"embeddable":true,"href":"http:\/\/thomas-schleiken.com\/index.php?rest_route=%2Fwp%2Fv2%2Fcomments&post=1667"}],"version-history":[{"count":22,"href":"http:\/\/thomas-schleiken.com\/index.php?rest_route=\/wp\/v2\/pages\/1667\/revisions"}],"predecessor-version":[{"id":1977,"href":"http:\/\/thomas-schleiken.com\/index.php?rest_route=\/wp\/v2\/pages\/1667\/revisions\/1977"}],"wp:attachment":[{"href":"http:\/\/thomas-schleiken.com\/index.php?rest_route=%2Fwp%2Fv2%2Fmedia&parent=1667"}],"curies":[{"name":"wp","href":"https:\/\/api.w.org\/{rel}","templated":true}]}}