{"id":170,"date":"2020-06-23T13:49:20","date_gmt":"2020-06-23T13:49:20","guid":{"rendered":"http:\/\/thomas-schleiken.com\/?page_id=170"},"modified":"2020-07-06T09:21:29","modified_gmt":"2020-07-06T09:21:29","slug":"kontakt-impressum","status":"publish","type":"page","link":"http:\/\/thomas-schleiken.com\/?page_id=170","title":{"rendered":"KONTAKT\/IMPRESSUM"},"content":{"rendered":"\n<p>Sie w\u00fcnschen weiterf\u00fchrende Informationen zu den Dienstleistungen von mir?<br>Sie wollen mir gern etwas zur\u00fcckmelden?<br>Dann schreiben Sie mir, rufen Sie mich an oder senden Sie mir ganz einfach eine eMail.<br>Ich freue mich auf Ihre Nachricht.<\/p>\n\n\n\n<p>Bitte geben Sie Ihre vollst\u00e4ndigen Adressdaten an. Danke.<\/p>\n\n\n\n<div style=\"height:40px\" aria-hidden=\"true\" class=\"wp-block-spacer\"><\/div>\n\n\n\n<p class=\"has-text-color has-text-align-left has-light-green-cyan-color\"><strong>Dipl.-Betriebswirt Thomas Schleiken<br>Hinter der Wallhecke 63<br>D &#8211; 27777 Ganderkesee<br>Telefon: 0 42 23 \/ 92 59 34<br>eMail: <a href=\"mailto:info@profil-gbr.de\">schleikentcc@t-online.de<\/a><\/strong><br><\/p>\n\n\n\n<div style=\"height:22px\" aria-hidden=\"true\" class=\"wp-block-spacer\"><\/div>\n\n\n\n<figure class=\"wp-block-table\"><table><tbody><tr><td><\/td><td><br><strong>DATENSCHUTZERKL\u00c4RUNG<\/strong><br><br>Verantwortliche Stelle im Sinne der Datenschutzgesetze, insbesondere der EU-Datenschutzgrundverordnung (DSGVO), ist:<br><strong><em>Thomas Schleiken<br>Hinter der Wallhecke 63<br>27777 Ganderkesee<br>Deutschland<\/em><\/strong><br><strong><em>schleikentcc[at]t-online.de<br><\/em><\/strong><br><br><strong>Ihre Betroffenenrechte<\/strong><br>Unter den angegebenen Kontaktdaten unseres Datenschutzbeauftragten k\u00f6nnen Sie jederzeit folgende Rechte aus\u00fcben: Auskunft \u00fcber Ihre bei uns gespeicherten Daten und deren Verarbeitung, Berichtigung unrichtiger personenbezogener Daten, L\u00f6schung Ihrer bei uns gespeicherten Daten, Einschr\u00e4nkung der Datenverarbeitung, sofern wir Ihre Daten aufgrund gesetzlicher Pflichten noch nicht l\u00f6schen d\u00fcrfen, Widerspruch gegen die Verarbeitung Ihrer Daten bei uns und Daten\u00fcbertragbarkeit, sofern Sie in die Datenverarbeitung eingewilligt haben oder einen Vertrag mit uns abgeschlossen haben. Sofern Sie uns eine Einwilligung erteilt haben, k\u00f6nnen Sie diese jederzeit mit Wirkung f\u00fcr die Zukunft widerrufen. Sie k\u00f6nnen sich jederzeit mit einer Beschwerde an die f\u00fcr Sie&nbsp;zust\u00e4ndige Aufsichtsbeh\u00f6rde wenden. Ihre zust\u00e4ndige Aufsichtsbeh\u00f6rde&nbsp;richtet sich nach dem Bundesland Ihres Wohnsitzes, Ihrer Arbeit oder der mutma\u00dflichen Verletzung. Eine Liste der Aufsichtsbeh\u00f6rden (f\u00fcr den&nbsp;nicht\u00f6ffentlichen Bereich) mit Anschrift finden Sie unter: <a rel=\"noreferrer noopener\" href=\"https:\/\/www.bfdi.bund.de\/DE\/Infothek\/Anschriften_Links\/anschriften_links-node.html\" target=\"_blank\">https:\/\/www.bfdi.bund.de\/DE\/Infothek\/Anschriften_Links\/anschriften_links-node.html<\/a>.<br><br><strong>Zwecke der Datenverarbeitung durch die verantwortliche Stelle und Dritte<\/strong><br>Wir verarbeiten Ihre personenbezogenen Daten nur zu den in dieser&nbsp;Datenschutzerkl\u00e4rung genannten Zwecken. Eine \u00dcbermittlung Ihrer&nbsp;pers\u00f6nlichen Daten an Dritte zu anderen als den genannten Zwecken findet nicht statt. Wir geben Ihre pers\u00f6nlichen Daten nur an Dritte weiter,&nbsp;wenn: Sie Ihre ausdr\u00fcckliche Einwilligung dazu erteilt haben, die Verarbeitung zur Abwicklung eines Vertrags mit Ihnen erforderlich ist, die Verarbeitung zur Erf\u00fcllung einer rechtlichen Verpflichtung erforderlich ist, die Verarbeitung zur Wahrung berechtigter Interessen erforderlich ist und kein Grund zur Annahme besteht, dass Sie ein \u00fcberwiegendes&nbsp;schutzw\u00fcrdiges Interesse an der Nichtweitergabe Ihrer Daten haben.<br><br><strong>L\u00f6schung bzw. Sperrung der Daten<\/strong><br>Wir halten uns an die Grunds\u00e4tze der Datenvermeidung und&nbsp;Datensparsamkeit. Wir speichern Ihre personenbezogenen Daten daher nur&nbsp;so lange, wie dies zur Erreichung der hier genannten Zwecke erforderlich ist oder wie es die vom Gesetzgeber vorgesehenen vielf\u00e4ltigen&nbsp;Speicherfristen vorsehen. Nach Fortfall des jeweiligen Zweckes bzw.&nbsp;Ablauf dieser Fristen werden die entsprechenden Daten routinem\u00e4\u00dfig und&nbsp;entsprechend den gesetzlichen Vorschriften gesperrt oder gel\u00f6scht.<br><br><strong>Newsletter<\/strong><br>Auf Grundlage Ihrer ausdr\u00fccklich erteilten Einwilligung, \u00dcbersenden&nbsp;wir Ihnen regelm\u00e4\u00dfig unseren Newsletter bzw. vergleichbare Informationen per E-Mail an Ihre angegebene E-Mail-Adresse. F\u00fcr den Empfang des Newsletters ist die Angabe Ihrer E-Mail-Adresse&nbsp;ausreichend. Bei der Anmeldung zum Bezug unseres Newsletters werden die&nbsp;von Ihnen angegebenen Daten ausschlie\u00dflich f\u00fcr diesen Zweck verwendet.&nbsp;Abonnenten k\u00f6nnen auch \u00fcber Umst\u00e4nde per E-Mail informiert werden, die&nbsp;f\u00fcr den Dienst oder die Registrierung relevant sind (Beispielsweise \u00c4nderungen des Newsletterangebots oder technische Gegebenheiten). F\u00fcr eine wirksame Registrierung ben\u00f6tigen wir eine valide&nbsp;E-Mail-Adresse. Um zu \u00fcberpr\u00fcfen, dass eine Anmeldung tats\u00e4chlich durch&nbsp;den Inhaber einer E-Mail-Adresse erfolgt, setzen wir das&nbsp;\u201cDouble-opt-in\u201d-Verfahren ein. Hierzu protokollieren wir die Bestellung&nbsp;des Newsletters, den Versand einer Best\u00e4tigungsmail und den Eingang der&nbsp;hiermit angeforderten Antwort. Weitere Daten werden nicht erhoben. Die&nbsp;Daten werden ausschlie\u00dflich f\u00fcr den Newsletterversand verwendet und&nbsp;nicht an Dritte weitergegeben. Die Einwilligung zur Speicherung Ihrer pers\u00f6nlichen Daten und ihrer&nbsp;Nutzung f\u00fcr den Newsletterversand k\u00f6nnen Sie jederzeit widerrufen. In&nbsp;jedem Newsletter findet sich dazu ein entsprechender Link. Au\u00dferdem&nbsp;k\u00f6nnen Sie sich jederzeit auch direkt auf dieser Webseite abmelden oder&nbsp;uns Ihren entsprechenden Wunsch \u00fcber die am Ende dieser&nbsp;Datenschutzhinweise angegebene Kontaktm\u00f6glichkeit mitteilen.<br><br><strong>Verwendung von Scriptbibliotheken (Google Webfonts)<\/strong><br>Um unsere Inhalte browser\u00fcbergreifend korrekt und grafisch&nbsp;ansprechend darzustellen, verwenden wir auf dieser Website&nbsp;Scriptbibliotheken und Schriftbibliotheken wie z. B. Google Webfonts (<a rel=\"noreferrer noopener\" href=\"http:\/\/www.google.com\/webfonts\/\" target=\"_blank\">https:\/\/www.google.com\/webfonts\/<\/a>). Google Webfonts werden zur Vermeidung mehrfachen Ladens in den Cache&nbsp;Ihres Browsers \u00fcbertragen. Falls der Browser die Google Webfonts nicht&nbsp;unterst\u00fctzt oder den Zugriff unterbindet, werden Inhalte in einer&nbsp;Standardschrift angezeigt. Der Aufruf von Scriptbibliotheken oder Schriftbibliotheken l\u00e4sst&nbsp;automatisch eine Verbindung zum Betreiber der Bibliothek aus. Dabei ist&nbsp;es theoretisch m\u00f6glich &#8211; aktuell allerdings auch unklar ob und ggf. zu&nbsp;welchen Zwecken &#8211; dass Betreiber entsprechender Bibliotheken Daten&nbsp;erheben. Die Datenschutzrichtlinie des Bibliothekbetreibers Google finden Sie hier: <a rel=\"noreferrer noopener\" href=\"https:\/\/www.google.com\/policies\/privacy\/\" target=\"_blank\">https:\/\/www.google.com\/policies\/privacy\/<\/a> <br><br><strong>Verwendung von Adobe Typekit<\/strong><br>Wir setzen Adobe Typekit zur visuellen Gestaltung unserer Website&nbsp;ein. Typekit ist ein Dienst der Adobe Systems Software Ireland Ltd. der&nbsp;uns den Zugriff auf eine Schriftartenbibliothek gew\u00e4hrt. Zur Einbindung&nbsp;der von uns benutzten Schriftarten, muss Ihr Browser eine Verbindung zu&nbsp;einem Server von Adobe in den USA aufbauen und die f\u00fcr unsere Website&nbsp;ben\u00f6tigte Schriftart herunterladen. Adobe erh\u00e4lt hierdurch die&nbsp;Information, dass von Ihrer IP-Adresse unsere Website aufgerufen wurde.&nbsp;Weitere Informationen zu Adobe Typekit finden Sie in den&nbsp;Datenschutzhinweisen von Adobe, die Sie hier abrufen k\u00f6nnen: <a rel=\"noreferrer noopener\" href=\"http:\/\/www.adobe.com\/privacy\/typekit.html\" target=\"_blank\">www.adobe.com\/privacy\/typekit.html<\/a><br><br><strong>\u00c4nderung unserer Datenschutzbestimmungen<\/strong><br>Wir behalten uns vor, diese Datenschutzerkl\u00e4rung anzupassen, damit&nbsp;sie stets den aktuellen rechtlichen Anforderungen entspricht oder um&nbsp;\u00c4nderungen unserer Leistungen in der Datenschutzerkl\u00e4rung umzusetzen,&nbsp;z.B. bei der Einf\u00fchrung neuer Services. F\u00fcr Ihren erneuten Besuch gilt&nbsp;dann die neue Datenschutzerkl\u00e4rung.<br><br><strong>Fragen an den Datenschutzbeauftragten<\/strong><br>Wenn Sie Fragen zum Datenschutz haben, schreiben Sie uns bitte eine&nbsp;E-Mail oder wenden Sie sich direkt an die f\u00fcr den Datenschutz&nbsp;verantwortliche Person in unserer Organisation: <strong><em>Thomas Schleiken<\/em><\/strong><br><strong><em>schleikentcc[at]t-online.de<br><\/em><\/strong><br><em>Die Datenschutzerkl\u00e4rung wurde mit dem <\/em><a rel=\"noreferrer noopener\" href=\"https:\/\/www.activemind.de\/datenschutz\/datenschutzhinweis-generator\/\" target=\"_blank\"><em>Datenschutzerkl\u00e4rungs-Generator der activeMind AG erstellt<\/em><\/a><em>.<\/em><\/td><\/tr><\/tbody><\/table><\/figure>\n","protected":false},"excerpt":{"rendered":"<p>Sie w\u00fcnschen weiterf\u00fchrende Informationen zu den Dienstleistungen von mir?Sie wollen mir gern etwas zur\u00fcckmelden?Dann schreiben Sie mir, rufen Sie mich an oder senden Sie mir ganz einfach eine eMail.Ich freue mich auf Ihre Nachricht. Bitte geben Sie Ihre vollst\u00e4ndigen Adressdaten an. Danke. Dipl.-Betriebswirt Thomas SchleikenHinter der Wallhecke 63D &#8211; 27777 GanderkeseeTelefon: 0 42 23 \/ &hellip; <\/p>\n<p class=\"link-more\"><a href=\"http:\/\/thomas-schleiken.com\/?page_id=170\" class=\"more-link\"><span class=\"screen-reader-text\">\u201eKONTAKT\/IMPRESSUM\u201c<\/span> weiterlesen<\/a><\/p>\n","protected":false},"author":1,"featured_media":0,"parent":0,"menu_order":0,"comment_status":"closed","ping_status":"closed","template":"","meta":{"footnotes":""},"class_list":["post-170","page","type-page","status-publish","hentry"],"_links":{"self":[{"href":"http:\/\/thomas-schleiken.com\/index.php?rest_route=\/wp\/v2\/pages\/170","targetHints":{"allow":["GET"]}}],"collection":[{"href":"http:\/\/thomas-schleiken.com\/index.php?rest_route=\/wp\/v2\/pages"}],"about":[{"href":"http:\/\/thomas-schleiken.com\/index.php?rest_route=\/wp\/v2\/types\/page"}],"author":[{"embeddable":true,"href":"http:\/\/thomas-schleiken.com\/index.php?rest_route=\/wp\/v2\/users\/1"}],"replies":[{"embeddable":true,"href":"http:\/\/thomas-schleiken.com\/index.php?rest_route=%2Fwp%2Fv2%2Fcomments&post=170"}],"version-history":[{"count":10,"href":"http:\/\/thomas-schleiken.com\/index.php?rest_route=\/wp\/v2\/pages\/170\/revisions"}],"predecessor-version":[{"id":452,"href":"http:\/\/thomas-schleiken.com\/index.php?rest_route=\/wp\/v2\/pages\/170\/revisions\/452"}],"wp:attachment":[{"href":"http:\/\/thomas-schleiken.com\/index.php?rest_route=%2Fwp%2Fv2%2Fmedia&parent=170"}],"curies":[{"name":"wp","href":"https:\/\/api.w.org\/{rel}","templated":true}]}}