{"id":183,"date":"2020-06-23T15:08:06","date_gmt":"2020-06-23T15:08:06","guid":{"rendered":"http:\/\/thomas-schleiken.com\/?page_id=183"},"modified":"2025-12-08T11:34:16","modified_gmt":"2025-12-08T11:34:16","slug":"selbstfuehrung","status":"publish","type":"page","link":"http:\/\/thomas-schleiken.com\/?page_id=183","title":{"rendered":"DIE HOHE KUNST DER SELBSTF\u00dcHRUNG"},"content":{"rendered":"\n<h2 class=\"wp-block-heading\">Schl\u00fcsselkompetenz f\u00fcr Erfolg und wirksame F\u00fchrung<\/h2>\n\n\n\n<figure class=\"wp-block-image size-full\"><img loading=\"lazy\" decoding=\"async\" width=\"984\" height=\"311\" src=\"http:\/\/thomas-schleiken.com\/wp-content\/uploads\/2023\/11\/Symbolbild-Selbstfuehrung.jpg\" alt=\"\" class=\"wp-image-1599\" srcset=\"http:\/\/thomas-schleiken.com\/wp-content\/uploads\/2023\/11\/Symbolbild-Selbstfuehrung.jpg 984w, http:\/\/thomas-schleiken.com\/wp-content\/uploads\/2023\/11\/Symbolbild-Selbstfuehrung-300x95.jpg 300w, http:\/\/thomas-schleiken.com\/wp-content\/uploads\/2023\/11\/Symbolbild-Selbstfuehrung-768x243.jpg 768w\" sizes=\"auto, (max-width: 767px) 89vw, (max-width: 1000px) 54vw, (max-width: 1071px) 543px, 580px\" \/><\/figure>\n\n\n\n<h3 class=\"wp-block-heading\">Das besondere Werkstattseminar f\u00fcr F\u00fchrungskr\u00e4fte, Beratende und Lehrende<\/h3>\n\n\n\n<h4 class=\"wp-block-heading\">DEIN NUTZEN<\/h4>\n\n\n\n<p>Dieses Seminar zeigt dir, wie du deine inneren Ressourcen aktivierst, stimmige und klare Ziele setzt und auch in herausfordernden Zeiten souver\u00e4n handelst. Denn nur wer sich selbst f\u00fchren kann, inspiriert und \u00fcberzeugt andere. Insofern ist Selbstf\u00fchrung auch die Schl\u00fcsselqualifikation schlechthin f\u00fcr all jene, die beraten, f\u00fchren und lehren. Mache Selbstf\u00fchrung zu deinem Erfolgsfaktor, erh\u00f6he die eigene Reflexionsf\u00e4higkeit und lege die Basis f\u00fcr nachhaltige Spitzenleistungen \u2013 beruflich wie privat. Lass uns gemeinsam den ersten Schritt gehen in diesem Seminar!<\/p>\n\n\n\n<h4 class=\"wp-block-heading\">F\u00dcR WEN?<\/h4>\n\n\n\n<p>Du f\u00fchrst Menschen, bist beratend t\u00e4tig oder lehrend? Du m\u00f6chtest die eigene Wirksamkeit reflektieren und deine Handlungsspielr\u00e4ume durch exzellente Selbstf\u00fchrung erweitern? Dann ist dieses Seminar genau f\u00fcr dich gemacht.<\/p>\n\n\n\n<h4 class=\"wp-block-heading\">LEITTHEMEN\/LEITFRAGEN<\/h4>\n\n\n\n<ul class=\"wp-block-list\">\n<li><strong>Was macht Selbstf\u00fchrung aus?<\/strong> Identifiziere die zentralen Merkmale, die gute Selbstf\u00fchrung definieren, und erlerne, sie in deinen Alltag zu integrieren.<\/li>\n\n\n\n<li><strong>Die Ebenen der Selbstf\u00fchrung:<\/strong> Verstehe, wie Selbstf\u00fchrung auf mentaler, emotionaler und k\u00f6rperlicher Ebene wirkt.<\/li>\n\n\n\n<li><strong>Dein pers\u00f6nlicher Stil:<\/strong> Entwickle f\u00fcr dich passende Werkzeuge und reflektiere deine Arbeitsweise f\u00fcr nachhaltigen Erfolg.<\/li>\n\n\n\n<li><strong>\u00dcberzeugende innere Haltung:<\/strong> Hinterfrage und transformiere Einstellungen und Glaubenss\u00e4tze, die deine Selbstf\u00fchrung beeinflussen.<\/li>\n\n\n\n<li><strong>Gedankliche Meisterschaft:<\/strong> Lerne, mit Paradoxien und komplexen Denkmustern konstruktiv umzugehen.<\/li>\n\n\n\n<li><strong>Systemische Perspektiven:<\/strong> Lerne, die Prinzipien der Systemtheorie f\u00fcr deine Selbstf\u00fchrung zu nutzen.<\/li>\n\n\n\n<li><strong>Selbstf\u00fchrung durch Modelle st\u00e4rken:<\/strong> Entdecke praxiserprobte Modelle, die Orientierung bieten und dir helfen, deine Selbstf\u00fchrung systematisch und effektiv zu gestalten.<\/li>\n\n\n\n<li><strong>Emotionale Intelligenz:<\/strong> Erforsche, wie du deine Emotionen bewusst beeinflussen kannst, anstatt von ihnen gesteuert zu werden.<\/li>\n\n\n\n<li><strong>Was bewegt dich?<\/strong> Erkenne deine inneren Treiber und richte sie auf deine Ziele aus.<\/li>\n\n\n\n<li><strong>Werte und Prinzipien:<\/strong> Definiere deinen inneren Kompass f\u00fcr klare und nachhaltige Entscheidungen.<\/li>\n\n\n\n<li><strong>Kommunikation und Handeln:<\/strong> Entwickle Strategien f\u00fcr wirksames und authentisches Verhalten.<\/li>\n\n\n\n<li><strong>Achtsamkeit leben:<\/strong> Praktiziere Achtsamkeit, um im Alltag gelassen und pr\u00e4sent zu bleiben.<\/li>\n\n\n\n<li><strong>Inspiration f\u00fcr andere:<\/strong> Lerne, wie du andere durch deine eigene Selbstf\u00fchrung ermutigen und begleiten kannst.<\/li>\n<\/ul>\n\n\n\n<h4 class=\"wp-block-heading\">TERMIN\/ORT<\/h4>\n\n\n\n<p>Do. 22.01.2026, 10:00 Uhr &#8211; Sa. 24.01.2026, 16:00 Uhr<br>Kunze-Hof, Seefeld (Landkreis Wesermarsch)<br><\/p>\n\n\n\n<h4 class=\"wp-block-heading\">IHRE INVESTITION<\/h4>\n\n\n\n<p>1.190&#8211; Euro pro Person zzgl. MwSt. (enthalten ist die Dokumentation sowie ein digitalisiertes Photoprotokoll und die Teilnahmebescheinigung)<br>zzgl. Geb\u00fchren des Tagungshauses in H\u00f6he von 370.- Euro inkl. MwSt. je Person (Tagungspauschale, \u00dcbernachtung, Vollpension) werden gesondert in Rechnung gestellt und sind obligatorisch.<\/p>\n\n\n\n<div class=\"wp-block-file\"><a id=\"wp-block-file--media-3c41c650-cfbd-4b46-8857-e1019d0e9c95\" href=\"http:\/\/thomas-schleiken.com\/wp-content\/uploads\/2025\/12\/Flyer-Die-hohe-Kunst-der-Selbstfuehrung-2026_01.pdf\"><em>Flyer &#8211; Die hohe Kunst der Selbstf\u00fchrung 2026<\/em><\/a><a href=\"http:\/\/thomas-schleiken.com\/wp-content\/uploads\/2025\/12\/Flyer-Die-hohe-Kunst-der-Selbstfuehrung-2026_01.pdf\" class=\"wp-block-file__button wp-element-button\" download aria-describedby=\"wp-block-file--media-3c41c650-cfbd-4b46-8857-e1019d0e9c95\">Herunterladen<\/a><\/div>\n\n\n\n<p><\/p>\n\n\n\n<div class=\"wp-block-file\"><a id=\"wp-block-file--media-6160456b-0147-4996-9b7f-b684b0e13c83\" href=\"http:\/\/thomas-schleiken.com\/wp-content\/uploads\/2025\/12\/Anmeldung-Selbstfuehrung-2026_01.pdf\"><em>Anmeldung &#8211; Die hohe Kunst der Selbstf\u00fchrung &#8211; 202<\/em>6<\/a><a href=\"http:\/\/thomas-schleiken.com\/wp-content\/uploads\/2025\/12\/Anmeldung-Selbstfuehrung-2026_01.pdf\" class=\"wp-block-file__button wp-element-button\" download aria-describedby=\"wp-block-file--media-6160456b-0147-4996-9b7f-b684b0e13c83\">Herunterladen<\/a><\/div>\n\n\n\n<p><\/p>\n","protected":false},"excerpt":{"rendered":"<p>Schl\u00fcsselkompetenz f\u00fcr Erfolg und wirksame F\u00fchrung Das besondere Werkstattseminar f\u00fcr F\u00fchrungskr\u00e4fte, Beratende und Lehrende DEIN NUTZEN Dieses Seminar zeigt dir, wie du deine inneren Ressourcen aktivierst, stimmige und klare Ziele setzt und auch in herausfordernden Zeiten souver\u00e4n handelst. Denn nur wer sich selbst f\u00fchren kann, inspiriert und \u00fcberzeugt andere. Insofern ist Selbstf\u00fchrung auch die Schl\u00fcsselqualifikation &hellip; <\/p>\n<p class=\"link-more\"><a href=\"http:\/\/thomas-schleiken.com\/?page_id=183\" class=\"more-link\"><span class=\"screen-reader-text\">\u201eDIE HOHE KUNST DER SELBSTF\u00dcHRUNG\u201c<\/span> weiterlesen<\/a><\/p>\n","protected":false},"author":1,"featured_media":0,"parent":0,"menu_order":0,"comment_status":"closed","ping_status":"closed","template":"","meta":{"footnotes":""},"class_list":["post-183","page","type-page","status-publish","hentry"],"_links":{"self":[{"href":"http:\/\/thomas-schleiken.com\/index.php?rest_route=\/wp\/v2\/pages\/183","targetHints":{"allow":["GET"]}}],"collection":[{"href":"http:\/\/thomas-schleiken.com\/index.php?rest_route=\/wp\/v2\/pages"}],"about":[{"href":"http:\/\/thomas-schleiken.com\/index.php?rest_route=\/wp\/v2\/types\/page"}],"author":[{"embeddable":true,"href":"http:\/\/thomas-schleiken.com\/index.php?rest_route=\/wp\/v2\/users\/1"}],"replies":[{"embeddable":true,"href":"http:\/\/thomas-schleiken.com\/index.php?rest_route=%2Fwp%2Fv2%2Fcomments&post=183"}],"version-history":[{"count":14,"href":"http:\/\/thomas-schleiken.com\/index.php?rest_route=\/wp\/v2\/pages\/183\/revisions"}],"predecessor-version":[{"id":1965,"href":"http:\/\/thomas-schleiken.com\/index.php?rest_route=\/wp\/v2\/pages\/183\/revisions\/1965"}],"wp:attachment":[{"href":"http:\/\/thomas-schleiken.com\/index.php?rest_route=%2Fwp%2Fv2%2Fmedia&parent=183"}],"curies":[{"name":"wp","href":"https:\/\/api.w.org\/{rel}","templated":true}]}}