{"id":1922,"date":"2025-09-30T10:56:05","date_gmt":"2025-09-30T10:56:05","guid":{"rendered":"http:\/\/thomas-schleiken.com\/?page_id=1922"},"modified":"2025-09-30T11:17:58","modified_gmt":"2025-09-30T11:17:58","slug":"unloesbare-fuehrungsaufgaben-erfolgreich-meistern","status":"publish","type":"page","link":"http:\/\/thomas-schleiken.com\/?page_id=1922","title":{"rendered":"UNL\u00d6SBARE F\u00dcHRUNGSAUFGABEN ERFOLGREICH MEISTERN"},"content":{"rendered":"\n<h2 class=\"wp-block-heading\"><strong>PARADOXIEMANAGEMENT IM F\u00dcHRUNGSALLTAG<\/strong><\/h2>\n\n\n\n<figure class=\"wp-block-image size-full\"><img loading=\"lazy\" decoding=\"async\" width=\"984\" height=\"311\" src=\"http:\/\/thomas-schleiken.com\/wp-content\/uploads\/2025\/09\/Symbolbild-Paradoxiemanagement-mit-Schrift.jpg\" alt=\"\" class=\"wp-image-1925\" srcset=\"http:\/\/thomas-schleiken.com\/wp-content\/uploads\/2025\/09\/Symbolbild-Paradoxiemanagement-mit-Schrift.jpg 984w, http:\/\/thomas-schleiken.com\/wp-content\/uploads\/2025\/09\/Symbolbild-Paradoxiemanagement-mit-Schrift-300x95.jpg 300w, http:\/\/thomas-schleiken.com\/wp-content\/uploads\/2025\/09\/Symbolbild-Paradoxiemanagement-mit-Schrift-768x243.jpg 768w\" sizes=\"auto, (max-width: 767px) 89vw, (max-width: 1000px) 54vw, (max-width: 1071px) 543px, 580px\" \/><\/figure>\n\n\n\n<p>Ein Werkstattseminar f\u00fcr F\u00fchrungskr\u00e4fte und Berater<\/p>\n\n\n\n<h4 class=\"wp-block-heading\">WAS DU VON DIESEM SEMINAR HAST<\/h4>\n\n\n\n<p>Wir erleben Paradoxien als wesentlichen Kern von Organisationen t\u00e4glich im F\u00fchrungsalltag und k\u00f6nnen uns ihnen nicht entziehen. Interaktionen in der Organisation ganz ohne Paradoxien sind undenkbar. Und: Paradoxien lassen sich nicht l\u00f6sen, sondern bestenfalls verschieben! Sie dabei als real existierendes Ph\u00e4nomen des Alltags zu verstehen, das man systemisch managen kann, macht sie zum Schl\u00fcssel f\u00fcr Anschluss- und Zukunftsf\u00e4higkeit.<\/p>\n\n\n\n<p>In der F\u00fchrung gilt es, Entscheidungen zu treffen zwischen Vertrauen und Kontrolle, Analyse und Szenario, Prinzipientreue oder Pragmatismus, Autonomie und Bindung, Stabilit\u00e4t oder Dynamik, um nur einige beispielhafte Alltagsparadoxien zu benennen. Damit verbunden sind Fragen:<\/p>\n\n\n\n<p>Welche Mythen ranken um Paradoxien? Wie gelingt der Umgang mit ihnen? Wie l\u00e4sst sich produktiv an pragmatische Paradoxien herangehen? Welche Werkzeuge sind n\u00fctzlich? In diesem Werkstattseminar wollen wir die Wege zwischen Sichtbarmachen und Versteckspielen erkunden, denn um nichts anderes geht es im Paradoxiemanagement. Wir schauen auf erlebte Alltagssituationen, analysieren gemeinsam und erkunden Handlungswege.<\/p>\n\n\n\n<h4 class=\"wp-block-heading\">F\u00dcR WEN ES IST<\/h4>\n\n\n\n<p>Die Kunst des Paradoxiemanagements ist ein Muss f\u00fcr den Erfolg von F\u00fchrung und Beratung in Organisationen. Wenn du mit Komplexit\u00e4t umgehen m\u00f6chtest und anspruchsvolle Theoriegeb\u00e4ude mit pragmatischer Kompetenz verbinden willst, und wenn du dabei die eigene Rolle wirksam gestalten m\u00f6chtest, ist dieses Werkstatt-Seminar genau f\u00fcr dich gemacht.<\/p>\n\n\n\n<h4 class=\"wp-block-heading\">WAS UNS IM SEMINAR LEITET<\/h4>\n\n\n\n<ul class=\"wp-block-list\">\n<li><strong>Verstehe Paradoxien:<\/strong> Was liegt vor, gefahrlose Widerspr\u00fcche, echte Zwickm\u00fchlen oder logische Denkfallen?<\/li>\n\n\n\n<li><strong>Erkenne Muster:<\/strong> Was wird sichtbar, wenn man die Logik der Organisation wie eine Zwiebel h\u00e4utet?<\/li>\n\n\n\n<li><strong>Demaskiere die Performance:<\/strong> Wie bestimmen B\u00fchne und Drehb\u00fccher den Kurs in der Organisation?<\/li>\n\n\n\n<li><strong>Enttarne Versteckte<\/strong><strong>s<\/strong><strong>:<\/strong> Wenn das Unsichtbare eine gr\u00f6\u00dfere Wirksamkeit entfaltet, als das Sichtbare\u2026<\/li>\n\n\n\n<li><strong>Die Toolbox<\/strong><strong>: <\/strong>Lerne systemische Werkzeuge zum Managen der Paradoxie kennen.<\/li>\n\n\n\n<li><strong>Das Meta-<\/strong><strong>Tool<\/strong><strong> des Paradoxiemanagement-Prozess:<\/strong> In die Spannung hineinschauen!<\/li>\n\n\n\n<li><strong>Die (Erkundungs-)Aufstellung:<\/strong> Nutze die Raumbild-Sprache f\u00fcr Erkenntnisgewinung!<\/li>\n\n\n\n<li><strong>Paradoxien und Macht:<\/strong> Der nicht ganz unwesentliche Zusammenhang zwischen Paradoxien einerseits und Machtspielen andererseits.<\/li>\n<\/ul>\n\n\n\n<h4 class=\"wp-block-heading\">TERMIN\/ORT<\/h4>\n\n\n\n<p>Fr. 27.02.2026, 10:00 Uhr  &#8211; Sa. 28.02.2026, 16:00 Uhr<br>Kunze-Hof, Seefeld, Jadebusen (Landkreis Wesermarsch)<\/p>\n\n\n\n<figure class=\"wp-block-image size-large\"><img loading=\"lazy\" decoding=\"async\" width=\"1024\" height=\"546\" src=\"http:\/\/thomas-schleiken.com\/wp-content\/uploads\/2024\/05\/210823-Kunze-Hof-Website-2-1024x546.jpg\" alt=\"\" class=\"wp-image-1660\" srcset=\"http:\/\/thomas-schleiken.com\/wp-content\/uploads\/2024\/05\/210823-Kunze-Hof-Website-2-1024x546.jpg 1024w, http:\/\/thomas-schleiken.com\/wp-content\/uploads\/2024\/05\/210823-Kunze-Hof-Website-2-300x160.jpg 300w, http:\/\/thomas-schleiken.com\/wp-content\/uploads\/2024\/05\/210823-Kunze-Hof-Website-2-768x409.jpg 768w, http:\/\/thomas-schleiken.com\/wp-content\/uploads\/2024\/05\/210823-Kunze-Hof-Website-2-1536x819.jpg 1536w, http:\/\/thomas-schleiken.com\/wp-content\/uploads\/2024\/05\/210823-Kunze-Hof-Website-2-2048x1092.jpg 2048w\" sizes=\"auto, (max-width: 767px) 89vw, (max-width: 1000px) 54vw, (max-width: 1071px) 543px, 580px\" \/><\/figure>\n\n\n\n<h4 class=\"wp-block-heading\">INVESTITION<\/h4>\n\n\n\n<p>Seminargeb\u00fchr 1190,- Euro pro Person inkl. MwSt.<br>zzgl. Pauschale des Hotels 230,- Euro (\u00dcbernachtung, VP, Tagungspauschale &#8211; obligatorisch)<\/p>\n\n\n\n<p>Die Teilnehmerzahl ist begrenzt auf 12 Personen<\/p>\n\n\n\n<div class=\"wp-block-file\"><a id=\"wp-block-file--media-2aa1e91e-6526-4179-9d8a-cc65d8d619fc\" href=\"http:\/\/thomas-schleiken.com\/wp-content\/uploads\/2025\/09\/Flyer-Paradoxiemanagement-2026.pdf\">Flyer &#8211; Paradoxiemanagement 2026<\/a><a href=\"http:\/\/thomas-schleiken.com\/wp-content\/uploads\/2025\/09\/Flyer-Paradoxiemanagement-2026.pdf\" class=\"wp-block-file__button wp-element-button\" download aria-describedby=\"wp-block-file--media-2aa1e91e-6526-4179-9d8a-cc65d8d619fc\">Herunterladen<\/a><\/div>\n\n\n\n<div class=\"wp-block-file\"><a id=\"wp-block-file--media-d2c59983-51ff-46d9-8212-9e4ba1c11d03\" href=\"http:\/\/thomas-schleiken.com\/wp-content\/uploads\/2025\/09\/Anmeldung-Paradoxiemanagement-2026.pdf\">Anmeldebogen -Paradoxiemanagement 2026<\/a><a href=\"http:\/\/thomas-schleiken.com\/wp-content\/uploads\/2025\/09\/Anmeldung-Paradoxiemanagement-2026.pdf\" class=\"wp-block-file__button wp-element-button\" download aria-describedby=\"wp-block-file--media-d2c59983-51ff-46d9-8212-9e4ba1c11d03\">Herunterladen<\/a><\/div>\n\n\n\n<p><\/p>\n","protected":false},"excerpt":{"rendered":"<p>PARADOXIEMANAGEMENT IM F\u00dcHRUNGSALLTAG Ein Werkstattseminar f\u00fcr F\u00fchrungskr\u00e4fte und Berater WAS DU VON DIESEM SEMINAR HAST Wir erleben Paradoxien als wesentlichen Kern von Organisationen t\u00e4glich im F\u00fchrungsalltag und k\u00f6nnen uns ihnen nicht entziehen. Interaktionen in der Organisation ganz ohne Paradoxien sind undenkbar. Und: Paradoxien lassen sich nicht l\u00f6sen, sondern bestenfalls verschieben! Sie dabei als real existierendes &hellip; <\/p>\n<p class=\"link-more\"><a href=\"http:\/\/thomas-schleiken.com\/?page_id=1922\" class=\"more-link\"><span class=\"screen-reader-text\">\u201eUNL\u00d6SBARE F\u00dcHRUNGSAUFGABEN ERFOLGREICH MEISTERN\u201c<\/span> weiterlesen<\/a><\/p>\n","protected":false},"author":1,"featured_media":0,"parent":0,"menu_order":0,"comment_status":"closed","ping_status":"closed","template":"","meta":{"footnotes":""},"class_list":["post-1922","page","type-page","status-publish","hentry"],"_links":{"self":[{"href":"http:\/\/thomas-schleiken.com\/index.php?rest_route=\/wp\/v2\/pages\/1922","targetHints":{"allow":["GET"]}}],"collection":[{"href":"http:\/\/thomas-schleiken.com\/index.php?rest_route=\/wp\/v2\/pages"}],"about":[{"href":"http:\/\/thomas-schleiken.com\/index.php?rest_route=\/wp\/v2\/types\/page"}],"author":[{"embeddable":true,"href":"http:\/\/thomas-schleiken.com\/index.php?rest_route=\/wp\/v2\/users\/1"}],"replies":[{"embeddable":true,"href":"http:\/\/thomas-schleiken.com\/index.php?rest_route=%2Fwp%2Fv2%2Fcomments&post=1922"}],"version-history":[{"count":3,"href":"http:\/\/thomas-schleiken.com\/index.php?rest_route=\/wp\/v2\/pages\/1922\/revisions"}],"predecessor-version":[{"id":1930,"href":"http:\/\/thomas-schleiken.com\/index.php?rest_route=\/wp\/v2\/pages\/1922\/revisions\/1930"}],"wp:attachment":[{"href":"http:\/\/thomas-schleiken.com\/index.php?rest_route=%2Fwp%2Fv2%2Fmedia&parent=1922"}],"curies":[{"name":"wp","href":"https:\/\/api.w.org\/{rel}","templated":true}]}}