{"id":1942,"date":"2025-10-24T09:54:10","date_gmt":"2025-10-24T09:54:10","guid":{"rendered":"http:\/\/thomas-schleiken.com\/?page_id=1942"},"modified":"2025-10-24T09:59:09","modified_gmt":"2025-10-24T09:59:09","slug":"das-leben-findet-auf-dem-marktplatz-statt","status":"publish","type":"page","link":"http:\/\/thomas-schleiken.com\/?page_id=1942","title":{"rendered":"DAS LEBEN FINDET AUF DEM MARKTPLATZ STATT"},"content":{"rendered":"\n<h2 class=\"wp-block-heading\">UNTERNEHMERISCHES DENKEN F\u00dcR COACHES<br>EIN WERKSTATTSEMINAR<\/h2>\n\n\n\n<figure class=\"wp-block-image size-full\"><img loading=\"lazy\" decoding=\"async\" width=\"984\" height=\"311\" src=\"http:\/\/thomas-schleiken.com\/wp-content\/uploads\/2025\/10\/Symbolbild-Unternehmerisches-Denken-fuer-Coaches.jpg\" alt=\"\" class=\"wp-image-1950\" srcset=\"http:\/\/thomas-schleiken.com\/wp-content\/uploads\/2025\/10\/Symbolbild-Unternehmerisches-Denken-fuer-Coaches.jpg 984w, http:\/\/thomas-schleiken.com\/wp-content\/uploads\/2025\/10\/Symbolbild-Unternehmerisches-Denken-fuer-Coaches-300x95.jpg 300w, http:\/\/thomas-schleiken.com\/wp-content\/uploads\/2025\/10\/Symbolbild-Unternehmerisches-Denken-fuer-Coaches-768x243.jpg 768w\" sizes=\"auto, (max-width: 767px) 89vw, (max-width: 1000px) 54vw, (max-width: 1071px) 543px, 580px\" \/><\/figure>\n\n\n\n<p><br>Du bist Coach, du willst in die Selbst\u00e4ndigkeit, befindest dich bereits auf dem Weg dahin, hast die ersten Schritte gemacht? Unternehmerisches Denken und Handeln sind dabei f\u00fcr dich Neuland, und du willst auch da deine Professionalisierung voranbringen? Dann ist dies dein Seminar. Meike Spannhake und Thomas Schleiken, zwei erfahrene Coaches und Unternehmer geben Einblick in ihre langj\u00e4hrigen Erfahrungen. Und sie laden ein zu einer Innenreise, die dich in diesem Seminar in die Welt des Unternehmertums f\u00fchrt.<\/p>\n\n\n\n<h4 class=\"wp-block-heading\">ENTFALTE DEIN VOLLES POTENTIAL ALS COACH<\/h4>\n\n\n\n<ul class=\"wp-block-list\">\n<li><strong>Die kreative Zerst\u00f6rung und Neustart<\/strong> \u2013 Entlernen als hohe Kunst des Lernens \u2013 die Selbstf\u00fchrung des Unternehmers<\/li>\n\n\n\n<li><strong>Das Leben findet auf dem Marktplatz statt<\/strong> \u2013 sehen und gesehen werden auf dem Marktplatz<\/li>\n\n\n\n<li><strong>Zwischen Bauchladen und High-End-Nische<\/strong> \u2013 mein Laden, meine Reise, mein Platz!<\/li>\n\n\n\n<li><strong>Sich mit sich selbst vertrage<\/strong><strong>n<\/strong> \u2013 die Identit\u00e4ten des Unternehmers und seiner Vertragspartner<\/li>\n\n\n\n<li><strong>Innere Widerst\u00e4nde wirksam \u00fcberwinden<\/strong> \u2013 und wie du dich und dein Business vor Selbstzweifeln sch\u00fctzt<\/li>\n\n\n\n<li><strong>Geld macht gl\u00fccklich<\/strong><strong>! <\/strong>&#8211; Gesetze f\u00fcr Gewinner \u2013 das finanzielle Mindset f\u00fcr deinen Erfolg<\/li>\n<\/ul>\n\n\n\n<h4 class=\"wp-block-heading\">F\u00dcR WEN?<\/h4>\n\n\n\n<p><br>Du bist Coach. Du stehst vor dem Start in die Selbst\u00e4ndigkeit oder hast darin die ersten Schritte gemacht. Unternehmerisches Denken ist f\u00fcr dich tendenzielles Neuland? Oder gar ein Buch mit sieben Siegeln? Dann bist du mit diesem Seminar angesprochen.<\/p>\n\n\n\n<h4 class=\"wp-block-heading\">TERMIN\/ORT<\/h4>\n\n\n\n<p>F. 24.04.2026, 12:30:00 Uhr \u2013 So. 26.04.2026, 14:00 Uhr<br>Seminarhotel Kunze-Hof, Seefeld (Landkreis Wesermarsch)<\/p>\n\n\n\n<h4 class=\"wp-block-heading\">TEILNEHMERZAHL<\/h4>\n\n\n\n<p>maximal 10 Personen<\/p>\n\n\n\n<h4 class=\"wp-block-heading\">INVESTITION<\/h4>\n\n\n\n<p>Die Teilnahmegeb\u00fchr betr\u00e4gt 980,- Euro (inkl. MwSt.); enthalten ist die Dokumentation  sowie ein digitalisiertes Photoprotokoll und die Teilnahmebescheinigung.<br>Die Geb\u00fchren des Tagungshauses (Tagungspauschale, \u00dcbernachtung, Vollpension) in H\u00f6he von 370,- Euro (inkl. MwSt.) werden gesondert in Rechnung gestellt und sind verpflichtend.<\/p>\n\n\n\n<div class=\"wp-block-file\"><a id=\"wp-block-file--media-dc23c29e-cc79-4f35-b574-438dfb247fb1\" href=\"http:\/\/thomas-schleiken.com\/wp-content\/uploads\/2025\/10\/Flyer-Unternehmen-Coaching-2026.pdf\">Flyer &#8211; Unternehmen Coaching &#8211; 2026<\/a><a href=\"http:\/\/thomas-schleiken.com\/wp-content\/uploads\/2025\/10\/Flyer-Unternehmen-Coaching-2026.pdf\" class=\"wp-block-file__button wp-element-button\" download aria-describedby=\"wp-block-file--media-dc23c29e-cc79-4f35-b574-438dfb247fb1\">Herunterladen<\/a><\/div>\n\n\n\n<div class=\"wp-block-file\"><a id=\"wp-block-file--media-5da22ad8-4cce-4935-9d56-96c69c08580a\" href=\"http:\/\/thomas-schleiken.com\/wp-content\/uploads\/2025\/10\/Anmeldung-Unternehmertum-fuer-Coaches_2026.pdf\">Anmeldung Unternehmertum f\u00fcr Coaches_2026<\/a><a href=\"http:\/\/thomas-schleiken.com\/wp-content\/uploads\/2025\/10\/Anmeldung-Unternehmertum-fuer-Coaches_2026.pdf\" class=\"wp-block-file__button wp-element-button\" download aria-describedby=\"wp-block-file--media-5da22ad8-4cce-4935-9d56-96c69c08580a\">Herunterladen<\/a><\/div>\n\n\n\n<div style=\"height:100px\" aria-hidden=\"true\" class=\"wp-block-spacer\"><\/div>\n\n\n\n<p>Dieses Event ist ein Angebot von Meike Spannhake und Thomas Schleiken<\/p>\n\n\n\n<figure class=\"wp-block-gallery has-nested-images columns-default is-cropped wp-block-gallery-1 is-layout-flex wp-block-gallery-is-layout-flex\">\n<figure class=\"wp-block-image size-large\"><img loading=\"lazy\" decoding=\"async\" width=\"418\" height=\"432\" data-id=\"1946\" src=\"http:\/\/thomas-schleiken.com\/wp-content\/uploads\/2025\/10\/MSP_Foto.png\" alt=\"\" class=\"wp-image-1946\" srcset=\"http:\/\/thomas-schleiken.com\/wp-content\/uploads\/2025\/10\/MSP_Foto.png 418w, http:\/\/thomas-schleiken.com\/wp-content\/uploads\/2025\/10\/MSP_Foto-290x300.png 290w\" sizes=\"auto, (max-width: 418px) 100vw, 418px\" \/><\/figure>\n\n\n\n<figure class=\"wp-block-image size-large\"><img loading=\"lazy\" decoding=\"async\" width=\"1707\" height=\"2560\" data-id=\"191\" src=\"http:\/\/thomas-schleiken.com\/wp-content\/uploads\/2020\/06\/IMG_0682_bearb_PS-scaled.jpg\" alt=\"\" class=\"wp-image-191\" srcset=\"http:\/\/thomas-schleiken.com\/wp-content\/uploads\/2020\/06\/IMG_0682_bearb_PS-scaled.jpg 1707w, http:\/\/thomas-schleiken.com\/wp-content\/uploads\/2020\/06\/IMG_0682_bearb_PS-200x300.jpg 200w, http:\/\/thomas-schleiken.com\/wp-content\/uploads\/2020\/06\/IMG_0682_bearb_PS-1365x2048.jpg 1365w\" sizes=\"auto, (max-width: 767px) 89vw, (max-width: 1000px) 54vw, (max-width: 1071px) 543px, 580px\" \/><\/figure>\n<\/figure>\n\n\n\n<p><\/p>\n","protected":false},"excerpt":{"rendered":"<p>UNTERNEHMERISCHES DENKEN F\u00dcR COACHESEIN WERKSTATTSEMINAR Du bist Coach, du willst in die Selbst\u00e4ndigkeit, befindest dich bereits auf dem Weg dahin, hast die ersten Schritte gemacht? Unternehmerisches Denken und Handeln sind dabei f\u00fcr dich Neuland, und du willst auch da deine Professionalisierung voranbringen? Dann ist dies dein Seminar. Meike Spannhake und Thomas Schleiken, zwei erfahrene Coaches &hellip; <\/p>\n<p class=\"link-more\"><a href=\"http:\/\/thomas-schleiken.com\/?page_id=1942\" class=\"more-link\"><span class=\"screen-reader-text\">\u201eDAS LEBEN FINDET AUF DEM MARKTPLATZ STATT\u201c<\/span> weiterlesen<\/a><\/p>\n","protected":false},"author":1,"featured_media":0,"parent":0,"menu_order":0,"comment_status":"closed","ping_status":"closed","template":"","meta":{"footnotes":""},"class_list":["post-1942","page","type-page","status-publish","hentry"],"_links":{"self":[{"href":"http:\/\/thomas-schleiken.com\/index.php?rest_route=\/wp\/v2\/pages\/1942","targetHints":{"allow":["GET"]}}],"collection":[{"href":"http:\/\/thomas-schleiken.com\/index.php?rest_route=\/wp\/v2\/pages"}],"about":[{"href":"http:\/\/thomas-schleiken.com\/index.php?rest_route=\/wp\/v2\/types\/page"}],"author":[{"embeddable":true,"href":"http:\/\/thomas-schleiken.com\/index.php?rest_route=\/wp\/v2\/users\/1"}],"replies":[{"embeddable":true,"href":"http:\/\/thomas-schleiken.com\/index.php?rest_route=%2Fwp%2Fv2%2Fcomments&post=1942"}],"version-history":[{"count":4,"href":"http:\/\/thomas-schleiken.com\/index.php?rest_route=\/wp\/v2\/pages\/1942\/revisions"}],"predecessor-version":[{"id":1953,"href":"http:\/\/thomas-schleiken.com\/index.php?rest_route=\/wp\/v2\/pages\/1942\/revisions\/1953"}],"wp:attachment":[{"href":"http:\/\/thomas-schleiken.com\/index.php?rest_route=%2Fwp%2Fv2%2Fmedia&parent=1942"}],"curies":[{"name":"wp","href":"https:\/\/api.w.org\/{rel}","templated":true}]}}