{"id":208,"date":"2020-06-24T09:44:56","date_gmt":"2020-06-24T09:44:56","guid":{"rendered":"http:\/\/thomas-schleiken.com\/?page_id=208"},"modified":"2024-03-31T11:25:59","modified_gmt":"2024-03-31T11:25:59","slug":"fuehrungstrainings-oeffentlicher-dienst","status":"publish","type":"page","link":"http:\/\/thomas-schleiken.com\/?page_id=208","title":{"rendered":"F\u00dcHRUNGSTRAININGS \u00d6FFENTLICHER DIENST"},"content":{"rendered":"\n<h2 class=\"wp-block-heading has-light-green-cyan-color has-text-color\">N\u00dcTZLICHES F\u00dcR DEINEN F\u00dcHRUNGSERFOLG<\/h2>\n\n\n\n<p>F\u00fcr weitere Informationen klicke auf den jeweiligen Seminartitel.<\/p>\n\n\n\n<div class=\"wp-block-buttons is-layout-flex wp-block-buttons-is-layout-flex\">\n<div class=\"wp-block-button is-style-outline is-style-outline--1\"><a class=\"wp-block-button__link has-black-color has-light-green-cyan-background-color has-text-color has-background wp-element-button\" href=\"http:\/\/thomas-schleiken.com\/?page_id=793\"><strong>CRASHKURS PROJEKTMANAGEMENT &#8211; ONLINE<\/strong><\/a><\/div>\n<\/div>\n\n\n\n<div class=\"wp-block-buttons is-layout-flex wp-block-buttons-is-layout-flex\">\n<div class=\"wp-block-button is-style-outline is-style-outline--2\"><a class=\"wp-block-button__link has-black-color has-light-green-cyan-background-color has-text-color has-background wp-element-button\" href=\"http:\/\/thomas-schleiken.com\/?page_id=201\"><strong>DAMIT DER CHANGEPROZESS GELINGT &#8211; ONLINE<\/strong><\/a><\/div>\n<\/div>\n\n\n\n<div class=\"wp-block-buttons is-layout-flex wp-block-buttons-is-layout-flex\">\n<div class=\"wp-block-button is-style-outline is-style-outline--3\"><a class=\"wp-block-button__link has-black-color has-light-green-cyan-background-color has-text-color has-background wp-element-button\" href=\"http:\/\/thomas-schleiken.com\/?page_id=1405\"><strong>DAS 1&#215;1 DER TEAMF\u00dcHRUNG<\/strong><\/a><\/div>\n<\/div>\n\n\n\n<div class=\"wp-block-buttons is-layout-flex wp-block-buttons-is-layout-flex\">\n<div class=\"wp-block-button is-style-outline is-style-outline--4\"><a class=\"wp-block-button__link has-very-dark-gray-color has-light-green-cyan-background-color has-text-color has-background wp-element-button\" href=\"http:\/\/thomas-schleiken.com\/?page_id=311\"><strong>EFFEKTIVES KONFLIKTMANAGEMENT IN DER VERWALTUNG<\/strong><\/a><\/div>\n<\/div>\n\n\n\n<div class=\"wp-block-buttons is-layout-flex wp-block-buttons-is-layout-flex\">\n<div class=\"wp-block-button is-style-outline is-style-outline--5\"><a class=\"wp-block-button__link has-black-color has-light-green-cyan-background-color has-text-color has-background wp-element-button\" href=\"http:\/\/thomas-schleiken.com\/?page_id=253\"><strong>F\u00dcHRUNGSVERANTWORTNG IN DER \u00d6FFENTLICHEN VERWALTUNG<\/strong><\/a><\/div>\n<\/div>\n\n\n\n<div class=\"wp-block-buttons is-layout-flex wp-block-buttons-is-layout-flex\">\n<div class=\"wp-block-button is-style-outline is-style-outline--6\"><a class=\"wp-block-button__link has-black-color has-light-green-cyan-background-color has-text-color has-background wp-element-button\" href=\"http:\/\/thomas-schleiken.com\/?page_id=974\"><strong>KOMPAKTKURS PROJEKTMANAGEMENT &#8211; ONLINE<\/strong><\/a><\/div>\n<\/div>\n\n\n\n<div class=\"wp-block-buttons is-layout-flex wp-block-buttons-is-layout-flex\">\n<div class=\"wp-block-button is-style-outline is-style-outline--7\"><a class=\"wp-block-button__link has-very-dark-gray-color has-light-green-cyan-background-color has-text-color has-background wp-element-button\" href=\"http:\/\/thomas-schleiken.com\/?page_id=219\"><strong>MACHT ENTSCHL\u00dcSSELN &#8211; MACHTSPIELEN BEGEGNEN<\/strong><\/a><\/div>\n<\/div>\n\n\n\n<div class=\"wp-block-buttons is-layout-flex wp-block-buttons-is-layout-flex\">\n<div class=\"wp-block-button is-style-outline is-style-outline--8\"><a class=\"wp-block-button__link has-black-color has-light-green-cyan-background-color has-text-color has-background wp-element-button\" href=\"http:\/\/thomas-schleiken.com\/?page_id=668\"><strong>MIT GUTEN KR\u00c4FTEN DURCH DIE KRISE &#8211; ONLINE<\/strong><\/a><\/div>\n<\/div>\n\n\n\n<div class=\"wp-block-buttons is-layout-flex wp-block-buttons-is-layout-flex\">\n<div class=\"wp-block-button is-style-outline is-style-outline--9\"><a class=\"wp-block-button__link has-black-color has-light-green-cyan-background-color has-text-color has-background wp-element-button\" href=\"http:\/\/thomas-schleiken.com\/?page_id=256\"><strong>PERSONAGESPR\u00c4CHE IN DER VERWALTUNG ERFOLGREICH F\u00dcHREN<\/strong><\/a><\/div>\n<\/div>\n\n\n\n<div class=\"wp-block-buttons is-layout-flex wp-block-buttons-is-layout-flex\">\n<div class=\"wp-block-button is-style-outline is-style-outline--10\"><a class=\"wp-block-button__link has-black-color has-light-green-cyan-background-color has-text-color has-background wp-element-button\" href=\"http:\/\/thomas-schleiken.com\/?page_id=320\"><strong>PROJEKTMANAGEMENT IN DER VERWALTUNG WEITERDENKEN<\/strong><\/a><\/div>\n<\/div>\n\n\n\n<div class=\"wp-block-buttons is-layout-flex wp-block-buttons-is-layout-flex\"><\/div>\n\n\n\n<div style=\"height:100px\" aria-hidden=\"true\" class=\"wp-block-spacer\"><\/div>\n\n\n\n<div class=\"wp-block-columns is-layout-flex wp-container-core-columns-is-layout-9d6595d7 wp-block-columns-is-layout-flex\">\n<div class=\"wp-block-column is-layout-flow wp-block-column-is-layout-flow\">\n<figure class=\"wp-block-image size-large\"><img loading=\"lazy\" decoding=\"async\" width=\"265\" height=\"420\" src=\"http:\/\/thomas-schleiken.com\/wp-content\/uploads\/2020\/07\/Kommunikation_Verwaltung.jpg\" alt=\"\" class=\"wp-image-512\" srcset=\"http:\/\/thomas-schleiken.com\/wp-content\/uploads\/2020\/07\/Kommunikation_Verwaltung.jpg 265w, http:\/\/thomas-schleiken.com\/wp-content\/uploads\/2020\/07\/Kommunikation_Verwaltung-189x300.jpg 189w\" sizes=\"auto, (max-width: 265px) 100vw, 265px\" \/><figcaption class=\"wp-element-caption\">Thomas Schleiken: Kommunikation in der \u00f6ffentlichen Verwaltung.<br>ERH\u00c4LTLICH IM BUCHHANDEL!<\/figcaption><\/figure>\n<\/div>\n\n\n\n<div class=\"wp-block-column is-layout-flow wp-block-column-is-layout-flow\">\n<figure class=\"wp-block-image size-large is-resized\"><img loading=\"lazy\" decoding=\"async\" width=\"480\" height=\"761\" src=\"http:\/\/thomas-schleiken.com\/wp-content\/uploads\/2020\/07\/Konfliktmanagement.jpg\" alt=\"\" class=\"wp-image-513\" style=\"width:268px;height:424px\" srcset=\"http:\/\/thomas-schleiken.com\/wp-content\/uploads\/2020\/07\/Konfliktmanagement.jpg 480w, http:\/\/thomas-schleiken.com\/wp-content\/uploads\/2020\/07\/Konfliktmanagement-189x300.jpg 189w\" sizes=\"auto, (max-width: 480px) 100vw, 480px\" \/><figcaption class=\"wp-element-caption\">Thomas Schleiken: Konfliktmanagement.<br>ERH\u00c4LTLICH IM BUCHHANDEL!<\/figcaption><\/figure>\n<\/div>\n<\/div>\n","protected":false},"excerpt":{"rendered":"<p>N\u00dcTZLICHES F\u00dcR DEINEN F\u00dcHRUNGSERFOLG F\u00fcr weitere Informationen klicke auf den jeweiligen Seminartitel.<\/p>\n","protected":false},"author":1,"featured_media":0,"parent":0,"menu_order":0,"comment_status":"closed","ping_status":"closed","template":"","meta":{"footnotes":""},"class_list":["post-208","page","type-page","status-publish","hentry"],"_links":{"self":[{"href":"http:\/\/thomas-schleiken.com\/index.php?rest_route=\/wp\/v2\/pages\/208","targetHints":{"allow":["GET"]}}],"collection":[{"href":"http:\/\/thomas-schleiken.com\/index.php?rest_route=\/wp\/v2\/pages"}],"about":[{"href":"http:\/\/thomas-schleiken.com\/index.php?rest_route=\/wp\/v2\/types\/page"}],"author":[{"embeddable":true,"href":"http:\/\/thomas-schleiken.com\/index.php?rest_route=\/wp\/v2\/users\/1"}],"replies":[{"embeddable":true,"href":"http:\/\/thomas-schleiken.com\/index.php?rest_route=%2Fwp%2Fv2%2Fcomments&post=208"}],"version-history":[{"count":30,"href":"http:\/\/thomas-schleiken.com\/index.php?rest_route=\/wp\/v2\/pages\/208\/revisions"}],"predecessor-version":[{"id":1642,"href":"http:\/\/thomas-schleiken.com\/index.php?rest_route=\/wp\/v2\/pages\/208\/revisions\/1642"}],"wp:attachment":[{"href":"http:\/\/thomas-schleiken.com\/index.php?rest_route=%2Fwp%2Fv2%2Fmedia&parent=208"}],"curies":[{"name":"wp","href":"https:\/\/api.w.org\/{rel}","templated":true}]}}