{"id":235,"date":"2020-06-24T11:52:43","date_gmt":"2020-06-24T11:52:43","guid":{"rendered":"http:\/\/thomas-schleiken.com\/?page_id=235"},"modified":"2020-11-26T13:27:11","modified_gmt":"2020-11-26T13:27:11","slug":"agiles-fuehren","status":"publish","type":"page","link":"http:\/\/thomas-schleiken.com\/?page_id=235","title":{"rendered":"AGILES F\u00dcHREN"},"content":{"rendered":"\n<h2 class=\"wp-block-heading\">UNTERBAU &#8211; RAHMENBEDINGUNGEN &#8211; GRUNDS\u00c4TZE &#8211; ENTSCHEIDUNGSHILFEN &#8211; TOOLBOX<\/h2>\n\n\n\n<h4 class=\"wp-block-heading\">IHR NUTZEN<\/h4>\n\n\n\n<p>Agiles F\u00fchren gilt als einer der j\u00fcngsten Megatrends im Management. Der Ansatz kommt aus der Informationstechnologie und hat inzwischen l\u00e4ngst Management und F\u00fchrungskreise erreicht. Was verbirgt sich hinter dem Ansatz und was ist sein unabdingbarer Unterbau? Welchen Prinzipien folgt er? Welche Grunds\u00e4tze sind zu beachten? Wie lassen sich Strukturen, Prozesse und Kultur in einer Organisation agil gestalten? Mit welchen Werkzeugen arbeitet Agiles F\u00fchren? Wie also l\u00e4sst sich \u201eAgiles F\u00fchren\u201c in Ihrem F\u00fchrungsalltag nutzen? Diesen und weiteren Fragen gehen wir in diesem Werkstatt-Seminar nach. Wir erarbeiten Anregungen, L\u00f6sungshinweise und Konzeptvorschl\u00e4ge f\u00fcr Ihre konkrete F\u00fchrungssituation.<\/p>\n\n\n\n<h4 class=\"wp-block-heading\">F\u00dcR WEN?<\/h4>\n\n\n\n<p>Sie sind Unternehmer, F\u00fchrungskraft, personalverantwortlich, Projektmanager oder f\u00fcr Ver\u00e4nderungsvorhaben verantwortlich? Sie wollen die Idee der \u201eAgilen F\u00fchrung\u201c in Ihre Ans\u00e4tze integrieren? Dann sind Sie mit diesem Seminar angesprochen.<\/p>\n\n\n\n<h4 class=\"wp-block-heading\">LEITTHEMEN\/LEITFRAGEN<\/h4>\n\n\n\n<ul class=\"wp-block-list\"><li>Agiles F\u00fchren &#8211; Merkmale der Unterscheidung<\/li><li>Die Leitideen hinter dem Ansatz des agilen F\u00fchrens<\/li><li>Welchen Prinzipien folgt agiles F\u00fchren und was sind die Grenzen?<\/li><li>Hohe pers\u00f6nliche Reife und hohe kulturelle Reife &#8211; Was ist der unabdingbare Unterbau f\u00fcr agiles F\u00fchren?<\/li><li>Welche Grunds\u00e4tze sind beim agilen F\u00fchren zu ber\u00fccksichtigen?<\/li><li>Agil f\u00fchren in hierarchischen Umfeldern: M\u00f6glichkeiten und Grenzen<\/li><li>Von einander abh\u00e4ngige agile und nicht agile Projekte managen<\/li><li>Wie gestalte ich den kulturellen Wandel hin zur Agilit\u00e4t\/Wie baue ich eine agile Mentalit\u00e4t auf?<\/li><li>Umgang mit \u00dcberlastungen im agilen Team<\/li><li>Die agile Toolbox &#8211; n\u00fctzliche Werkzeuge f\u00fcr Ihre agile Umgebung<\/li><li>Entscheidungshilfen agiler F\u00fchrung<\/li><li>Wie binde ich das Upper Management angemessen in die agile Arbeitsweise ein?<\/li><li>Die Beziehung zwischen Vorgesetztem und Mitarbeiter im agilen Konzept<\/li><li>Umgang mit unterschiedlichen Pers\u00f6nlichkeiten im agilen Team<\/li><li>Mitarbeitergespr\u00e4che agil f\u00fchren &#8211; wie geht das?<\/li><li>Wie sich Karrierewege im Agilen Konzept ver\u00e4ndern<\/li><li>Leistungsbeurteilung und Verg\u00fctung im Einklang mit agilem F\u00fchren<\/li><\/ul>\n\n\n\n<h4 class=\"wp-block-heading\">TERMIN\/ORT<\/h4>\n\n\n\n<p>Auf Anfrage<br>Inhouse<\/p>\n\n\n\n<h4 class=\"wp-block-heading\">IHRE INVESTITION<\/h4>\n\n\n\n<p>Kontaktieren Sie mich. Gern unterbreite ich Ihnen ein pers\u00f6nliches Angebot.<br>Telefon: 04223-925934<br>eMail: schleikentcc@t-online.de<\/p>\n","protected":false},"excerpt":{"rendered":"<p>UNTERBAU &#8211; RAHMENBEDINGUNGEN &#8211; GRUNDS\u00c4TZE &#8211; ENTSCHEIDUNGSHILFEN &#8211; TOOLBOX IHR NUTZEN Agiles F\u00fchren gilt als einer der j\u00fcngsten Megatrends im Management. Der Ansatz kommt aus der Informationstechnologie und hat inzwischen l\u00e4ngst Management und F\u00fchrungskreise erreicht. Was verbirgt sich hinter dem Ansatz und was ist sein unabdingbarer Unterbau? Welchen Prinzipien folgt er? Welche Grunds\u00e4tze sind zu &hellip; <\/p>\n<p class=\"link-more\"><a href=\"http:\/\/thomas-schleiken.com\/?page_id=235\" class=\"more-link\"><span class=\"screen-reader-text\">\u201eAGILES F\u00dcHREN\u201c<\/span> weiterlesen<\/a><\/p>\n","protected":false},"author":1,"featured_media":0,"parent":0,"menu_order":0,"comment_status":"closed","ping_status":"closed","template":"","meta":{"footnotes":""},"class_list":["post-235","page","type-page","status-publish","hentry"],"_links":{"self":[{"href":"http:\/\/thomas-schleiken.com\/index.php?rest_route=\/wp\/v2\/pages\/235","targetHints":{"allow":["GET"]}}],"collection":[{"href":"http:\/\/thomas-schleiken.com\/index.php?rest_route=\/wp\/v2\/pages"}],"about":[{"href":"http:\/\/thomas-schleiken.com\/index.php?rest_route=\/wp\/v2\/types\/page"}],"author":[{"embeddable":true,"href":"http:\/\/thomas-schleiken.com\/index.php?rest_route=\/wp\/v2\/users\/1"}],"replies":[{"embeddable":true,"href":"http:\/\/thomas-schleiken.com\/index.php?rest_route=%2Fwp%2Fv2%2Fcomments&post=235"}],"version-history":[{"count":3,"href":"http:\/\/thomas-schleiken.com\/index.php?rest_route=\/wp\/v2\/pages\/235\/revisions"}],"predecessor-version":[{"id":559,"href":"http:\/\/thomas-schleiken.com\/index.php?rest_route=\/wp\/v2\/pages\/235\/revisions\/559"}],"wp:attachment":[{"href":"http:\/\/thomas-schleiken.com\/index.php?rest_route=%2Fwp%2Fv2%2Fmedia&parent=235"}],"curies":[{"name":"wp","href":"https:\/\/api.w.org\/{rel}","templated":true}]}}