{"id":246,"date":"2020-06-24T12:13:45","date_gmt":"2020-06-24T12:13:45","guid":{"rendered":"http:\/\/thomas-schleiken.com\/?page_id=246"},"modified":"2025-03-20T07:34:53","modified_gmt":"2025-03-20T07:34:53","slug":"navigieren-beim-driften","status":"publish","type":"page","link":"http:\/\/thomas-schleiken.com\/?page_id=246","title":{"rendered":"NAVIGIEREN BEIM DRIFTEN"},"content":{"rendered":"\n<h2 class=\"wp-block-heading\">F\u00dcHRUNG VERANTWORTEN IM ALLTAG &#8211; EIN INTERVALL-WERKSTATTSEMINAR F\u00dcR F\u00dcHRUNGSKR\u00c4FTE<\/h2>\n\n\n\n<h2 class=\"wp-block-heading\">ONLINE<\/h2>\n\n\n\n<h4 class=\"wp-block-heading\">DEIN NUTZEN<\/h4>\n\n\n\n<p>Dieses Werkstattseminar bietet dir den Raum, auf die schwierigen Handlungsfelder, die der F\u00fchrungsalltag mit sich bringt, zu schauen. Nutze die Gelegenheit, deine Position als F\u00fchrungskraft zu \u00fcberpr\u00fcfen, offene Fragen zu er\u00f6rtern sowie Kl\u00e4rungshilfen und Anregungen f\u00fcr den Alltag zu gewinnen.<\/p>\n\n\n\n<h4 class=\"wp-block-heading\">F\u00dcR WEN?<\/h4>\n\n\n\n<p>Du bist F\u00fchrungskraft (mit oder ohne disziplinarische Funktion) oder Projektleiter? Du st\u00f6sst auf Grenzen, m\u00f6chtest die Qualit\u00e4t deiner F\u00fchrungsarbeit \u00fcberpr\u00fcfen und konsequent an ihr arbeiten? Wenn du dazu an entsprechenden F\u00fchrungsseminaren bereits teilgenommen hast, bist du mit diesem ONLINE-Werkstattseminar angesprochen.<\/p>\n\n\n\n<h4 class=\"wp-block-heading\">EXEMPLARISCHE LEITTHEME\/LEITFRAGEN<\/h4>\n\n\n\n<ul class=\"wp-block-list\">\n<li>Zwischen allen St\u00fchlen &#8211; Wie finde ich meinen Platz in der Organisation (neu), wie definiere ich ihn (neu)?<\/li>\n\n\n\n<li>Zwischen Autorit\u00e4t und Kollegialit\u00e4t &#8211; wie f\u00fchre ich situationsgem\u00e4\u00df?<\/li>\n\n\n\n<li>Wie stelle ich mich in der Krise gut auf?<\/li>\n\n\n\n<li>Halt finden: Welche Grundhaltungen und Werteorientierung tragen mich in der F\u00fchrungsarbeit?<\/li>\n\n\n\n<li>Wie gestalte ich die Kommunikation effektiv?<\/li>\n\n\n\n<li>Was tue ich bei Neuausrichtung oder Reorganisation?<\/li>\n\n\n\n<li>F\u00fchrung auf Distanz &#8211; Worauf achte ich?<\/li>\n\n\n\n<li>Sollte ich einen Mitarbeiter\/eine Mitabeiterin versetzen?<\/li>\n\n\n\n<li>Wie gehe ich wirksam an Probleme und Konflikte heran?<\/li>\n\n\n\n<li>Was mache ich, wenn die Motivation nachl\u00e4sst?<\/li>\n\n\n\n<li>Wie gehe ich mit schwierigen Mitarbeiterinnen\/Mitarbeitern um?<\/li>\n\n\n\n<li>Wenn es kriselt im Team, was kann ich dann tun?<\/li>\n\n\n\n<li>Wie finde ich die Kraft aus der eigenen Mitte und wie nutze ich sie f\u00fcr die F\u00fchrungsarbeit?<\/li>\n\n\n\n<li>Wie beuge ich dem Burnout vor?<\/li>\n\n\n\n<li>Wie integriere ich Privatleben und Beruf?<\/li>\n<\/ul>\n\n\n\n<h4 class=\"wp-block-heading\">TERMIN\/ORT<\/h4>\n\n\n\n<p>Auf Anfrage<br>Inhouse<\/p>\n\n\n\n<h4 class=\"wp-block-heading\">IHRE INVESTITION<\/h4>\n\n\n\n<p>Kontaktieren Sie mich. Gern unterbreite ich Ihnen ein pers\u00f6nliches Angebot.<br>Telefon: 04223-925934<br>eMail: schleikentcc@t-online.de<\/p>\n","protected":false},"excerpt":{"rendered":"<p>F\u00dcHRUNG VERANTWORTEN IM ALLTAG &#8211; EIN INTERVALL-WERKSTATTSEMINAR F\u00dcR F\u00dcHRUNGSKR\u00c4FTE ONLINE DEIN NUTZEN Dieses Werkstattseminar bietet dir den Raum, auf die schwierigen Handlungsfelder, die der F\u00fchrungsalltag mit sich bringt, zu schauen. Nutze die Gelegenheit, deine Position als F\u00fchrungskraft zu \u00fcberpr\u00fcfen, offene Fragen zu er\u00f6rtern sowie Kl\u00e4rungshilfen und Anregungen f\u00fcr den Alltag zu gewinnen. F\u00dcR WEN? Du &hellip; <\/p>\n<p class=\"link-more\"><a href=\"http:\/\/thomas-schleiken.com\/?page_id=246\" class=\"more-link\"><span class=\"screen-reader-text\">\u201eNAVIGIEREN BEIM DRIFTEN\u201c<\/span> weiterlesen<\/a><\/p>\n","protected":false},"author":1,"featured_media":0,"parent":0,"menu_order":0,"comment_status":"closed","ping_status":"closed","template":"","meta":{"footnotes":""},"class_list":["post-246","page","type-page","status-publish","hentry"],"_links":{"self":[{"href":"http:\/\/thomas-schleiken.com\/index.php?rest_route=\/wp\/v2\/pages\/246","targetHints":{"allow":["GET"]}}],"collection":[{"href":"http:\/\/thomas-schleiken.com\/index.php?rest_route=\/wp\/v2\/pages"}],"about":[{"href":"http:\/\/thomas-schleiken.com\/index.php?rest_route=\/wp\/v2\/types\/page"}],"author":[{"embeddable":true,"href":"http:\/\/thomas-schleiken.com\/index.php?rest_route=\/wp\/v2\/users\/1"}],"replies":[{"embeddable":true,"href":"http:\/\/thomas-schleiken.com\/index.php?rest_route=%2Fwp%2Fv2%2Fcomments&post=246"}],"version-history":[{"count":9,"href":"http:\/\/thomas-schleiken.com\/index.php?rest_route=\/wp\/v2\/pages\/246\/revisions"}],"predecessor-version":[{"id":1884,"href":"http:\/\/thomas-schleiken.com\/index.php?rest_route=\/wp\/v2\/pages\/246\/revisions\/1884"}],"wp:attachment":[{"href":"http:\/\/thomas-schleiken.com\/index.php?rest_route=%2Fwp%2Fv2%2Fmedia&parent=246"}],"curies":[{"name":"wp","href":"https:\/\/api.w.org\/{rel}","templated":true}]}}