{"id":253,"date":"2020-06-24T12:33:18","date_gmt":"2020-06-24T12:33:18","guid":{"rendered":"http:\/\/thomas-schleiken.com\/?page_id=253"},"modified":"2025-03-20T07:33:24","modified_gmt":"2025-03-20T07:33:24","slug":"fuehrungsverantwortung-in-der-oeffentlichen-verwaltung","status":"publish","type":"page","link":"http:\/\/thomas-schleiken.com\/?page_id=253","title":{"rendered":"F\u00dcHRUNGSVERANTWORTUNG IN DER \u00d6FFENTLICHEN VERWALTUNG"},"content":{"rendered":"\n<h2 class=\"wp-block-heading\">Werkstattseminar f\u00fcr F\u00fchrungskr\u00e4fte des \u00f6ffentlichen Dienstes<\/h2>\n\n\n\n<h4 class=\"wp-block-heading\">DEIN NUTZEN<\/h4>\n\n\n\n<p>In diesem Werkstattseminar blicken wir auf die schwierigen Handlungsfelder, die der F\u00fchrungsalltag in der \u00f6ffentlichen Verwaltung mit sich bringt. Du hast die Gelegenheit, deine Position als F\u00fchrungskraft zu \u00fcberpr\u00fcfen, offene Fragen zu er\u00f6rtern sowie Kl\u00e4rungshilfen und Anregungen f\u00fcr den Alltag zu gewinnen.<\/p>\n\n\n\n<h4 class=\"wp-block-heading\">F\u00dcR WEN?<\/h4>\n\n\n\n<p>Du bist F\u00fchrungskraft in der \u00f6ffentlichen Verwaltung (mit oder ohne disziplinarische Funktion)? Du m\u00f6chtest die Qualit\u00e4t deiner F\u00fchrungsarbeit \u00fcberpr\u00fcfen und konsequent an ihr arbeiten? Wenn du dazu an entsprechenden F\u00fchrungsseminaren bereits teilgenommen hast, bist du mit diesem Werkstattseminar angesprochen.<\/p>\n\n\n\n<h4 class=\"wp-block-heading\">TYPISCHE LEITTHEMEN\/LEITFRAGEN<\/h4>\n\n\n\n<ul class=\"wp-block-list\">\n<li>F\u00fchren in der Transformation: Wie gehe ich mit den Herausforderungen um?<\/li>\n\n\n\n<li>Zwischen allen St\u00fchlen &#8211; Wie finde\/definiere ich meinen Platz in der Verwaltung?<\/li>\n\n\n\n<li>Zwischen Autorit\u00e4t und Kollegialit\u00e4t &#8211; Wann passt welcher Stil?<\/li>\n\n\n\n<li>Sich orientieren &#8211; Welche Grundhaltungen und Werte helfen mir, mich in der F\u00fchrungsarbeit auszurichten?<\/li>\n\n\n\n<li>Wie gestalte ich die Kommunikation in meinem Verantwortungsbereich effektiv<\/li>\n\n\n\n<li>Wie positioniere ich mich und wie agiere ich bei Organisationsver\u00e4nderungen?<\/li>\n\n\n\n<li>Inwieweit sollte ich dazu beitragen, Mitarbeiter in andere Bereiche zu versetzen?<\/li>\n\n\n\n<li>Wie verhalte ich mich bei Problemen, Konflikten in der Zusammenarbeit?<\/li>\n\n\n\n<li>Was mache ich, wenn die Motivation nachl\u00e4sst?<\/li>\n\n\n\n<li>Wie gehe ich mit schwierigen Mitarbeitern um?<\/li>\n\n\n\n<li>Resilienz (1) &#8211; Wie ist der Zusammenhang zwischen Selbstachtung und nachhaltigem F\u00fchrungserfolg?<\/li>\n\n\n\n<li>Resilienz (2) &#8211; Wie beuge ich dem Burnout vor?<\/li>\n\n\n\n<li>Resilienz (3) &#8211; Wie integriere ich meine Arbeit in mein Privatleben?<\/li>\n<\/ul>\n\n\n\n<div class=\"wp-block-buttons is-layout-flex wp-block-buttons-is-layout-flex\"><\/div>\n\n\n\n<h4 class=\"wp-block-heading\">TERMIN\/ORT<\/h4>\n\n\n\n<p>Auf Anfrage<br>Inhouse<\/p>\n\n\n\n<h4 class=\"wp-block-heading\">IHRE INVESTITION<\/h4>\n\n\n\n<p>Kontaktieren Sie mich. Gern unterbreite ich Ihnen ein pers\u00f6nliches Angebot.<br>Telefon: 04223-925934<br>eMail: schleikentcc@t-online.de<\/p>\n","protected":false},"excerpt":{"rendered":"<p>Werkstattseminar f\u00fcr F\u00fchrungskr\u00e4fte des \u00f6ffentlichen Dienstes DEIN NUTZEN In diesem Werkstattseminar blicken wir auf die schwierigen Handlungsfelder, die der F\u00fchrungsalltag in der \u00f6ffentlichen Verwaltung mit sich bringt. Du hast die Gelegenheit, deine Position als F\u00fchrungskraft zu \u00fcberpr\u00fcfen, offene Fragen zu er\u00f6rtern sowie Kl\u00e4rungshilfen und Anregungen f\u00fcr den Alltag zu gewinnen. F\u00dcR WEN? Du bist F\u00fchrungskraft &hellip; <\/p>\n<p class=\"link-more\"><a href=\"http:\/\/thomas-schleiken.com\/?page_id=253\" class=\"more-link\"><span class=\"screen-reader-text\">\u201eF\u00dcHRUNGSVERANTWORTUNG IN DER \u00d6FFENTLICHEN VERWALTUNG\u201c<\/span> weiterlesen<\/a><\/p>\n","protected":false},"author":1,"featured_media":0,"parent":0,"menu_order":0,"comment_status":"closed","ping_status":"closed","template":"","meta":{"footnotes":""},"class_list":["post-253","page","type-page","status-publish","hentry"],"_links":{"self":[{"href":"http:\/\/thomas-schleiken.com\/index.php?rest_route=\/wp\/v2\/pages\/253","targetHints":{"allow":["GET"]}}],"collection":[{"href":"http:\/\/thomas-schleiken.com\/index.php?rest_route=\/wp\/v2\/pages"}],"about":[{"href":"http:\/\/thomas-schleiken.com\/index.php?rest_route=\/wp\/v2\/types\/page"}],"author":[{"embeddable":true,"href":"http:\/\/thomas-schleiken.com\/index.php?rest_route=\/wp\/v2\/users\/1"}],"replies":[{"embeddable":true,"href":"http:\/\/thomas-schleiken.com\/index.php?rest_route=%2Fwp%2Fv2%2Fcomments&post=253"}],"version-history":[{"count":17,"href":"http:\/\/thomas-schleiken.com\/index.php?rest_route=\/wp\/v2\/pages\/253\/revisions"}],"predecessor-version":[{"id":1882,"href":"http:\/\/thomas-schleiken.com\/index.php?rest_route=\/wp\/v2\/pages\/253\/revisions\/1882"}],"wp:attachment":[{"href":"http:\/\/thomas-schleiken.com\/index.php?rest_route=%2Fwp%2Fv2%2Fmedia&parent=253"}],"curies":[{"name":"wp","href":"https:\/\/api.w.org\/{rel}","templated":true}]}}