{"id":315,"date":"2020-06-24T15:13:23","date_gmt":"2020-06-24T15:13:23","guid":{"rendered":"http:\/\/thomas-schleiken.com\/?page_id=315"},"modified":"2023-05-06T13:03:58","modified_gmt":"2023-05-06T13:03:58","slug":"projektmanagement-trainings","status":"publish","type":"page","link":"http:\/\/thomas-schleiken.com\/?page_id=315","title":{"rendered":"PROJEKTMANAGEMENT-TRAININGS"},"content":{"rendered":"\n<h2 class=\"has-light-green-cyan-color has-text-color wp-block-heading\">N\u00dcTZLICHES F\u00dcR DEINEN PROJEKTERFOLG<\/h2>\n\n\n\n<p>F\u00fcr weitere Informationen klicken Sie auf den jeweiligen Seminartitel.<\/p>\n\n\n\n<div class=\"wp-block-buttons is-layout-flex wp-block-buttons-is-layout-flex\">\n<div class=\"wp-block-button is-style-outline is-style-outline--1\"><a class=\"wp-block-button__link has-black-color has-light-green-cyan-background-color has-text-color has-background wp-element-button\" href=\"http:\/\/thomas-schleiken.com\/?page_id=793\"><strong>CRASHKURS PROJEKTMANAGEMENT (VERWALTUNG) &#8211; ONLINE<\/strong><\/a><\/div>\n<\/div>\n\n\n\n<div class=\"wp-block-buttons is-layout-flex wp-block-buttons-is-layout-flex\">\n<div class=\"wp-block-button is-style-outline is-style-outline--2\"><a class=\"wp-block-button__link has-black-color has-light-green-cyan-background-color has-text-color has-background wp-element-button\" href=\"http:\/\/thomas-schleiken.com\/?page_id=974\"><strong>KOMPAKTKURS PROJEKTMANAGEMENT (VERWALTUNG) &#8211; ONLINE<\/strong><\/a><\/div>\n<\/div>\n\n\n\n<div class=\"wp-block-buttons is-layout-flex wp-block-buttons-is-layout-flex\">\n<div class=\"wp-block-button is-style-outline is-style-outline--3\"><a class=\"wp-block-button__link has-very-dark-gray-color has-light-green-cyan-background-color has-text-color has-background wp-element-button\" href=\"http:\/\/thomas-schleiken.com\/?page_id=326\"><strong>KONFLIKT-DSCHUNGELCAMP F\u00dcR DEN PROJEKTALLTAG &#8211; ONLINE<\/strong><\/a><\/div>\n<\/div>\n\n\n\n<div class=\"wp-block-buttons is-layout-flex wp-block-buttons-is-layout-flex\">\n<div class=\"wp-block-button is-style-outline is-style-outline--4\"><a class=\"wp-block-button__link has-black-color has-light-green-cyan-background-color has-text-color has-background wp-element-button\" href=\"http:\/\/thomas-schleiken.com\/?page_id=537\"><strong>LEADERSHIP-ROADMAP F\u00dcR DEN PROJEKTALLTAG<\/strong><\/a><\/div>\n<\/div>\n\n\n\n<div class=\"wp-block-buttons is-layout-flex wp-block-buttons-is-layout-flex\">\n<div class=\"wp-block-button is-style-outline is-style-outline--5\"><a class=\"wp-block-button__link has-very-dark-gray-color has-light-green-cyan-background-color has-text-color has-background wp-element-button\" href=\"http:\/\/thomas-schleiken.com\/?page_id=575\"><strong>PROJEKTMANAGEMENT-BASICS &#8211; ONLINE.INTENSIVSEMINAR<\/strong><\/a><\/div>\n<\/div>\n\n\n\n<div class=\"wp-block-buttons is-layout-flex wp-block-buttons-is-layout-flex\">\n<div class=\"wp-block-button is-style-outline is-style-outline--6\"><a class=\"wp-block-button__link has-very-dark-gray-color has-light-green-cyan-background-color has-text-color has-background wp-element-button\" href=\"http:\/\/thomas-schleiken.com\/?page_id=396\"><strong>PROJEKTMANAGEMENT IN DER VERWALTUNG SYSTEMATISCH WEITERDENKEN<\/strong><\/a><\/div>\n<\/div>\n\n\n\n<div class=\"wp-block-buttons is-layout-flex wp-block-buttons-is-layout-flex\">\n<div class=\"wp-block-button is-style-outline is-style-outline--7\"><a class=\"wp-block-button__link has-very-dark-gray-color has-light-green-cyan-background-color has-text-color has-background wp-element-button\" href=\"http:\/\/thomas-schleiken.com\/?page_id=408\"><strong>PROJEKTMANAGEMENT MIT EMOTIONALER INTELLIGENZ<\/strong><\/a><\/div>\n<\/div>\n\n\n\n<div class=\"wp-block-buttons is-layout-flex wp-block-buttons-is-layout-flex\">\n<div class=\"wp-block-button is-style-outline is-style-outline--8\"><a class=\"wp-block-button__link has-very-dark-gray-color has-light-green-cyan-background-color has-text-color has-background wp-element-button\" href=\"http:\/\/thomas-schleiken.com\/?page_id=403\"><strong>PROJEKTMANAGEMENT &#8211; SIMULATION<\/strong><\/a><\/div>\n<\/div>\n\n\n\n<div class=\"wp-block-buttons is-layout-flex wp-block-buttons-is-layout-flex\">\n<div class=\"wp-block-button is-style-outline is-style-outline--9\"><a class=\"wp-block-button__link has-very-dark-gray-color has-light-green-cyan-background-color has-text-color has-background wp-element-button\" href=\"http:\/\/thomas-schleiken.com\/?page_id=320\">P<strong>ROJEKTMANAGEMENT &#8211; VERHALTEN, HALTUNG, L\u00d6SUNGSANS\u00c4TZE<\/strong><\/a><\/div>\n<\/div>\n\n\n\n<div class=\"wp-block-buttons is-layout-flex wp-block-buttons-is-layout-flex\">\n<div class=\"wp-block-button is-style-outline is-style-outline--10\"><a class=\"wp-block-button__link has-very-dark-gray-color has-light-green-cyan-background-color has-text-color has-background wp-element-button\" href=\"http:\/\/thomas-schleiken.com\/?page_id=359\"><strong>TEAMS SPIELEND MANAGEN<\/strong><\/a><\/div>\n<\/div>\n\n\n\n<div class=\"wp-block-buttons is-layout-flex wp-block-buttons-is-layout-flex\"><\/div>\n","protected":false},"excerpt":{"rendered":"<p>N\u00dcTZLICHES F\u00dcR DEINEN PROJEKTERFOLG F\u00fcr weitere Informationen klicken Sie auf den jeweiligen Seminartitel.<\/p>\n","protected":false},"author":1,"featured_media":0,"parent":0,"menu_order":0,"comment_status":"closed","ping_status":"closed","template":"","meta":{"footnotes":""},"class_list":["post-315","page","type-page","status-publish","hentry"],"_links":{"self":[{"href":"http:\/\/thomas-schleiken.com\/index.php?rest_route=\/wp\/v2\/pages\/315","targetHints":{"allow":["GET"]}}],"collection":[{"href":"http:\/\/thomas-schleiken.com\/index.php?rest_route=\/wp\/v2\/pages"}],"about":[{"href":"http:\/\/thomas-schleiken.com\/index.php?rest_route=\/wp\/v2\/types\/page"}],"author":[{"embeddable":true,"href":"http:\/\/thomas-schleiken.com\/index.php?rest_route=\/wp\/v2\/users\/1"}],"replies":[{"embeddable":true,"href":"http:\/\/thomas-schleiken.com\/index.php?rest_route=%2Fwp%2Fv2%2Fcomments&post=315"}],"version-history":[{"count":29,"href":"http:\/\/thomas-schleiken.com\/index.php?rest_route=\/wp\/v2\/pages\/315\/revisions"}],"predecessor-version":[{"id":1575,"href":"http:\/\/thomas-schleiken.com\/index.php?rest_route=\/wp\/v2\/pages\/315\/revisions\/1575"}],"wp:attachment":[{"href":"http:\/\/thomas-schleiken.com\/index.php?rest_route=%2Fwp%2Fv2%2Fmedia&parent=315"}],"curies":[{"name":"wp","href":"https:\/\/api.w.org\/{rel}","templated":true}]}}