{"id":372,"date":"2020-07-04T11:11:17","date_gmt":"2020-07-04T11:11:17","guid":{"rendered":"http:\/\/thomas-schleiken.com\/?page_id=372"},"modified":"2021-05-28T09:45:11","modified_gmt":"2021-05-28T09:45:11","slug":"loesungsorientierte-kommunikation-und-menschenfuehrung","status":"publish","type":"page","link":"http:\/\/thomas-schleiken.com\/?page_id=372","title":{"rendered":"L\u00d6SUNGSORIENTIERTE KOMMUNIKATION UND MENSCHENF\u00dcHRUNG"},"content":{"rendered":"\n<figure class=\"wp-block-image size-large\"><img loading=\"lazy\" decoding=\"async\" width=\"984\" height=\"311\" src=\"http:\/\/thomas-schleiken.com\/wp-content\/uploads\/2021\/05\/LOK-Logo-Website.jpg\" alt=\"\" class=\"wp-image-994\" srcset=\"http:\/\/thomas-schleiken.com\/wp-content\/uploads\/2021\/05\/LOK-Logo-Website.jpg 984w, http:\/\/thomas-schleiken.com\/wp-content\/uploads\/2021\/05\/LOK-Logo-Website-300x95.jpg 300w, http:\/\/thomas-schleiken.com\/wp-content\/uploads\/2021\/05\/LOK-Logo-Website-768x243.jpg 768w\" sizes=\"auto, (max-width: 767px) 89vw, (max-width: 1000px) 54vw, (max-width: 1071px) 543px, 580px\" \/><\/figure>\n\n\n\n<h2 class=\"wp-block-heading\">ERFOLGREICH UND NACHHALTIG F\u00dcHREN<\/h2>\n\n\n\n<h4 class=\"wp-block-heading\">DEIN NUTZEN<\/h4>\n\n\n\n<p>Menschen zu f\u00fchren gestaltet sich weitgehend \u00fcber Kommunikation. In diesem Seminar erkundest du alle wichtigen Ressourcen f\u00fcr deinen nachhaltig erfolgreichen Kommunikationsstil. Du lernst wichtige Unterscheidungen von Gespr\u00e4chstypen zu nutzen. Du erlernst grundlegende und wertbindende Denkweisen, die deinen Einfluss und dein Ansehen in der Gespr\u00e4chsf\u00fchrung deutlich mehren. Du erkundest die Werkzeuge, mit denen du respektlose Gespr\u00e4chsf\u00fchrung identifizieren und entkr\u00e4ften kannst. Ebenso wirst du in der Lage sein, wertsch\u00e4tzende Gespr\u00e4che ziel- und l\u00f6sungsrientiert auf Augenh\u00f6he zu f\u00fchren. Die wichtigen Techniken dazu werden dir in diesem Seminar nicht nur vermittelt. Du hast zudem die Gelegenheit, ihre Tauglichkeit unmittelbar zu erproben.<\/p>\n\n\n\n<p>F\u00fcr deinen gewinnenden Gespr\u00e4chsstil &#8211; Sichere dir noch heute deinen Seminarplatz f\u00fcr dieses kleingruppenorientierte Intensivseminar. Mehre deine M\u00f6glichkeiten.<\/p>\n\n\n\n<h4 class=\"wp-block-heading\">F\u00dcR WEN?<\/h4>\n\n\n\n<p>Du f\u00fchrst in deiner Arbeit Menschen? Sei es in der Funktion als F\u00fchrungskraft, im Projekt, in einer beratenden Querschnittsfunktion? Du m\u00f6chtest deine Leadershipqualit\u00e4ten systematisch ausbauen? Du m\u00f6chtest deine kommunikative Kompetenz erweitern? Dann bist du mit diesem Seminar angesprochen.<\/p>\n\n\n\n<h4 class=\"wp-block-heading\">LEITTHEMEN\/LEITFRAGEN<\/h4>\n\n\n\n<ul class=\"wp-block-list\"><li>Warum erkennt man Gewinner schon am Start?<\/li><li>Was ist der Nutzen von Paradoxien, Neurosen, Drohungen, subtiler Sabotagen und anderer unanst\u00e4ndiger Dinge?<\/li><li>Was sind die Grunds\u00e4tze l\u00f6sungsorientierter Kommunikation und Menschenf\u00fchrung?<\/li><li>Wie nutze ich systemisches Denken im F\u00fchrungsalltag?<\/li><li>Wie praktiziere ich systemische Kommunikation zur L\u00f6sungsorientierung?<\/li><li>Was ist positive Konnotation und was hat sie mit Kommunikation und Menschenf\u00fchrung zu tun?<\/li><li>Wie gelange ich zum echten Dialog?<\/li><li>Wie verl\u00e4uft ein gutes Mitarbeitergespr\u00e4ch? Was hat das erfolgreiche Mitarbeitergespr\u00e4ch mit Coaching zu tun?<\/li><li>Wie unterscheide und nutze ich verschiedene Gespr\u00e4chsformen im F\u00fchrungsalltag?<\/li><li>Wie gestalte ich einen erfolgreichen Gespr\u00e4chsverlauf mit Mitarbeitern, Kollegen, Vorgesetzten und Kunden?<\/li><\/ul>\n\n\n\n<h4 class=\"wp-block-heading\">TERMIN\/ORT<\/h4>\n\n\n\n<p>14.09.21, 10.00 Uhr &#8211; 15.09.21, 16.00 Uhr<br>Evangelische G\u00e4steh\u00e4user Sandkrug<br>Oldenurger Weg 1<br>26209 Hatten (Niedersachsen)<\/p>\n\n\n\n<h4 class=\"wp-block-heading\">TEILNEHMERZAHL<\/h4>\n\n\n\n<p>max. 12 Personen<\/p>\n\n\n\n<h4 class=\"wp-block-heading\">INVESTITION<\/h4>\n\n\n\n<p>Kursgeb\u00fchr: 1.200,&#8211; Euro (zuz\u00fcglich 19 % Mehrwertsteuer)<br>Enthalten ist die Tagungspauschale (Tagungsraum,Tagungsgetr\u00e4nke, Mittagessen), die digitale Seminardokumentation sowie die Teilnahmebescheinigung.<\/p>\n\n\n\n<h4 class=\"wp-block-heading\">ANMELDEBEDINGUNGEN<\/h4>\n\n\n\n<p>Die Rechnung f\u00fcr die Teilnahme wird nach dem Seminar zugesandt. Die Anmeldung zum Seminar gilt als verbindlich. Bei R\u00fccktritt bis zwei Wochen vor dem Seminar wird eine Stornogeb\u00fchr von 100,- Euro in Rechnung gestellt. Bei sp\u00e4terem R\u00fccktritt ohne Benennung eines jeweiligen Ersatzteilnehmers wird die gesamte Seminargeb\u00fchr in H\u00f6he von 1.200,- Euro f\u00e4llig. Die genannten Preise verstehen sich zuz\u00fcglich der gesetzlichen Mehrwertsteuer. Im Falle einer zu geringen Teilnehmerzahl behalte ich mir vor, das Seminar sp\u00e4testens f\u00fcnf  Werktage vor Seminarstart abzusagen.<\/p>\n\n\n\n<div class=\"wp-block-buttons is-layout-flex wp-block-buttons-is-layout-flex\"><\/div>\n\n\n\n<div class=\"wp-block-file\"><a href=\"http:\/\/thomas-schleiken.com\/wp-content\/uploads\/2021\/05\/Flyer-LOK-21.pdf\"><em>Flyer zum kostenlosen Download<\/em><\/a><a href=\"http:\/\/thomas-schleiken.com\/wp-content\/uploads\/2021\/05\/Flyer-LOK-21.pdf\" class=\"wp-block-file__button\" download>Herunterladen<\/a><\/div>\n\n\n\n<div class=\"wp-block-buttons is-layout-flex wp-block-buttons-is-layout-flex\">\n<div class=\"wp-block-button\"><a class=\"wp-block-button__link\" href=\"mailto:schleikentcc@t-online.de\">Anmeldung per eMail<\/a><\/div>\n<\/div>\n","protected":false},"excerpt":{"rendered":"<p>ERFOLGREICH UND NACHHALTIG F\u00dcHREN DEIN NUTZEN Menschen zu f\u00fchren gestaltet sich weitgehend \u00fcber Kommunikation. In diesem Seminar erkundest du alle wichtigen Ressourcen f\u00fcr deinen nachhaltig erfolgreichen Kommunikationsstil. Du lernst wichtige Unterscheidungen von Gespr\u00e4chstypen zu nutzen. Du erlernst grundlegende und wertbindende Denkweisen, die deinen Einfluss und dein Ansehen in der Gespr\u00e4chsf\u00fchrung deutlich mehren. Du erkundest die &hellip; <\/p>\n<p class=\"link-more\"><a href=\"http:\/\/thomas-schleiken.com\/?page_id=372\" class=\"more-link\"><span class=\"screen-reader-text\">\u201eL\u00d6SUNGSORIENTIERTE KOMMUNIKATION UND MENSCHENF\u00dcHRUNG\u201c<\/span> weiterlesen<\/a><\/p>\n","protected":false},"author":1,"featured_media":0,"parent":0,"menu_order":0,"comment_status":"closed","ping_status":"closed","template":"","meta":{"footnotes":""},"class_list":["post-372","page","type-page","status-publish","hentry"],"_links":{"self":[{"href":"http:\/\/thomas-schleiken.com\/index.php?rest_route=\/wp\/v2\/pages\/372","targetHints":{"allow":["GET"]}}],"collection":[{"href":"http:\/\/thomas-schleiken.com\/index.php?rest_route=\/wp\/v2\/pages"}],"about":[{"href":"http:\/\/thomas-schleiken.com\/index.php?rest_route=\/wp\/v2\/types\/page"}],"author":[{"embeddable":true,"href":"http:\/\/thomas-schleiken.com\/index.php?rest_route=\/wp\/v2\/users\/1"}],"replies":[{"embeddable":true,"href":"http:\/\/thomas-schleiken.com\/index.php?rest_route=%2Fwp%2Fv2%2Fcomments&post=372"}],"version-history":[{"count":8,"href":"http:\/\/thomas-schleiken.com\/index.php?rest_route=\/wp\/v2\/pages\/372\/revisions"}],"predecessor-version":[{"id":1002,"href":"http:\/\/thomas-schleiken.com\/index.php?rest_route=\/wp\/v2\/pages\/372\/revisions\/1002"}],"wp:attachment":[{"href":"http:\/\/thomas-schleiken.com\/index.php?rest_route=%2Fwp%2Fv2%2Fmedia&parent=372"}],"curies":[{"name":"wp","href":"https:\/\/api.w.org\/{rel}","templated":true}]}}