{"id":377,"date":"2020-07-04T11:55:33","date_gmt":"2020-07-04T11:55:33","guid":{"rendered":"http:\/\/thomas-schleiken.com\/?page_id=377"},"modified":"2021-09-29T13:24:23","modified_gmt":"2021-09-29T13:24:23","slug":"entfaltung-der-fuehrungspersoenlichkeit","status":"publish","type":"page","link":"http:\/\/thomas-schleiken.com\/?page_id=377","title":{"rendered":"ENTFALTUNG DER F\u00dcHRUNGSPERS\u00d6NLICHKEIT"},"content":{"rendered":"\n<h2 class=\"wp-block-heading\">IN SICH RUHEN &#8211; ORIENTIERUNG BIETEN &#8211; INSPIRIEREND WIRKEN<\/h2>\n\n\n\n<h4 class=\"wp-block-heading\">DEIN NUTZEN<\/h4>\n\n\n\n<p>Die Geschichte der F\u00fchrungskunst ist so alt, wie die Geschichte der Menschheit selbst. Ebenso lang suchen Menschen nach hilfreichen Erkl\u00e4rungen und Deutungen f\u00fcr das, was sie als F\u00fchrung bezeichnen. Und ebenso lang suchen F\u00fchrungskr\u00e4fte selbst nach dem, was Sinn stiftet und Wert schafft, was fordert und f\u00f6rdert.<br>In diesem Intensiv-Seminar vertiefst du dein Verst\u00e4ndnis von Leadership. Du arbeitest konsequent an der Nachhaltigkeit und der Wertbindung Deiner F\u00fchrung. Du erkundest das Zusammenspiel zwischen pers\u00f6nlicher Haltung und F\u00fchrungserfolg. Finde deinen pers\u00f6nlichen Erfolgs-Kompass und erarbeite dein individuelles Entwicklungskonzept.<\/p>\n\n\n\n<h4 class=\"wp-block-heading\">F\u00dcR WEN?<\/h4>\n\n\n\n<p>Du bist mit F\u00fchrungsaufgaben betraut, in der Gesch\u00e4ftsleitung, in der Hierarchie oder lateral oder in der Projektleitung? Du m\u00f6chtest dich selbst besser kennenlernen und deine Kontakte zu Mitarbeitenden, Vorgesetzten, Kolleginnen und Kollegen und zu Kunden hin dauerhaft erfolgreich gestalten? bist du mit diesem Seminar angesprochen.<\/p>\n\n\n\n<h4 class=\"wp-block-heading\">LEITTHEMEN\/LEITFRAGEN<\/h4>\n\n\n\n<ul class=\"wp-block-list\"><li>Was kennzeichnet mein eigenes F\u00fchrungsbild?<\/li><li>Die entfesselte Welt &#8211; Welche Forderungen stellt sie und wie stelle ich mich gut auf?<\/li><li>Was ist systemisches Denken ist und wie nutze ich es im F\u00fchrungsalltag?<\/li><li>Im Auge des Orkans: Vom sch\u00f6pferischen Geist, vom Annehmen des Unabwendbaren, von der F\u00fclle des Nichts und anderen Wirklichkeiten<\/li><li>Von der Breakthrough-Strategy und dem Flow-Prinzip<\/li><li>Von welchen Werten und Annahmen lasse ich mich leiten?<\/li><li>Wie kann ich die Ideen der Ethik f\u00fcr meinen F\u00fchrungserfolg nutzen?<\/li><li>Wie wirken Pers\u00f6nlichkeit, Karriere und F\u00fchrungsverhalten zusammen?<\/li><li>Wie analysiere ich meine eigene F\u00fchrungspers\u00f6nlichkeit und die Pers\u00f6nlichkeit der Mitarbeitenden?<\/li><li>Kontrolle, Kritik, Unterweisung, Anerkennung und mehr &#8211; Wie gehe ich diese wichtigen Aufgaben der F\u00fchrung nachhaltig an?<\/li><li>Wie meistere ich schwierige F\u00fchrungssituationen souver\u00e4n?<\/li><li>Wie f\u00fchre ich &#8222;schwierige&#8220; Charakt\u00e4re erfolgreich?<\/li><li>Wie durchbreche ich Blockaden wirksam?<\/li><li>Coachen als F\u00fchrungskraft &#8211; geht das? Und wenn ja, wie?<\/li><li>Wie nutze ich Tiefenentspannung gegen Stress und Burn-Out?<\/li><li>\u201dWenn der Wind des Wandels weht&#8230;\u201d: Wie kann ich als F\u00fchrungskraft die Ver\u00e4nderungen in der Transformation wirksam angehen?<\/li><\/ul>\n\n\n\n<h4 class=\"wp-block-heading\">TERMIN\/ORT<\/h4>\n\n\n\n<p>06.\/07.12.2021<br>Evangelische G\u00e4steh\u00e4user Sandkrug<br>Oldenburger Weg 1<br>26209 Hatten (Niedersachsen)<\/p>\n\n\n\n<h4 class=\"wp-block-heading\">TEILNEHMERZAHL<\/h4>\n\n\n\n<p>maximal 12 Personen<\/p>\n\n\n\n<h4 class=\"wp-block-heading\">INVESTITION<\/h4>\n\n\n\n<p>Kursgeb\u00fchr: 1.200,\u2013 Euro (zuz\u00fcglich 19 % Mehrwertsteuer)<br>Enthalten ist die Tagungspauschale (Tagungsraum,Tagungsgetr\u00e4nke, Mittagessen), die digitale Seminardokumentation sowie die Teilnahmebescheinigung.<\/p>\n\n\n\n<h4 class=\"wp-block-heading\">ANMELDEBEDINGUNGEN<\/h4>\n\n\n\n<p>Die Rechnung f\u00fcr die Teilnahme wird nach dem Seminar zugesandt. Die Anmeldung zum Seminar gilt als verbindlich. Bei R\u00fccktritt bis zwei Wochen vor dem Seminar wird eine Stornogeb\u00fchr von 100,- Euro in Rechnung gestellt. Bei sp\u00e4terem R\u00fccktritt wird die gesamte Seminargeb\u00fchr in H\u00f6he von 1.200,- Euro f\u00e4llig. Die genannten Preise verstehen sich zuz\u00fcglich der gesetzlichen Mehrwertsteuer. Im Falle einer zu geringen Teilnehmerzahl behalte ich mir vor, das Seminar sp\u00e4testens f\u00fcnf Werktage vor Seminarstart abzusagen.<\/p>\n\n\n\n<div class=\"wp-block-buttons is-layout-flex wp-block-buttons-is-layout-flex\"><\/div>\n\n\n\n<div class=\"wp-block-file\"><a href=\"http:\/\/thomas-schleiken.com\/wp-content\/uploads\/2021\/09\/Flyer-Fuehrungspersoenlichkeit-211206.pdf\"><em>Flyer zum Download<\/em><\/a><a href=\"http:\/\/thomas-schleiken.com\/wp-content\/uploads\/2021\/09\/Flyer-Fuehrungspersoenlichkeit-211206.pdf\" class=\"wp-block-file__button\" download>Herunterladen<\/a><\/div>\n\n\n\n<div class=\"wp-block-buttons is-layout-flex wp-block-buttons-is-layout-flex\">\n<div class=\"wp-block-button\"><a class=\"wp-block-button__link\" href=\"mailto:schleikentcc@t-online.de\"><strong>Anmeldung per eMail<\/strong><\/a><\/div>\n<\/div>\n","protected":false},"excerpt":{"rendered":"<p>IN SICH RUHEN &#8211; ORIENTIERUNG BIETEN &#8211; INSPIRIEREND WIRKEN DEIN NUTZEN Die Geschichte der F\u00fchrungskunst ist so alt, wie die Geschichte der Menschheit selbst. Ebenso lang suchen Menschen nach hilfreichen Erkl\u00e4rungen und Deutungen f\u00fcr das, was sie als F\u00fchrung bezeichnen. Und ebenso lang suchen F\u00fchrungskr\u00e4fte selbst nach dem, was Sinn stiftet und Wert schafft, was &hellip; <\/p>\n<p class=\"link-more\"><a href=\"http:\/\/thomas-schleiken.com\/?page_id=377\" class=\"more-link\"><span class=\"screen-reader-text\">\u201eENTFALTUNG DER F\u00dcHRUNGSPERS\u00d6NLICHKEIT\u201c<\/span> weiterlesen<\/a><\/p>\n","protected":false},"author":1,"featured_media":0,"parent":0,"menu_order":0,"comment_status":"closed","ping_status":"closed","template":"","meta":{"footnotes":""},"class_list":["post-377","page","type-page","status-publish","hentry"],"_links":{"self":[{"href":"http:\/\/thomas-schleiken.com\/index.php?rest_route=\/wp\/v2\/pages\/377","targetHints":{"allow":["GET"]}}],"collection":[{"href":"http:\/\/thomas-schleiken.com\/index.php?rest_route=\/wp\/v2\/pages"}],"about":[{"href":"http:\/\/thomas-schleiken.com\/index.php?rest_route=\/wp\/v2\/types\/page"}],"author":[{"embeddable":true,"href":"http:\/\/thomas-schleiken.com\/index.php?rest_route=\/wp\/v2\/users\/1"}],"replies":[{"embeddable":true,"href":"http:\/\/thomas-schleiken.com\/index.php?rest_route=%2Fwp%2Fv2%2Fcomments&post=377"}],"version-history":[{"count":4,"href":"http:\/\/thomas-schleiken.com\/index.php?rest_route=\/wp\/v2\/pages\/377\/revisions"}],"predecessor-version":[{"id":1322,"href":"http:\/\/thomas-schleiken.com\/index.php?rest_route=\/wp\/v2\/pages\/377\/revisions\/1322"}],"wp:attachment":[{"href":"http:\/\/thomas-schleiken.com\/index.php?rest_route=%2Fwp%2Fv2%2Fmedia&parent=377"}],"curies":[{"name":"wp","href":"https:\/\/api.w.org\/{rel}","templated":true}]}}