{"id":382,"date":"2020-07-04T12:08:07","date_gmt":"2020-07-04T12:08:07","guid":{"rendered":"http:\/\/thomas-schleiken.com\/?page_id=382"},"modified":"2020-11-26T13:28:23","modified_gmt":"2020-11-26T13:28:23","slug":"empowerment-strukturen-und-spiele-der-macht","status":"publish","type":"page","link":"http:\/\/thomas-schleiken.com\/?page_id=382","title":{"rendered":"EMPOWERMENT &#8211; STRUKTUREN UND SPIELE DER MACHT"},"content":{"rendered":"\n<h2 class=\"wp-block-heading\">NAVIGATIONSHILFEN ZWISCHEN OHNMACHT UND ALLMACHT IM F\u00dcHRUNGSALLTAG<\/h2>\n\n\n\n<h4 class=\"wp-block-heading\">IHR NUTZEN<\/h4>\n\n\n\n<p>\u00dcberall im F\u00fchrungsalltag begegnet uns Macht. In jeder zwischenmenschlichen Beziehung schwingt sie mit. Macht l\u00e4sst sich nutzen, aber auch missbrauchen. In diesem Seminar erkunden Sie die Wirkmechanismen der Macht. Sie erarbeiten Ihre pers\u00f6nlichen Werkzeuge zum aktiven und konstruktiven Umgang mit Macht im F\u00fchrungsalltag.<\/p>\n\n\n\n<h4 class=\"wp-block-heading\">\u00dcR WEN?<\/h4>\n\n\n\n<p>Sie sind F\u00fchrungskraft, F\u00fchrungsnachwuchskraft oder managen Projekte? Sie wollen mit mit Macht im F\u00fchrungsalltag bewu\u00dft und konstruktiv umgehen, Machtspielen wirksam begegnen und Ihre Mitarbeiter empowern? Dann sind Sie mit diesem Seminar angesprochen.<\/p>\n\n\n\n<h4 class=\"wp-block-heading\">LEITTHEMEN\/LEITFRAGEN<\/h4>\n\n\n\n<ul class=\"wp-block-list\"><li>Wie strukturiert Macht die Organisationen und welche Folgen ergeben sich daraus f\u00fcr den F\u00fchrungsalltag?<\/li><li>Wie zeigt sich Macht zwischen Einzelnen, Gruppen und der Organisation?<\/li><li>Wie verlaufen Machtbildungsprozesse, wie institutionalisiert sich Macht in Organisationen?<\/li><li>Wie erkennen und nutzen Sie Macht als F\u00fchrungsinstrument?<\/li><li>Wer (was) erm\u00e4chtigt wen auf welche Weise und mit welchen Folgen f\u00fcr den F\u00fchrungsalltag?<\/li><li>Welche B\u00fchnen, Kulissen und Requisiten benutzt ein \u201cMachthaber\u201d?<\/li><li>Welche Durchsetzungsformen zeigen sich im Management?<\/li><li>Wie nehmen Sie Macht an, wie stehen Sie zu ihr?<\/li><li>Wenn Macht verschleiert wird&#8230;<\/li><li>Was ist die \u201cverbotene\u201d Lust an der Macht und was hat Macht mit Angst zu tun?<\/li><li>Wie funktionieren Machtspiele und welche Grundformen des Machtspiels sind im F\u00fchrungsalltag identifizierbar?<\/li><li>Mobbing und Intrigen als besondere Formen des Machtspiels und wie man mit ihnen umgeht<\/li><\/ul>\n\n\n\n<h4 class=\"wp-block-heading\">TERMIN\/ORT<\/h4>\n\n\n\n<p>Auf Anfrage<br>Inhouse<\/p>\n\n\n\n<h4 class=\"wp-block-heading\">IHRE INVESTITION<\/h4>\n\n\n\n<p>Kontaktieren Sie mich. Gern unterbreite ich Ihnen ein pers\u00f6nliches Angebot.<br>Telefon: 04223-925934<br>eMail: schleikentcc@t-online.de<\/p>\n","protected":false},"excerpt":{"rendered":"<p>NAVIGATIONSHILFEN ZWISCHEN OHNMACHT UND ALLMACHT IM F\u00dcHRUNGSALLTAG IHR NUTZEN \u00dcberall im F\u00fchrungsalltag begegnet uns Macht. In jeder zwischenmenschlichen Beziehung schwingt sie mit. Macht l\u00e4sst sich nutzen, aber auch missbrauchen. In diesem Seminar erkunden Sie die Wirkmechanismen der Macht. Sie erarbeiten Ihre pers\u00f6nlichen Werkzeuge zum aktiven und konstruktiven Umgang mit Macht im F\u00fchrungsalltag. \u00dcR WEN? Sie &hellip; <\/p>\n<p class=\"link-more\"><a href=\"http:\/\/thomas-schleiken.com\/?page_id=382\" class=\"more-link\"><span class=\"screen-reader-text\">\u201eEMPOWERMENT &#8211; STRUKTUREN UND SPIELE DER MACHT\u201c<\/span> weiterlesen<\/a><\/p>\n","protected":false},"author":1,"featured_media":0,"parent":0,"menu_order":0,"comment_status":"closed","ping_status":"closed","template":"","meta":{"footnotes":""},"class_list":["post-382","page","type-page","status-publish","hentry"],"_links":{"self":[{"href":"http:\/\/thomas-schleiken.com\/index.php?rest_route=\/wp\/v2\/pages\/382","targetHints":{"allow":["GET"]}}],"collection":[{"href":"http:\/\/thomas-schleiken.com\/index.php?rest_route=\/wp\/v2\/pages"}],"about":[{"href":"http:\/\/thomas-schleiken.com\/index.php?rest_route=\/wp\/v2\/types\/page"}],"author":[{"embeddable":true,"href":"http:\/\/thomas-schleiken.com\/index.php?rest_route=\/wp\/v2\/users\/1"}],"replies":[{"embeddable":true,"href":"http:\/\/thomas-schleiken.com\/index.php?rest_route=%2Fwp%2Fv2%2Fcomments&post=382"}],"version-history":[{"count":2,"href":"http:\/\/thomas-schleiken.com\/index.php?rest_route=\/wp\/v2\/pages\/382\/revisions"}],"predecessor-version":[{"id":561,"href":"http:\/\/thomas-schleiken.com\/index.php?rest_route=\/wp\/v2\/pages\/382\/revisions\/561"}],"wp:attachment":[{"href":"http:\/\/thomas-schleiken.com\/index.php?rest_route=%2Fwp%2Fv2%2Fmedia&parent=382"}],"curies":[{"name":"wp","href":"https:\/\/api.w.org\/{rel}","templated":true}]}}