{"id":575,"date":"2021-01-04T13:51:49","date_gmt":"2021-01-04T13:51:49","guid":{"rendered":"http:\/\/thomas-schleiken.com\/?page_id=575"},"modified":"2021-01-15T13:45:03","modified_gmt":"2021-01-15T13:45:03","slug":"projektmanagement-basics","status":"publish","type":"page","link":"http:\/\/thomas-schleiken.com\/?page_id=575","title":{"rendered":"PROJEKTMANAGEMENT-BASICS"},"content":{"rendered":"\n<h2 class=\"wp-block-heading\">EIN ONLINE-INTENSIVSEMINAR<\/h2>\n\n\n\n<h4 class=\"wp-block-heading\">DEIN NUTZEN<\/h4>\n\n\n\n<p>Im Reigen der Managementans\u00e4tze gibt es wohl kaum einen, der sich seit Jahrzenten so hoher Beliebtheit erfreut, wie das Projektmanagement. Gleichwohl, wie gross die Organisation ist, welcher Branche sie angeh\u00f6rt, ob es sich um eine Profit- oder Nonprofit-Organisation handelt, oder gar einen Betrieb der \u00f6ffentlichen Hand. Projekmanagement scheint \u00fcberall universell einsetzbar und ergiebig zu sein.<br>Was aber macht diesen Managementansatz so erfolgreich? Was sind seine Grundprinzipien, seine grundlegenden Strukturen, seine Kernprozesse? Und wie kann ich sie in meinem Berufsalltag erfolgreich anwenden? Was brauche ich, um Projektmanagement in meiner Organisation nachhaltig zu nutzen?<br>Das grundlegende Know-hof erfolgreich aufzubauen, darum geht es in diesem Seminar. Schritt f\u00fcr Schritt erkundest du die elementaren Ans\u00e4tze und Projektmanagementwerkzeuge f\u00fcr das Gelingen deiner Projekte.<\/p>\n\n\n\n<h4 class=\"wp-block-heading\">F\u00dcR WEN?<\/h4>\n\n\n\n<p>F\u00fcr dich ist Projektmanagement Neuland? Du wirst in K\u00fcrze ein Projekt leiten, beauftragen oder ein tragende Rolle im Projekt \u00fcbernehmen? Oder du hast bereits ein Projekt begonnen? Du willst dir einen hilfreichen \u00dcberblick \u00fcber das Projektmanagement erschliessen? Dann bist du mit diesem Seminar angesprochen.<\/p>\n\n\n\n<h4 class=\"wp-block-heading\">LEITTHEMEN\/LEITFRAGEN<\/h4>\n\n\n\n<ul class=\"wp-block-list\"><li>Was sind die Grundlagen erfolgreichen Projektmanagements?<\/li><li>Wie scheitere ich erfolgreich im Projekt und wie verhindere ich es?<\/li><li>Was sollte ich zum Start beachten und komme ich im Projekt gut in Schwung?<\/li><li>Was ist das wichtigste Werkzeug f\u00fcr dich als Projektmanager?<\/li><li>Wie gehe ich die Aufgabenverteilung gut an?<\/li><li>Wie gestalte ich die Projektplanung und -steuerung wirksam?<\/li><li>Worauf sollte ich beim Projektabschluss achten?<\/li><li>N\u00fctzliche Arbeitshilfen f\u00fcr den Projektalltag<\/li><li>Agilit\u00e4t im Projekt &#8211; was geht und wo sind die Grenzen?<\/li><\/ul>\n\n\n\n<h4 class=\"wp-block-heading\">TERMIN\/ORT<\/h4>\n\n\n\n<p>12.02.21, 10.00 Uhr &#8211; 12.02.21, 16.30 Uhr<br>Online-Seminar<br>F\u00fcr die Teilnahme werden ein internetf\u00e4higes Endger\u00e4t (einschlie\u00dflich Kamera und Mikrofon) und eine Internetverbindung zum Streamen der Veranstaltung ben\u00f6tigt. Das Online-Seminar wird mit der Software Zoom durchgef\u00fchrt. Der Zugangslink wird vor der Veranstaltung per eMail versandt.<\/p>\n\n\n\n<h4 class=\"wp-block-heading\">INVESTITION<\/h4>\n\n\n\n<p>Seminargeb\u00fchr 290,- Euro + 19 % Mehrwertsteuer<br>Enthalten ist die digitale Seminardokumentation sowie die Teilnahmebescheinigung. Beides wird im Nachgang zum Seminar zugestellt.<\/p>\n\n\n\n<h4 class=\"wp-block-heading\">ANMELDEBEDINGUNGEN<\/h4>\n\n\n\n<p>Die Rechnung f\u00fcr die Teilnahme wird nach dem Seminar zugesandt. Die Anmeldung zum Seminar gilt als verbindlich. Bei R\u00fccktritt bis zwei Wochen vor dem Seminar wird eine Stornogeb\u00fchr von 50,- Euro in Rechnung gestellt. Bei sp\u00e4terem R\u00fccktritt ohne Benennung eines jeweiligen Ersatzteilnehmers wird die gesamte Seminargeb\u00fchr in H\u00f6he von 290,- Euro f\u00e4llig. Die genannten Preise verstehen sich zuz\u00fcglich der gesetzlichen Mehrwertsteuer. Im Falle einer zu geringen Teilnehmerzahl behalte ich mir vor, das Seminar sp\u00e4testens f\u00fcnf Werktage vor Seminarstart abzusagen.<\/p>\n\n\n\n<div class=\"wp-block-file\"><a href=\"http:\/\/thomas-schleiken.com\/wp-content\/uploads\/2021\/01\/Flyer_PM_Basics_online_2021_02.pdf\"><em>Flyer zum Download<\/em><\/a><a href=\"http:\/\/thomas-schleiken.com\/wp-content\/uploads\/2021\/01\/Flyer_PM_Basics_online_2021_02.pdf\" class=\"wp-block-file__button\" download>Herunterladen<\/a><\/div>\n\n\n\n<div class=\"wp-block-buttons is-layout-flex wp-block-buttons-is-layout-flex\">\n<div class=\"wp-block-button\"><a class=\"wp-block-button__link\" href=\"mailto:schleikentcc@t-online.de\">Anmeldung per eMail<\/a><\/div>\n<\/div>\n","protected":false},"excerpt":{"rendered":"<p>EIN ONLINE-INTENSIVSEMINAR DEIN NUTZEN Im Reigen der Managementans\u00e4tze gibt es wohl kaum einen, der sich seit Jahrzenten so hoher Beliebtheit erfreut, wie das Projektmanagement. Gleichwohl, wie gross die Organisation ist, welcher Branche sie angeh\u00f6rt, ob es sich um eine Profit- oder Nonprofit-Organisation handelt, oder gar einen Betrieb der \u00f6ffentlichen Hand. Projekmanagement scheint \u00fcberall universell einsetzbar &hellip; <\/p>\n<p class=\"link-more\"><a href=\"http:\/\/thomas-schleiken.com\/?page_id=575\" class=\"more-link\"><span class=\"screen-reader-text\">\u201ePROJEKTMANAGEMENT-BASICS\u201c<\/span> weiterlesen<\/a><\/p>\n","protected":false},"author":1,"featured_media":0,"parent":0,"menu_order":0,"comment_status":"closed","ping_status":"closed","template":"","meta":{"footnotes":""},"class_list":["post-575","page","type-page","status-publish","hentry"],"_links":{"self":[{"href":"http:\/\/thomas-schleiken.com\/index.php?rest_route=\/wp\/v2\/pages\/575","targetHints":{"allow":["GET"]}}],"collection":[{"href":"http:\/\/thomas-schleiken.com\/index.php?rest_route=\/wp\/v2\/pages"}],"about":[{"href":"http:\/\/thomas-schleiken.com\/index.php?rest_route=\/wp\/v2\/types\/page"}],"author":[{"embeddable":true,"href":"http:\/\/thomas-schleiken.com\/index.php?rest_route=\/wp\/v2\/users\/1"}],"replies":[{"embeddable":true,"href":"http:\/\/thomas-schleiken.com\/index.php?rest_route=%2Fwp%2Fv2%2Fcomments&post=575"}],"version-history":[{"count":8,"href":"http:\/\/thomas-schleiken.com\/index.php?rest_route=\/wp\/v2\/pages\/575\/revisions"}],"predecessor-version":[{"id":657,"href":"http:\/\/thomas-schleiken.com\/index.php?rest_route=\/wp\/v2\/pages\/575\/revisions\/657"}],"wp:attachment":[{"href":"http:\/\/thomas-schleiken.com\/index.php?rest_route=%2Fwp%2Fv2%2Fmedia&parent=575"}],"curies":[{"name":"wp","href":"https:\/\/api.w.org\/{rel}","templated":true}]}}