{"id":668,"date":"2021-01-20T10:49:38","date_gmt":"2021-01-20T10:49:38","guid":{"rendered":"http:\/\/thomas-schleiken.com\/?page_id=668"},"modified":"2021-03-02T09:00:04","modified_gmt":"2021-03-02T09:00:04","slug":"mit-guten-kraeften-durch-die-krise","status":"publish","type":"page","link":"http:\/\/thomas-schleiken.com\/?page_id=668","title":{"rendered":"MIT GUTEN KR\u00c4FTEN DURCH DIE KRISE"},"content":{"rendered":"\n<h2 class=\"wp-block-heading\">DEN HERAUSFORDERUNGEN BEGEGNEN &#8211; SICH FINDEN &#8211; SICH ST\u00c4RKEN &#8211; EIN ONLINE-KURS<\/h2>\n\n\n\n<h4 class=\"wp-block-heading\">DEIN NUTZEN<\/h4>\n\n\n\n<p>Diese Krise ist anders. Sie erfasst jeden von uns und jeden anders. Belastungen \u00e4ndern sich und neue kommen hinzu. Der (Berufs-)Lebensalltag fordert uns neu heraus. Betroffen sind wir in beinahe jedem Bereich. Beziehungen zu Kolleginnen und Kollegen, zu Vorgesetzten und Gef\u00fchrten ver\u00e4ndern sich oder leiden gar. Wie in ein Strudel zieht es uns hinein, wie in einem starken Sturm l\u00e4sst es uns driften. Bislang nicht gekannte Hindernisse tauchen auf. Unsicherheiten und \u00c4ngste erfassen uns.<br>Halt finden in diesen Zeiten ist wichtig. Genau hier setzt dieser Online-Kurs an. Er gibt dir den Raum, innezuhalten und Ausschau. Anregungen zu gewinnen und Hilfestellungen f\u00fcr die Herausforderungen, die der (Berufs-)Alltag in der Krise mit sich f\u00fchrt. Im Miteinander der Gruppe und unter Begleitung des erfahrenen Coachs Thomas Schleiken.<\/p>\n\n\n\n<p>Mitten im (Berufs-)Leben f\u00fchlst du dich erfasst von der Krise, irritiert, verunsichert oder gar aus der Bahn geworfen? Du m\u00f6chtest wieder zu dir finden, wieder zur Ruhe kommen und Halt gewinnen? Dann nutze die Kraft dieses Kurses. Du bist herzlich willkommen.<\/p>\n\n\n\n<h4 class=\"wp-block-heading\">TYPISCHE FRAGENBEISPIELE VON TEILNEHMERINNEN UND TEILNEHMERN<\/h4>\n\n\n\n<ul class=\"wp-block-list\"><li>In der Spur bleiben\/In die Spur (zur\u00fcck-)finden &#8211; wie mache ich das?<\/li><li>Wenn der Druck am Arbeitsplatz zunimmt &#8211; was kann ich tun?<\/li><li>Die Motivation schwindet &#8211; und nun?<\/li><li>Arbeit und Privates &#8211; Wie schaffe ich eine gute Balance?<\/li><li>Mehr Homeoffice &#8211; wie kann das gut gehen?<\/li><li>Wenn die Konflikte immer mehr anstrengen, was kann ich dann machen?<\/li><li>Kolleginnen und Kollegen oder Vorgesetzte sind zunehmend gereizt &#8211; was mache ich?<\/li><li>Wie gelingen mir gute Gespr\u00e4che auch in schwierigen Zeiten?<\/li><li>Ich habe manchmal das Gef\u00fchl, all dem nicht gewachsen zu sein, was kann ich tun?<\/li><li>Wie gehe ich mit den Missstimmungen von mir und von anderen um?<\/li><li>Was mache ich bei negativen und abf\u00e4lligen \u00c4usserungen?<\/li><li>Was hilft gegen den Frust und den \u00c4rger?<\/li><li>Wie begegne ich der Ohnmacht?<\/li><li>Was hilft mir, Halt zu finden im Alltag, wieder zu Kr\u00e4ften zu kommen?<\/li><li>Wie beuge ich dem Burnout vor?<\/li><li>Wie kann ich zu Ruhe und Gelassenheit finden?<\/li><li>Wie lautet die goldende Regel?<\/li><\/ul>\n\n\n\n<h4 class=\"wp-block-heading\">TERMIN\/ORT<\/h4>\n\n\n\n<p>11.05.21, 10.00 Uhr \u2013 11.05.21, 16.30 Uhr<br>Online-Seminar<br>F\u00fcr die Teilnahme werden ein internetf\u00e4higes Endger\u00e4t (einschlie\u00dflich Kamera und Mikrofon) und eine Internetverbindung zum Streamen der Veranstaltung ben\u00f6tigt. Das Online-Seminar wird mit der Software Zoom durchgef\u00fchrt. Der Zugangslink wird vor der Veranstaltung per eMail versandt.<\/p>\n\n\n\n<h4 class=\"wp-block-heading\">INVESTITION<\/h4>\n\n\n\n<p>Kursgeb\u00fchr 320,- Euro + 19 % Mehrwertsteuer<br>Enthalten ist die digitale Seminardokumentation sowie die Teilnahmebescheinigung. Beides wird im Nachgang zum Seminar zugestellt.<\/p>\n\n\n\n<h4 class=\"wp-block-heading\">ANMELDEBEDINGUNGEN<\/h4>\n\n\n\n<p>Die Rechnung f\u00fcr die Teilnahme wird nach dem Kurs zugesandt. Die Anmeldung zum Kurs gilt als verbindlich. Bei R\u00fccktritt bis zwei Wochen vor dem Kurs wird eine Stornogeb\u00fchr von 50,- Euro in Rechnung gestellt. Bei sp\u00e4terem R\u00fccktritt ohne Benennung eines jeweiligen Ersatzteilnehmers wird die gesamte Kursgeb\u00fchr in H\u00f6he von 320,- Euro f\u00e4llig. Die genannten Preise verstehen sich zuz\u00fcglich der gesetzlichen Mehrwertsteuer. Im Falle einer zu geringen Teilnehmerzahl behalte ich mir vor, den Kurs sp\u00e4testens f\u00fcnf Werktage vor Kursstart abzusagen.<\/p>\n\n\n\n<div class=\"wp-block-file\"><a href=\"http:\/\/thomas-schleiken.com\/wp-content\/uploads\/2021\/03\/Flyer_mit_guten_Kraeften_durch_die_Krise-21_05.pdf\"><em>Flyer zum kostenlosen Download<\/em><\/a><a href=\"http:\/\/thomas-schleiken.com\/wp-content\/uploads\/2021\/03\/Flyer_mit_guten_Kraeften_durch_die_Krise-21_05.pdf\" class=\"wp-block-file__button\" download>Herunterladen<\/a><\/div>\n\n\n\n<div class=\"wp-block-buttons is-layout-flex wp-block-buttons-is-layout-flex\">\n<div class=\"wp-block-button\"><a class=\"wp-block-button__link\" href=\"mailto:schleikentcc@t-online.e\">Anmeldung per eMail<\/a><\/div>\n<\/div>\n","protected":false},"excerpt":{"rendered":"<p>DEN HERAUSFORDERUNGEN BEGEGNEN &#8211; SICH FINDEN &#8211; SICH ST\u00c4RKEN &#8211; EIN ONLINE-KURS DEIN NUTZEN Diese Krise ist anders. Sie erfasst jeden von uns und jeden anders. Belastungen \u00e4ndern sich und neue kommen hinzu. Der (Berufs-)Lebensalltag fordert uns neu heraus. Betroffen sind wir in beinahe jedem Bereich. Beziehungen zu Kolleginnen und Kollegen, zu Vorgesetzten und Gef\u00fchrten &hellip; <\/p>\n<p class=\"link-more\"><a href=\"http:\/\/thomas-schleiken.com\/?page_id=668\" class=\"more-link\"><span class=\"screen-reader-text\">\u201eMIT GUTEN KR\u00c4FTEN DURCH DIE KRISE\u201c<\/span> weiterlesen<\/a><\/p>\n","protected":false},"author":1,"featured_media":0,"parent":0,"menu_order":0,"comment_status":"closed","ping_status":"closed","template":"","meta":{"footnotes":""},"class_list":["post-668","page","type-page","status-publish","hentry"],"_links":{"self":[{"href":"http:\/\/thomas-schleiken.com\/index.php?rest_route=\/wp\/v2\/pages\/668","targetHints":{"allow":["GET"]}}],"collection":[{"href":"http:\/\/thomas-schleiken.com\/index.php?rest_route=\/wp\/v2\/pages"}],"about":[{"href":"http:\/\/thomas-schleiken.com\/index.php?rest_route=\/wp\/v2\/types\/page"}],"author":[{"embeddable":true,"href":"http:\/\/thomas-schleiken.com\/index.php?rest_route=\/wp\/v2\/users\/1"}],"replies":[{"embeddable":true,"href":"http:\/\/thomas-schleiken.com\/index.php?rest_route=%2Fwp%2Fv2%2Fcomments&post=668"}],"version-history":[{"count":7,"href":"http:\/\/thomas-schleiken.com\/index.php?rest_route=\/wp\/v2\/pages\/668\/revisions"}],"predecessor-version":[{"id":763,"href":"http:\/\/thomas-schleiken.com\/index.php?rest_route=\/wp\/v2\/pages\/668\/revisions\/763"}],"wp:attachment":[{"href":"http:\/\/thomas-schleiken.com\/index.php?rest_route=%2Fwp%2Fv2%2Fmedia&parent=668"}],"curies":[{"name":"wp","href":"https:\/\/api.w.org\/{rel}","templated":true}]}}