{"id":924,"date":"2021-05-21T12:15:42","date_gmt":"2021-05-21T12:15:42","guid":{"rendered":"http:\/\/thomas-schleiken.com\/?page_id=924"},"modified":"2021-07-06T16:25:34","modified_gmt":"2021-07-06T16:25:34","slug":"impuls","status":"publish","type":"page","link":"http:\/\/thomas-schleiken.com\/?page_id=924","title":{"rendered":"IMPULS"},"content":{"rendered":"\n<figure class=\"wp-block-image size-large\"><img loading=\"lazy\" decoding=\"async\" width=\"984\" height=\"311\" src=\"http:\/\/thomas-schleiken.com\/wp-content\/uploads\/2021\/05\/IMPULS-Website.jpg\" alt=\"\" class=\"wp-image-929\" srcset=\"http:\/\/thomas-schleiken.com\/wp-content\/uploads\/2021\/05\/IMPULS-Website.jpg 984w, http:\/\/thomas-schleiken.com\/wp-content\/uploads\/2021\/05\/IMPULS-Website-300x95.jpg 300w, http:\/\/thomas-schleiken.com\/wp-content\/uploads\/2021\/05\/IMPULS-Website-768x243.jpg 768w\" sizes=\"auto, (max-width: 767px) 89vw, (max-width: 1000px) 54vw, (max-width: 1071px) 543px, 580px\" \/><\/figure>\n\n\n\n<p><strong>IMPULS <\/strong>&#8211; Genau in diesem Wortsinn gemeint findest du hier f\u00fcr deinen Alltag und deine pers\u00f6nliche Entwicklung Anreize, Anregungen, Denkanst\u00f6\u00dfe, vielleicht sogar ein wenig Drive, einen kleinen Motivationsschub. In Form eines kleinen Vortrags wenden wir uns je <strong>IMPULS<\/strong> einem Thema zu, scharf umrissen, T\u00fcren \u00f6ffnend, den Blick weitend. Danach lade ich ein, in einen konzentrierten und fokussierten Austausch zu treten. Fragen, Anmerkungen, Dialog &#8211; alles ist m\u00f6glich. Folge deinem <strong>IMPULS<\/strong>!<\/p>\n\n\n\n<div class=\"wp-block-buttons is-layout-flex wp-block-buttons-is-layout-flex\">\n<div class=\"wp-block-button\"><a class=\"wp-block-button__link has-white-color has-luminous-vivid-amber-background-color has-text-color has-background\" href=\"http:\/\/thomas-schleiken.com\/?page_id=1060\">WEGE ZU MEHR MOTIVATION IM TEAM<\/a><\/div>\n<\/div>\n\n\n\n<div class=\"wp-block-buttons is-layout-flex wp-block-buttons-is-layout-flex\">\n<div class=\"wp-block-button\"><a class=\"wp-block-button__link has-white-color has-luminous-vivid-amber-background-color has-text-color has-background\" href=\"http:\/\/thomas-schleiken.com\/?page_id=947\">WIE REDEST DU EIGENTLICH MIT MIR?<\/a><\/div>\n<\/div>\n","protected":false},"excerpt":{"rendered":"<p>IMPULS &#8211; Genau in diesem Wortsinn gemeint findest du hier f\u00fcr deinen Alltag und deine pers\u00f6nliche Entwicklung Anreize, Anregungen, Denkanst\u00f6\u00dfe, vielleicht sogar ein wenig Drive, einen kleinen Motivationsschub. In Form eines kleinen Vortrags wenden wir uns je IMPULS einem Thema zu, scharf umrissen, T\u00fcren \u00f6ffnend, den Blick weitend. Danach lade ich ein, in einen konzentrierten &hellip; <\/p>\n<p class=\"link-more\"><a href=\"http:\/\/thomas-schleiken.com\/?page_id=924\" class=\"more-link\"><span class=\"screen-reader-text\">\u201eIMPULS\u201c<\/span> weiterlesen<\/a><\/p>\n","protected":false},"author":1,"featured_media":0,"parent":0,"menu_order":0,"comment_status":"closed","ping_status":"closed","template":"","meta":{"footnotes":""},"class_list":["post-924","page","type-page","status-publish","hentry"],"_links":{"self":[{"href":"http:\/\/thomas-schleiken.com\/index.php?rest_route=\/wp\/v2\/pages\/924","targetHints":{"allow":["GET"]}}],"collection":[{"href":"http:\/\/thomas-schleiken.com\/index.php?rest_route=\/wp\/v2\/pages"}],"about":[{"href":"http:\/\/thomas-schleiken.com\/index.php?rest_route=\/wp\/v2\/types\/page"}],"author":[{"embeddable":true,"href":"http:\/\/thomas-schleiken.com\/index.php?rest_route=\/wp\/v2\/users\/1"}],"replies":[{"embeddable":true,"href":"http:\/\/thomas-schleiken.com\/index.php?rest_route=%2Fwp%2Fv2%2Fcomments&post=924"}],"version-history":[{"count":11,"href":"http:\/\/thomas-schleiken.com\/index.php?rest_route=\/wp\/v2\/pages\/924\/revisions"}],"predecessor-version":[{"id":1066,"href":"http:\/\/thomas-schleiken.com\/index.php?rest_route=\/wp\/v2\/pages\/924\/revisions\/1066"}],"wp:attachment":[{"href":"http:\/\/thomas-schleiken.com\/index.php?rest_route=%2Fwp%2Fv2%2Fmedia&parent=924"}],"curies":[{"name":"wp","href":"https:\/\/api.w.org\/{rel}","templated":true}]}}