{"id":974,"date":"2021-05-22T14:27:19","date_gmt":"2021-05-22T14:27:19","guid":{"rendered":"http:\/\/thomas-schleiken.com\/?page_id=974"},"modified":"2021-05-22T14:30:21","modified_gmt":"2021-05-22T14:30:21","slug":"kompaktkurs-projektmanagement","status":"publish","type":"page","link":"http:\/\/thomas-schleiken.com\/?page_id=974","title":{"rendered":"KOMPAKTKURS PROJEKTMANAGEMENT"},"content":{"rendered":"\n<figure class=\"wp-block-image size-large\"><img loading=\"lazy\" decoding=\"async\" width=\"984\" height=\"311\" src=\"http:\/\/thomas-schleiken.com\/wp-content\/uploads\/2021\/05\/Kompaktkurs-PM-Logo.jpg\" alt=\"\" class=\"wp-image-976\" srcset=\"http:\/\/thomas-schleiken.com\/wp-content\/uploads\/2021\/05\/Kompaktkurs-PM-Logo.jpg 984w, http:\/\/thomas-schleiken.com\/wp-content\/uploads\/2021\/05\/Kompaktkurs-PM-Logo-300x95.jpg 300w, http:\/\/thomas-schleiken.com\/wp-content\/uploads\/2021\/05\/Kompaktkurs-PM-Logo-768x243.jpg 768w\" sizes=\"auto, (max-width: 767px) 89vw, (max-width: 1000px) 54vw, (max-width: 1071px) 543px, 580px\" \/><\/figure>\n\n\n\n<p>EIN ONLINE-INTENSIVSEMINAR MIT DEN GRUNDLAGEN F\u00dcR DEN VERWALTUNGS-PROJEKTALLTAG<\/p>\n\n\n\n<h4 class=\"wp-block-heading\">DEIN NUTZEN<\/h4>\n\n\n\n<p>F\u00fcr komplxe Vorhaben ist Projektmanagement der Werkzeugkoffer der Wahl. Ganz gleich, ob es um Digitalisierungsvorhaben geht, wie die Einf\u00fchrung der e-Akte, um Bauvorhaben oder Sanierungen, die Entwicklung von Leitkonzepten, um Softwareimplementation oder \u00c4hnliches. Mit Projektmanagement geht man solche Vorhabenscheinbar spielend an.<\/p>\n\n\n\n<p>Wie aber wird Projektmanagement in der Verwaltung tats\u00e4chlich n\u00fctzlich? Was muss man beachten, damit das Scheitern nicht vorprogrammiert ist? Was sind die wichtigsten Grundprinzipien, die grundlegenden Strukturen und Kernprozesse? Wie kann Projektmanagement im Wandel der Kommune oder des Landreises angewendet werden? Was braucht es f\u00fcr den Erfolg?<\/p>\n\n\n\n<p>Mit diesem Seminar eignest du dir das grundlegende Wissen zum Projektmanagement an und verbesserst die Kommunikation mit Projektteams und Dienstleistern durch ein gemeinsames Vokabular. Du wirst in die Lage versetzt die allt\u00e4glichen Herausforderungen in deiner Projektpraxis zu bew\u00e4ltigen.<\/p>\n\n\n\n<h4 class=\"wp-block-heading\">LEITTHEMEN\/LEITFRAGEN<\/h4>\n\n\n\n<ul class=\"wp-block-list\"><li>Was sind die Projektmanagementstandards weltweit?<\/li><li>Projekte, Projektmanagement, Projekterfolg, Projektmanagementerfolg &#8211; n\u00fctzliche Unterscheidungen<\/li><li>Erfolgreich scheitern im Projekt und wie man es verhindert<\/li><li>Was sind die h\u00e4ufigsten Mythen im Projektmanagement?<\/li><li>Agile Standards im Projekt &#8211; M\u00f6glichkeiten und Grenzen<\/li><li>Was ist der Projektplanungszyklus, wie geht Projektdesign?<\/li><li>Wie werden Projekte initiiert? Wie geht Auftragskl\u00e4rung und was braucht es f\u00fcr einen guten Start?<\/li><li>Wie formuliert man Ziele und Anforderungen im Projekt?<\/li><li>Was ist und wie geht Umfeldanalyse und Stakeholdermanagemet?<\/li><li>Wie organisiere ich das Projekt?<\/li><li>Wie geht Teamwork, F\u00fchrung, Motivation und Kommunikation im Projekt und was sind die Stolpersteine?<\/li><li>Wie manage ich mich selbst im Projekt?<\/li><li>Wie kommt man zum Leistungsumfang von Projekten?<\/li><li>Wie definiert man die Lieferobjekte im Projekt?<\/li><li>Wie geht Phasenplanung und wie komme ich zum Projektstrukturplan?<\/li><li>Wie macht man Ablauf- und Terminplanung im Projekt?<\/li><li>Wie geht Ressourcen- und Kostenplanung im Projekt?<\/li><li>Was ist wichtig bez\u00fcglich der Projektfinanzierung?<\/li><li>Wie geht eine Risikoanalyse? Wie geht man mit \u00c4nderungsantr\u00e4gen um? Wie geht Changemanagement im Projekt?<\/li><li>Wie gew\u00e4hrleiste ich Qualit\u00e4t im Projekt<\/li><li>Wie gestalte ich den Projektabschluss<\/li><\/ul>\n\n\n\n<h4 class=\"wp-block-heading\">F\u00dcR WEN?<\/h4>\n\n\n\n<p>Dieses Training richtet sich an alle, die Kenntnisse und F\u00e4higkeiten im Projektmanagement erwerben oder bereits praktisch Erfahrenes vertiefen wollen, um Projekte professionell, effektiv und erfolgreich anzugehen und abzuschlie\u00dfen. Dazu z\u00e4hlen Projektleitungen, Projektmitarbeitende, Linienf\u00fchrungskr\u00e4fte, Sachbearbeitungen und Assistenzen.<\/p>\n\n\n\n<h4 class=\"wp-block-heading\">TERMIN\/ORT<\/h4>\n\n\n\n<p>07.07.21, 10.00 Uhr \u2013 09.07.21, 16.00 Uhr<br>Online-Seminar<br>F\u00fcr die Teilnahme werden ein internetf\u00e4higes Endger\u00e4t (einschlie\u00dflich Kamera und Mikrofon) und eine Internetverbindung zum Streamen der Veranstaltung ben\u00f6tigt. Das Online-Seminar wird mit der Software Zoom durchgef\u00fchrt. Der Zugangslink wird vor der Veranstaltung per eMail versandt.<\/p>\n\n\n\n<h4 class=\"wp-block-heading\">INVESTITION<\/h4>\n\n\n\n<p>Kursgeb\u00fchr 750,- Euro + 19 % Mehrwertsteuer<br>Enthalten ist die digitale Seminardokumentation sowie die Teilnahmebescheinigung. Beides wird im Nachgang zum Seminar zugestellt.<\/p>\n\n\n\n<h4 class=\"wp-block-heading\">HINWEISE\/ANMELDEBEDINGUNG<\/h4>\n\n\n\n<p>Kleingruppenseminar mit maximal 12 Personen.<\/p>\n\n\n\n<p>Die Rechnung f\u00fcr die Teilnahme wird nach dem Kurs zugesandt. Die Anmeldung zum Kurs gilt als verbindlich. Bei R\u00fccktritt bis zwei Wochen vor dem Kurs wird eine Stornogeb\u00fchr von 100,- Euro in Rechnung gestellt. Bei sp\u00e4terem R\u00fccktritt ohne Benennung eines jeweiligen Ersatzteilnehmers wird die gesamte Kursgeb\u00fchr in H\u00f6he von 750,- Euro f\u00e4llig. Die genannten Preise verstehen sich zuz\u00fcglich der gesetzlichen Mehrwertsteuer.<\/p>\n\n\n\n<div class=\"wp-block-file\"><a href=\"http:\/\/thomas-schleiken.com\/wp-content\/uploads\/2021\/05\/Flyer_PM_Kompaktkus_online_Verwaltung_2021_07.pdf\"><em>Flyer zum kostenlosen Download<\/em><\/a><a href=\"http:\/\/thomas-schleiken.com\/wp-content\/uploads\/2021\/05\/Flyer_PM_Kompaktkus_online_Verwaltung_2021_07.pdf\" class=\"wp-block-file__button\" download>Herunterladen<\/a><\/div>\n\n\n\n<div class=\"wp-block-buttons is-layout-flex wp-block-buttons-is-layout-flex\">\n<div class=\"wp-block-button\"><a class=\"wp-block-button__link\" href=\"mailto:schleikentcc@t-online.de\">Anmeldung per eMail<\/a><\/div>\n<\/div>\n","protected":false},"excerpt":{"rendered":"<p>EIN ONLINE-INTENSIVSEMINAR MIT DEN GRUNDLAGEN F\u00dcR DEN VERWALTUNGS-PROJEKTALLTAG DEIN NUTZEN F\u00fcr komplxe Vorhaben ist Projektmanagement der Werkzeugkoffer der Wahl. Ganz gleich, ob es um Digitalisierungsvorhaben geht, wie die Einf\u00fchrung der e-Akte, um Bauvorhaben oder Sanierungen, die Entwicklung von Leitkonzepten, um Softwareimplementation oder \u00c4hnliches. Mit Projektmanagement geht man solche Vorhabenscheinbar spielend an. Wie aber wird Projektmanagement &hellip; <\/p>\n<p class=\"link-more\"><a href=\"http:\/\/thomas-schleiken.com\/?page_id=974\" class=\"more-link\"><span class=\"screen-reader-text\">\u201eKOMPAKTKURS PROJEKTMANAGEMENT\u201c<\/span> weiterlesen<\/a><\/p>\n","protected":false},"author":1,"featured_media":0,"parent":0,"menu_order":0,"comment_status":"closed","ping_status":"closed","template":"","meta":{"footnotes":""},"class_list":["post-974","page","type-page","status-publish","hentry"],"_links":{"self":[{"href":"http:\/\/thomas-schleiken.com\/index.php?rest_route=\/wp\/v2\/pages\/974","targetHints":{"allow":["GET"]}}],"collection":[{"href":"http:\/\/thomas-schleiken.com\/index.php?rest_route=\/wp\/v2\/pages"}],"about":[{"href":"http:\/\/thomas-schleiken.com\/index.php?rest_route=\/wp\/v2\/types\/page"}],"author":[{"embeddable":true,"href":"http:\/\/thomas-schleiken.com\/index.php?rest_route=\/wp\/v2\/users\/1"}],"replies":[{"embeddable":true,"href":"http:\/\/thomas-schleiken.com\/index.php?rest_route=%2Fwp%2Fv2%2Fcomments&post=974"}],"version-history":[{"count":3,"href":"http:\/\/thomas-schleiken.com\/index.php?rest_route=\/wp\/v2\/pages\/974\/revisions"}],"predecessor-version":[{"id":979,"href":"http:\/\/thomas-schleiken.com\/index.php?rest_route=\/wp\/v2\/pages\/974\/revisions\/979"}],"wp:attachment":[{"href":"http:\/\/thomas-schleiken.com\/index.php?rest_route=%2Fwp%2Fv2%2Fmedia&parent=974"}],"curies":[{"name":"wp","href":"https:\/\/api.w.org\/{rel}","templated":true}]}}